{"id":387,"date":"2020-04-23T19:24:24","date_gmt":"2020-04-23T17:24:24","guid":{"rendered":"http:\/\/10.0.0.17\/wordpress\/produit\/tagvic-56gel-2\/"},"modified":"2024-09-21T16:42:50","modified_gmt":"2024-09-21T14:42:50","slug":"tagvic-56gel-2","status":"publish","type":"product","link":"https:\/\/healthstore.mc\/index.php\/product\/tagvic-56gel-2\/","title":{"rendered":"TagviC 56gel"},"content":{"rendered":"<p><strong>TagviC\u2122<\/strong>\u00a0est une solution de derni\u00e8re g\u00e9n\u00e9ration, \u00e9labor\u00e9e par les\u00a0<strong>Laboratoires NHCO Nutrition<sup>\u00ae<\/sup><\/strong>. Elle contient des actifs stimulant les m\u00e9tabolismes \u00e9nerg\u00e9tiques de l\u2019organisme, contribuant ainsi \u00e0 un effet dynamisant.<\/p>\n<p>Sp\u00e9cialistes des acides amin\u00e9s, les\u00a0<strong>Laboratoires NHCO Nutrition\u00ae<\/strong>\u00a0utilisent\u00a0<strong>l\u2019Aminoscience\u00ae<\/strong>\u00a0: synergie de plantes, vitamines et min\u00e9raux, en association avec les acides amin\u00e9s intervenant dans les m\u00e9tabolismes naturels de l\u2019organisme. Ainsi, c\u2019est au coeur des cellules qu\u2019agissent les substances de\u00a0<strong>Tagvic\u2122<\/strong>.<br \/>\n<img loading=\"lazy\" decoding=\"async\" title=\"\" src=\"http:\/\/www.nhco-nutrition.com\/images\/carre02_orange.gif\" alt=\"\" width=\"18\" height=\"10\" \/>Le\u00a0<strong>complexe Tag 540<\/strong>\u00a0contient notamment un extrait de guarana qui contribue \u00e0 la vitalit\u00e9 de l\u2019organisme en r\u00e9duisant la fatigue mentale et en stimulant la vigilance.<br \/>\n<img loading=\"lazy\" decoding=\"async\" title=\"\" src=\"http:\/\/www.nhco-nutrition.com\/images\/carre02_orange.gif\" alt=\"\" width=\"18\" height=\"10\" \/>Le\u00a0<strong>complexe G2MC<\/strong>\u00a0est \u00e0 base d\u2019acides amin\u00e9s L-Citrulline et L-Glutamine et de ginseng. Ce dernier participe au soutien de l\u2019organisme dans des situations de baisse d\u2019\u00e9nergie.<br \/>\n<img loading=\"lazy\" decoding=\"async\" title=\"\" src=\"http:\/\/www.nhco-nutrition.com\/images\/carre02_orange.gif\" alt=\"\" width=\"18\" height=\"10\" \/>Les vitamines C, B6 et le Magn\u00e9sium aident \u00e0 r\u00e9duire la fatigue et l\u2019asth\u00e9nie et soutiennent les fonctions psychologiques normales.<\/p>\n<table border=\"0\" width=\"100%\" cellspacing=\"0\" cellpadding=\"10\">\n<tbody>\n<tr>\n<td bgcolor=\"#fedec5\" width=\"60%\"><strong>Conseils d\u2019utilisation<\/strong><\/td>\n<td bgcolor=\"#fbece0\" width=\"20%\">Matin<\/td>\n<td bgcolor=\"#fedec5\" width=\"20%\">Midi<\/td>\n<\/tr>\n<tr>\n<td bgcolor=\"#fedec5\" width=\"60%\">Phase d\u2019attaque la 1re semaine<\/td>\n<td bgcolor=\"#fbece0\" width=\"20%\"><strong>2 g\u00e9lules<\/strong><\/td>\n<td bgcolor=\"#fedec5\" width=\"20%\"><strong>2 g\u00e9lules<\/strong><\/td>\n<\/tr>\n<tr>\n<td bgcolor=\"#fedec5\">Phase de suivi les 2 autres semaines<\/td>\n<td bgcolor=\"#fbece0\"><strong>2 g\u00e9lules<\/strong><\/td>\n<td bgcolor=\"#fedec5\"><\/td>\n<\/tr>\n<\/tbody>\n<\/table>\n<table border=\"0\" width=\"100%\" cellspacing=\"0\" cellpadding=\"10\">\n<tbody>\n<tr>\n<td bgcolor=\"#f4792a\">3 semaines<\/td>\n<\/tr>\n<\/tbody>\n<\/table>\n<h5>Contient de la caf\u00e9ine, d\u00e9conseill\u00e9 aux enfants et aux femmes enceintes ou allaitantes (41 mg pour 4 g\u00e9lules).<\/h5>\n<h5>Ce compl\u00e9ment alimentaire n\u2019est pas un m\u00e9dicament. Il est recommand\u00e9 de respecter la dose journali\u00e8re indiqu\u00e9e, de le consommer dans le cadre d\u2019une alimentation vari\u00e9e et \u00e9quilibr\u00e9e et d\u2019un mode de vie sain et de le tenir hors de port\u00e9e des jeunes enfants. R\u00e9serv\u00e9 \u00e0 l\u2019adulte. Les personnes sous traitement m\u00e9dical doivent demander conseil \u00e0 leur m\u00e9decin traitant.<\/h5>\n<h5>\u00c0 consommer de pr\u00e9f\u00e9rence avant la date indiqu\u00e9e sous l\u2019\u00e9tui. Bien refermer apr\u00e8s ouverture. \u00c0 conserver dans un endroit sec et frais.<\/h5>\n<table border=\"0\" width=\"100%\" cellspacing=\"0\" cellpadding=\"10\">\n<tbody>\n<tr>\n<td bgcolor=\"#fedec5\" width=\"60%\"><strong>Conseils d\u2019utilisation<\/strong><\/td>\n<td bgcolor=\"#fbece0\" width=\"20%\">Matin<\/td>\n<td bgcolor=\"#fedec5\" width=\"20%\">Midi<\/td>\n<\/tr>\n<tr>\n<td bgcolor=\"#fedec5\" width=\"60%\">Phase d\u2019attaque la 1re semaine<\/td>\n<td bgcolor=\"#fbece0\" width=\"20%\"><strong>2 g\u00e9lules<\/strong><\/td>\n<td bgcolor=\"#fedec5\" width=\"20%\"><strong>2 g\u00e9lules<\/strong><\/td>\n<\/tr>\n<tr>\n<td bgcolor=\"#fedec5\">Phase de suivi les 2 autres semaines<\/td>\n<td bgcolor=\"#fbece0\"><strong>2 g\u00e9lules<\/strong><\/td>\n<td bgcolor=\"#fedec5\"><\/td>\n<\/tr>\n<\/tbody>\n<\/table>\n<table border=\"0\" width=\"100%\" cellspacing=\"0\" cellpadding=\"10\">\n<tbody>\n<tr>\n<td bgcolor=\"#f4792a\">3 semaines<\/td>\n<\/tr>\n<\/tbody>\n<\/table>\n<h5>Contient de la caf\u00e9ine, d\u00e9conseill\u00e9 aux enfants et aux femmes enceintes ou allaitantes (41 mg pour 4 g\u00e9lules).<\/h5>\n<h5>Ce compl\u00e9ment alimentaire n\u2019est pas un m\u00e9dicament. Il est recommand\u00e9 de respecter la dose journali\u00e8re indiqu\u00e9e, de le consommer dans le cadre d\u2019une alimentation vari\u00e9e et \u00e9quilibr\u00e9e et d\u2019un mode de vie sain et de le tenir hors de port\u00e9e des jeunes enfants. R\u00e9serv\u00e9 \u00e0 l\u2019adulte. Les personnes sous traitement m\u00e9dical doivent demander conseil \u00e0 leur m\u00e9decin traitant.<\/h5>\n<h5>\u00c0 consommer de pr\u00e9f\u00e9rence avant la date indiqu\u00e9e sous l\u2019\u00e9tui. Bien refermer apr\u00e8s ouverture. \u00c0 conserver dans un endroit sec et frais.<\/h5>\n","protected":false},"excerpt":{"rendered":"<table border=\"0\" cellspacing=\"0\" cellpadding=\"0\">\n<tbody>\n<tr>\n<td valign=\"top\">\n<h1><strong>TagviC\u2122<\/strong><\/h1>\n<\/td>\n<\/tr>\n<tr>\n<td valign=\"top\" height=\"40\">\n<h5>TAG 540 \u2013 G2MC \u2013 Vitamines CB6<\/h5>\n<\/td>\n<\/tr>\n<\/tbody>\n<\/table>\n<h3><strong>Stimulant dynamisant<\/strong><\/h3>\n<p><img loading=\"lazy\" decoding=\"async\" title=\"\" src=\"http:\/\/www.nhco-nutrition.com\/images\/carre02_orange.gif\" alt=\"\" width=\"18\" height=\"10\" \/>R\u00e9unit 10 actifs, notamment de la L-Glutamine, de la L-Citrulline, du ginseng qui\u00a0<strong>soutient l\u2019organisme en cas de baisse d\u2019\u00e9nergie<\/strong>, des vitamines C et B6 et du Magn\u00e9sium qui\u00a0<strong>aident \u00e0 r\u00e9duire la fatigue<\/strong>\u00a0ainsi que de la graine de guarana\u00a0<strong>contribuant \u00e0 la vitalit\u00e9<\/strong>.<\/p>\n<p><strong>56 g\u00e9lules GreenCaps\u2122 \u2013 3 semaines<\/strong><\/p>\n","protected":false},"featured_media":2268,"comment_status":"open","ping_status":"closed","template":"","meta":[],"product_brand":[],"product_cat":[23],"product_tag":[],"class_list":{"0":"post-387","1":"product","2":"type-product","3":"status-publish","4":"has-post-thumbnail","6":"product_cat-23","7":"entry","9":"first","10":"instock","11":"taxable","12":"shipping-taxable","13":"purchasable","14":"product-type-simple"},"jetpack_sharing_enabled":true,"_links":{"self":[{"href":"https:\/\/healthstore.mc\/index.php\/wp-json\/wp\/v2\/product\/387","targetHints":{"allow":["GET"]}}],"collection":[{"href":"https:\/\/healthstore.mc\/index.php\/wp-json\/wp\/v2\/product"}],"about":[{"href":"https:\/\/healthstore.mc\/index.php\/wp-json\/wp\/v2\/types\/product"}],"replies":[{"embeddable":true,"href":"https:\/\/healthstore.mc\/index.php\/wp-json\/wp\/v2\/comments?post=387"}],"wp:featuredmedia":[{"embeddable":true,"href":"https:\/\/healthstore.mc\/index.php\/wp-json\/wp\/v2\/media\/2268"}],"wp:attachment":[{"href":"https:\/\/healthstore.mc\/index.php\/wp-json\/wp\/v2\/media?parent=387"}],"wp:term":[{"taxonomy":"product_brand","embeddable":true,"href":"https:\/\/healthstore.mc\/index.php\/wp-json\/wp\/v2\/product_brand?post=387"},{"taxonomy":"product_cat","embeddable":true,"href":"https:\/\/healthstore.mc\/index.php\/wp-json\/wp\/v2\/product_cat?post=387"},{"taxonomy":"product_tag","embeddable":true,"href":"https:\/\/healthstore.mc\/index.php\/wp-json\/wp\/v2\/product_tag?post=387"}],"curies":[{"name":"wp","href":"https:\/\/api.w.org\/{rel}","templated":true}]}}