{"id":388,"date":"2020-04-23T19:24:29","date_gmt":"2020-04-23T17:24:29","guid":{"rendered":"http:\/\/10.0.0.17\/wordpress\/produit\/orthosamine-42gel-2\/"},"modified":"2024-09-21T16:42:51","modified_gmt":"2024-09-21T14:42:51","slug":"orthosamine-42gel-2","status":"publish","type":"product","link":"https:\/\/healthstore.mc\/index.php\/product\/orthosamine-42gel-2\/","title":{"rendered":"Orthosamine 42gel"},"content":{"rendered":"<p>Certains nutriments essentiels, dont les vitamines, min\u00e9raux, acides amin\u00e9s et antioxydants, sont indispensables au bon fonctionnement de l\u2019organisme. Ils sont dits essentiels car notre organisme ne peut les fabriquer et ils doivent obligatoirement \u00eatre apport\u00e9s par l\u2019alimentation.<br \/>\nDe nos jours, les modes de vie rendent parfois difficile une alimentation \u00e9quilibr\u00e9e, en ad\u00e9quation avec les besoins de l\u2019organisme.<\/p>\n<p>Pour formuler\u00a0<strong>Orthosamine\u2122<\/strong>, la recherche\u00a0<strong>NHCO Nutrition\u00ae<\/strong>\u00a0a cr\u00e9\u00e9 un complexe nutritionnel derni\u00e8re g\u00e9n\u00e9ration, le\u00a0<strong>Natural Orthomolecular System\u2122<\/strong>, inspir\u00e9 de la science orthomol\u00e9culaire.<\/p>\n<p><em><strong>Un apport alimentaire \u00e9quilibr\u00e9 en vitamines, min\u00e9raux et acides amin\u00e9s essentiels est indispensable au bien-\u00eatre et au maintien en bonne sant\u00e9.<\/strong><\/em><\/p>\n<p>Les\u00a0<strong>Laboratoires NHCO Nutrition\u00ae<\/strong>\u00a0proposent une formule contenant des vitamines de sources naturelles, min\u00e9raux ch\u00e9lat\u00e9s (mieux assimil\u00e9s que d\u2019autres formes de min\u00e9raux) et acides amin\u00e9s essentiels, sous forme libre.<br \/>\nAssoci\u00e9s \u00e0 ces nutriments, des extraits v\u00e9g\u00e9taux ont \u00e9t\u00e9 s\u00e9lectionn\u00e9s pour leurs valeurs nutritives : Goji, Grenade, Ac\u00e9rola et Quinoa.<\/p>\n<table border=\"0\" width=\"100%\" cellspacing=\"0\" cellpadding=\"10\">\n<tbody>\n<tr>\n<td bgcolor=\"#facdbb\" width=\"60%\"><strong>Conseils d\u2019utilisation : 1 g\u00e9lule\/jour entre les repas<\/strong><\/td>\n<\/tr>\n<\/tbody>\n<\/table>\n<table border=\"0\" width=\"100%\" cellspacing=\"0\" cellpadding=\"10\">\n<tbody>\n<tr>\n<td bgcolor=\"#e51b24\">Programme de 6 semaines<br \/>\n\u00c0 renouveler en fonction des besoins<\/td>\n<\/tr>\n<\/tbody>\n<\/table>\n<h5><\/h5>\n<h5>Ce compl\u00e9ment alimentaire n\u2019est pas un m\u00e9dicament. Il est recommand\u00e9 de respecter la dose journali\u00e8re indiqu\u00e9e, de le consommer dans le cadre d\u2019une alimentation vari\u00e9e et \u00e9quilibr\u00e9e et d\u2019un mode de vie sain, de le tenir hors de port\u00e9e des jeunes enfants. R\u00e9serv\u00e9 \u00e0 l\u2019adulte. Les personnes sous contr\u00f4le m\u00e9dical doivent demander conseil \u00e0 leur m\u00e9decin.<\/h5>\n<h5>Bien refermer apr\u00e8s ouverture. \u00c0 conserver dans un endroit sec et frais.<\/h5>\n<p><strong>Compl\u00e9ment alimentaire<\/strong><br \/>\n<strong>Ingr\u00e9dients :\u00a0<\/strong>Panmol B-Complex\u00ae (extrait de quinoa source de vitamines B naturelles), thalle de\u00a0<em>Lithothamnium calcareum<\/em>, extrait d\u2019ac\u00e9rola\u00a0<em>(Malpighia glabra)<\/em>\u00a0standardis\u00e9 \u00e0 50% avec de la vitamine C naturelle, agent de charge : cellulose microcristalline, Zinc (sous forme de bisglycinate) maltodextrine, extrait de grenade\u00a0<em>(Punica granatum)<\/em>, extrait de baie de goji\u00a0<em>(Lycium babarum)<\/em>\u00a0standardis\u00e9 \u00e0 25% avec de la vitamine C naturelle, L-Leucine, L-Valine, vitamine B3 (nicotinamide), chlorhydrate de L-Lysine, anti-agglom\u00e9rant : st\u00e9arate de magn\u00e9sium v\u00e9g\u00e9tal, L-Ph\u00e9nylalanine, LIsoleucine, vitamine E naturelle (succinate acide de D-alpha-tocoph\u00e9rol), Fer (sous forme de bisglycinate), S\u00e9l\u00e9nium (sous forme de s\u00e9l\u00e9nom\u00e9thionine), L-Thr\u00e9onine, L-M\u00e9thionine, Mangan\u00e8se (sous forme de bisglycinate), vitamine B5 (D-panthoth\u00e9nate de calcium), L-Histidine, L-Tryptophane, vitamine B8 (biotine), vitamine D3 (chol\u00e9calcif\u00e9rol), vitamine B12 (cyanocobalamine), Cuivre (sous forme de bisglycinate), vitamine B6 (chlorhydrate de pyridoxine), vitamine B2 (riboflavine), vitamine B1 (chlorhydrate de thiamine), Chrome (sous forme de picolinate), vitamine B9 (acide folique). G\u00e9lule : hydroxypropylm\u00e9thylcellulose, colorant : complexes cuivriques de chlorophyllines.<\/p>\n<p><strong>G\u00e9lules v\u00e9g\u00e9tales vertes GreenCaps\u2122<\/strong><\/p>\n<table border=\"0\" width=\"100%\" cellspacing=\"0\" cellpadding=\"10\">\n<tbody>\n<tr>\n<td bgcolor=\"#666666\"><strong>Composition moyenne pour 1 g\u00e9lule\/jour<\/strong><\/td>\n<\/tr>\n<\/tbody>\n<\/table>\n<table border=\"0\" width=\"100%\" cellspacing=\"0\" cellpadding=\"10\">\n<tbody>\n<tr>\n<td align=\"left\" bgcolor=\"#a2a2a2\" width=\"60\">Ingr\u00e9dients<\/td>\n<td align=\"right\" bgcolor=\"#a2a2a2\" width=\"20%\">Dosage<\/td>\n<td align=\"right\" bgcolor=\"#a2a2a2\" width=\"20%\">VNR*<\/td>\n<\/tr>\n<\/tbody>\n<\/table>\n<table border=\"0\" width=\"100%\" cellspacing=\"0\" cellpadding=\"10\">\n<tbody>\n<tr>\n<td bgcolor=\"#a2a2a2\"><strong>Acides amin\u00e9s essentiels<\/strong><\/td>\n<\/tr>\n<tr>\n<td bgcolor=\"#cccccc\">\n<h5>L-Leucine 18,8 mg, L-Valine 15,4 mg, L-Lysine 11,3 mg, L-Ph\u00e9nylalanine 13,2 mg, L-Isoleucine 12,7 mg, L-Thr\u00e9onine 9,8 mg, L-M\u00e9thionine 8,0 mg, L-Histidine 4,9 mg, L-Tryptophane 3,1 mg<\/h5>\n<\/td>\n<\/tr>\n<\/tbody>\n<\/table>\n<table border=\"0\" width=\"100%\" cellspacing=\"0\" cellpadding=\"10\">\n<tbody>\n<tr>\n<td align=\"left\" bgcolor=\"#a2a2a2\" width=\"60\"><strong>Vitamines<\/strong><\/td>\n<td align=\"right\" bgcolor=\"#a2a2a2\" width=\"20%\"><\/td>\n<td align=\"right\" bgcolor=\"#a2a2a2\" width=\"20%\"><\/td>\n<\/tr>\n<tr>\n<td align=\"left\" bgcolor=\"#f1efee\">\n<h5>Extrait de quinoa, source de vitamines B naturelles<\/h5>\n<\/td>\n<td align=\"right\" bgcolor=\"#f1efee\">\n<h5>150 mg<\/h5>\n<\/td>\n<td align=\"right\" bgcolor=\"#f1efee\"><\/td>\n<\/tr>\n<tr>\n<td align=\"left\" bgcolor=\"#cccccc\">\n<h5>Vitamine B1<\/h5>\n<\/td>\n<td align=\"right\" bgcolor=\"#cccccc\">\n<h5>1,1 mg<\/h5>\n<\/td>\n<td align=\"right\" bgcolor=\"#cccccc\">\n<h5>100 %<\/h5>\n<\/td>\n<\/tr>\n<tr>\n<td align=\"left\" bgcolor=\"#f1efee\">\n<h5>Vitamine B2<\/h5>\n<\/td>\n<td align=\"right\" bgcolor=\"#f1efee\">\n<h5>1,4 mg<\/h5>\n<\/td>\n<td align=\"right\" bgcolor=\"#f1efee\">\n<h5>100 %<\/h5>\n<\/td>\n<\/tr>\n<tr>\n<td align=\"left\" bgcolor=\"#cccccc\">\n<h5>Vitamine B3<\/h5>\n<\/td>\n<td align=\"right\" bgcolor=\"#cccccc\">\n<h5>16 mg<\/h5>\n<\/td>\n<td align=\"right\" bgcolor=\"#cccccc\">\n<h5>100 %<\/h5>\n<\/td>\n<\/tr>\n<tr>\n<td align=\"left\" bgcolor=\"#f1efee\">\n<h5>Vitamine B5<\/h5>\n<\/td>\n<td align=\"right\" bgcolor=\"#f1efee\">\n<h5>6 mg<\/h5>\n<\/td>\n<td align=\"right\" bgcolor=\"#f1efee\">\n<h5>100 %<\/h5>\n<\/td>\n<\/tr>\n<tr>\n<td align=\"left\" bgcolor=\"#cccccc\">\n<h5>Vitamine B6<\/h5>\n<\/td>\n<td align=\"right\" bgcolor=\"#cccccc\">\n<h5>1,55 mg<\/h5>\n<\/td>\n<td align=\"right\" bgcolor=\"#cccccc\">\n<h5>110 %<\/h5>\n<\/td>\n<\/tr>\n<tr>\n<td align=\"left\" bgcolor=\"#f1efee\">\n<h5>Vitamine B8<\/h5>\n<\/td>\n<td align=\"right\" bgcolor=\"#f1efee\">\n<h5>50 \u03bcg<\/h5>\n<\/td>\n<td align=\"right\" bgcolor=\"#f1efee\">\n<h5>100 %<\/h5>\n<\/td>\n<\/tr>\n<tr>\n<td align=\"left\" bgcolor=\"#cccccc\">\n<h5>Vitamine B9<\/h5>\n<\/td>\n<td align=\"right\" bgcolor=\"#cccccc\">\n<h5>200 \u03bcg<\/h5>\n<\/td>\n<td align=\"right\" bgcolor=\"#cccccc\">\n<h5>100 %<\/h5>\n<\/td>\n<\/tr>\n<tr>\n<td align=\"left\" bgcolor=\"#f1efee\">\n<h5>Vitamine B12<\/h5>\n<\/td>\n<td align=\"right\" bgcolor=\"#f1efee\">\n<h5>2,5 \u03bcg<\/h5>\n<\/td>\n<td align=\"right\" bgcolor=\"#f1efee\">\n<h5>100 %<\/h5>\n<\/td>\n<\/tr>\n<tr>\n<td align=\"left\" bgcolor=\"#cccccc\">\n<h5>Extrait d\u2019ac\u00e9rola 70 mg, source de vitamine C naturelle<\/h5>\n<\/td>\n<td align=\"right\" bgcolor=\"#cccccc\">\n<h5>36 mg<\/h5>\n<\/td>\n<td align=\"right\" bgcolor=\"#cccccc\">\n<h5>45 %<\/h5>\n<\/td>\n<\/tr>\n<tr>\n<td align=\"left\" bgcolor=\"#f1efee\">\n<h5>Vitamine D3 naturelle<\/h5>\n<\/td>\n<td align=\"right\" bgcolor=\"#f1efee\">\n<h5>4,5 \u03bcg<\/h5>\n<\/td>\n<td align=\"right\" bgcolor=\"#f1efee\">\n<h5>90 %<\/h5>\n<\/td>\n<\/tr>\n<tr>\n<td align=\"left\" bgcolor=\"#cccccc\">\n<h5>Vitamine E naturelle<\/h5>\n<\/td>\n<td align=\"right\" bgcolor=\"#cccccc\">\n<h5>7,2 mg<\/h5>\n<\/td>\n<td align=\"right\" bgcolor=\"#cccccc\">\n<h5>60 %<\/h5>\n<\/td>\n<\/tr>\n<\/tbody>\n<\/table>\n<table border=\"0\" width=\"100%\" cellspacing=\"0\" cellpadding=\"10\">\n<tbody>\n<tr>\n<td align=\"left\" bgcolor=\"#a2a2a2\" width=\"60\"><strong>Min\u00e9raux amino-ch\u00e9lat\u00e9s \u00ae\u00a0<\/strong><\/td>\n<td align=\"right\" bgcolor=\"#a2a2a2\" width=\"20%\"><\/td>\n<td align=\"right\" bgcolor=\"#a2a2a2\" width=\"20%\"><\/td>\n<\/tr>\n<tr>\n<td align=\"left\" bgcolor=\"#cccccc\" width=\"60\">\n<h5>Zinc (sous forme de bisglycinate)<\/h5>\n<\/td>\n<td align=\"right\" bgcolor=\"#cccccc\" width=\"20%\">\n<h5>10 mg<\/h5>\n<\/td>\n<td align=\"right\" bgcolor=\"#cccccc\">\n<h5>100 %<\/h5>\n<\/td>\n<\/tr>\n<tr>\n<td align=\"left\" bgcolor=\"#f1efee\">\n<h5>Fer (sous forme de bisglycinate)<\/h5>\n<\/td>\n<td align=\"right\" bgcolor=\"#f1efee\">\n<h5>2,1 mg<\/h5>\n<\/td>\n<td align=\"right\" bgcolor=\"#f1efee\">\n<h5>15 %<\/h5>\n<\/td>\n<\/tr>\n<tr>\n<td align=\"left\" bgcolor=\"#cccccc\">\n<h5>Mangan\u00e8se (sous forme de bisglycinate)<\/h5>\n<\/td>\n<td align=\"right\" bgcolor=\"#cccccc\">\n<h5>1 mg<\/h5>\n<\/td>\n<td align=\"right\" bgcolor=\"#cccccc\">\n<h5>50 %<\/h5>\n<\/td>\n<\/tr>\n<tr>\n<td align=\"left\" bgcolor=\"#f1efee\">\n<h5>Cuivre (sous forme de bisglycinate)<\/h5>\n<\/td>\n<td align=\"right\" bgcolor=\"#f1efee\">\n<h5>0,2 mg<\/h5>\n<\/td>\n<td align=\"right\" bgcolor=\"#f1efee\">\n<h5>20 %<\/h5>\n<\/td>\n<\/tr>\n<tr>\n<td align=\"left\" bgcolor=\"#cccccc\">\n<h5>S\u00e9l\u00e9nium (sous forme de s\u00e9l\u00e9nom\u00e9thionine)<\/h5>\n<\/td>\n<td align=\"right\" bgcolor=\"#cccccc\">\n<h5>50 \u03bcg<\/h5>\n<\/td>\n<td align=\"right\" bgcolor=\"#cccccc\">\n<h5>91 %<\/h5>\n<\/td>\n<\/tr>\n<tr>\n<td align=\"left\" bgcolor=\"#f1efee\">\n<h5>Chrome (sous forme de picolinate)<\/h5>\n<\/td>\n<td align=\"right\" bgcolor=\"#f1efee\">\n<h5>25 \u03bcg<\/h5>\n<\/td>\n<td align=\"right\" bgcolor=\"#f1efee\">\n<h5>62 %<\/h5>\n<\/td>\n<\/tr>\n<\/tbody>\n<\/table>\n<table border=\"0\" width=\"100%\" cellspacing=\"0\" cellpadding=\"10\">\n<tbody>\n<tr>\n<td align=\"left\" bgcolor=\"#a2a2a2\" width=\"60\"><strong>V\u00e9g\u00e9taux<\/strong><\/td>\n<td align=\"right\" bgcolor=\"#a2a2a2\" width=\"20%\"><\/td>\n<td align=\"right\" bgcolor=\"#a2a2a2\" width=\"20%\"><\/td>\n<\/tr>\n<tr>\n<td align=\"left\" bgcolor=\"#cccccc\" width=\"60\">\n<h5>Lithothamne\u00a0<em>(Lithothamnium calcareous)<\/em><\/h5>\n<\/td>\n<td align=\"right\" bgcolor=\"#cccccc\" width=\"20%\">\n<h5>100 mg<\/h5>\n<\/td>\n<td align=\"right\" bgcolor=\"#cccccc\"><\/td>\n<\/tr>\n<tr>\n<td align=\"left\" bgcolor=\"#f1efee\">\n<h5>Extrait de goji\u00a0<em>(Lycium barbarum)<\/em><\/h5>\n<\/td>\n<td align=\"right\" bgcolor=\"#f1efee\">\n<h5>30 mg<\/h5>\n<\/td>\n<td align=\"right\" bgcolor=\"#f1efee\"><\/td>\n<\/tr>\n<tr>\n<td align=\"left\" bgcolor=\"#cccccc\">\n<h5>Extrait de grenade\u00a0<em>(Punica granatum)<\/em><\/h5>\n<\/td>\n<td align=\"right\" bgcolor=\"#cccccc\">\n<h5>30 mg<\/h5>\n<\/td>\n<td align=\"right\" bgcolor=\"#cccccc\"><\/td>\n<\/tr>\n<\/tbody>\n<\/table>\n<h5><em>* Valeurs Nutritionnelles de R\u00e9f\u00e9rence.<\/em><\/h5>\n<p>&nbsp;<\/p>\n<p>Poids net : 34 g. \u2013 Code ACL : 3401599290976<\/p>\n","protected":false},"excerpt":{"rendered":"<table border=\"0\" cellspacing=\"0\" cellpadding=\"0\">\n<tbody>\n<tr>\n<td valign=\"top\">\n<h1><strong>Orthosamine\u2122<\/strong><\/h1>\n<\/td>\n<\/tr>\n<tr>\n<td valign=\"top\" height=\"40\">\n<h5>Natural Orthomolecular System\u2122<\/h5>\n<\/td>\n<\/tr>\n<\/tbody>\n<\/table>\n<h3><strong>Acides amin\u00e9s, Vitamines, Min\u00e9raux<\/strong><\/h3>\n<p>Contribue \u00e0 l\u2019\u00e9quilibre nutritionnel<\/p>\n<table border=\"0\" cellspacing=\"0\" cellpadding=\"0\">\n<tbody>\n<tr>\n<td valign=\"top\" width=\"18\"><img loading=\"lazy\" decoding=\"async\" class=\"alignnone size-full wp-image-2377\" title=\"\" src=\"http:\/\/www.nhco-nutrition.com\/images\/carre02_rouge.gif\" alt=\"\" width=\"18\" height=\"10\" \/><\/td>\n<td valign=\"top\"><span class=\"Style2\">9 acides amin\u00e9s essentiels<\/span><\/td>\n<\/tr>\n<tr>\n<td valign=\"top\" width=\"18\"><img loading=\"lazy\" decoding=\"async\" title=\"\" src=\"http:\/\/www.nhco-nutrition.com\/images\/carre02_orange.gif\" alt=\"\" width=\"18\" height=\"10\" \/><\/td>\n<td valign=\"top\"><span class=\"Style2\">Source de 11 vitamines naturelles<\/span><\/td>\n<\/tr>\n<tr>\n<td valign=\"top\" width=\"18\"><img loading=\"lazy\" decoding=\"async\" title=\"\" src=\"http:\/\/www.nhco-nutrition.com\/images\/carre02_bleu.gif\" alt=\"\" width=\"18\" height=\"10\" \/><\/td>\n<td><span class=\"Style2\">6 min\u00e9raux ch\u00e9lat\u00e9s biodisponibles<\/span><\/td>\n<\/tr>\n<tr>\n<td valign=\"top\" width=\"18\"><img loading=\"lazy\" decoding=\"async\" title=\"\" src=\"http:\/\/www.nhco-nutrition.com\/images\/carre02_violet.gif\" alt=\"\" width=\"18\" height=\"10\" \/><\/td>\n<td><span class=\"Style2\">4 extraits v\u00e9g\u00e9taux<\/span><\/td>\n<\/tr>\n<\/tbody>\n<\/table>\n<p><strong>42 g\u00e9lules GreenCaps\u2122 \u2013 6 semaines<\/strong><\/p>\n","protected":false},"featured_media":2256,"comment_status":"open","ping_status":"closed","template":"","meta":[],"product_brand":[],"product_cat":[23],"product_tag":[],"class_list":{"0":"post-388","1":"product","2":"type-product","3":"status-publish","4":"has-post-thumbnail","6":"product_cat-23","7":"entry","9":"first","10":"instock","11":"taxable","12":"shipping-taxable","13":"purchasable","14":"product-type-simple"},"jetpack_sharing_enabled":true,"_links":{"self":[{"href":"https:\/\/healthstore.mc\/index.php\/wp-json\/wp\/v2\/product\/388","targetHints":{"allow":["GET"]}}],"collection":[{"href":"https:\/\/healthstore.mc\/index.php\/wp-json\/wp\/v2\/product"}],"about":[{"href":"https:\/\/healthstore.mc\/index.php\/wp-json\/wp\/v2\/types\/product"}],"replies":[{"embeddable":true,"href":"https:\/\/healthstore.mc\/index.php\/wp-json\/wp\/v2\/comments?post=388"}],"wp:featuredmedia":[{"embeddable":true,"href":"https:\/\/healthstore.mc\/index.php\/wp-json\/wp\/v2\/media\/2256"}],"wp:attachment":[{"href":"https:\/\/healthstore.mc\/index.php\/wp-json\/wp\/v2\/media?parent=388"}],"wp:term":[{"taxonomy":"product_brand","embeddable":true,"href":"https:\/\/healthstore.mc\/index.php\/wp-json\/wp\/v2\/product_brand?post=388"},{"taxonomy":"product_cat","embeddable":true,"href":"https:\/\/healthstore.mc\/index.php\/wp-json\/wp\/v2\/product_cat?post=388"},{"taxonomy":"product_tag","embeddable":true,"href":"https:\/\/healthstore.mc\/index.php\/wp-json\/wp\/v2\/product_tag?post=388"}],"curies":[{"name":"wp","href":"https:\/\/api.w.org\/{rel}","templated":true}]}}