{"id":389,"date":"2020-04-23T19:24:39","date_gmt":"2020-04-23T17:24:39","guid":{"rendered":"http:\/\/10.0.0.17\/wordpress\/produit\/phleboxan-42gel-2\/"},"modified":"2024-09-21T16:42:52","modified_gmt":"2024-09-21T14:42:52","slug":"phleboxan-42gel-2","status":"publish","type":"product","link":"https:\/\/healthstore.mc\/index.php\/product\/phleboxan-42gel-2\/","title":{"rendered":"Phleboxan 42gel"},"content":{"rendered":"<p>La circulation sanguine peut \u00eatre alt\u00e9r\u00e9e par une hydratation insuffisante, le travail prolong\u00e9 en position assise ou debout, le surpoids ou l\u2019\u00e2ge, et n\u00e9cessite de pr\u00e9server la tonicit\u00e9 des tissus constitutifs des veines.<br \/>\nAu del\u00e0 de solutions simples comme la marche quotidienne ou la sur\u00e9l\u00e9vation des jambes, l\u2019utilisation de suppl\u00e9ments nutritionnels peut, dans certaines situations, s\u2019av\u00e9rer utile.<\/p>\n<p>Le compl\u00e9ment alimentaire\u00a0<strong>PHLEBOXAN<\/strong>\u2122 des Laboratoires\u00a0<strong>NHCO Nutrition<\/strong>\u00ae concentre des actifs agissant sur diff\u00e9rents niveaux des tissus veineux ou lymphatiques.<br \/>\n<img loading=\"lazy\" decoding=\"async\" title=\"\" src=\"http:\/\/www.nhco-nutrition.com\/images\/carre02_violet.gif\" alt=\"\" width=\"18\" height=\"10\" \/>Le complexe\u00a0<strong>L-endoT.9i<\/strong>\u2122 contient des acides amin\u00e9s sp\u00e9cifiques et du marron d\u2019Inde qui soutient le syst\u00e8me veineux. Il est associ\u00e9 aux baies de cassis pour fortifier les vaisseaux.<br \/>\n<img loading=\"lazy\" decoding=\"async\" title=\"\" src=\"http:\/\/www.nhco-nutrition.com\/images\/carre02_violet.gif\" alt=\"\" width=\"18\" height=\"10\" \/>Le complexe\u00a0<strong>Media.oX.200\u2122<\/strong><strong>\u00a0<\/strong>concentre notamment des vitamines E et C qui prot\u00e8gent les cellules des radicaux libres, et du curcuma. La vitamine C contribue \u00e9galement \u00e0 la formation normale de collag\u00e8ne* pour assurer le fonctionnement normal des vaisseaux sanguins.<br \/>\n<img loading=\"lazy\" decoding=\"async\" title=\"\" src=\"http:\/\/www.nhco-nutrition.com\/images\/carre02_violet.gif\" alt=\"\" width=\"18\" height=\"10\" \/>Enfin, le complexe\u00a0<strong>Lymphadrain.360D<\/strong>\u2122 contient de la feuille de vigne, du m\u00e9lilot qui contribue \u00e0 favoriser des jambes l\u00e9g\u00e8res et de la feuille de cassis reconnue pour faciliter l\u2019\u00e9limination de l\u2019eau.<\/p>\n<h5><em>* Le collag\u00e8ne est une prot\u00e9ine fibreuse pr\u00e9sente notamment dans les parois des tissus veineux.<\/em><\/h5>\n<table border=\"0\" width=\"100%\" cellspacing=\"0\" cellpadding=\"10\">\n<tbody>\n<tr>\n<td bgcolor=\"#f1cfe1\" width=\"60%\"><strong>Conseils d\u2019utilisation<\/strong><\/td>\n<td bgcolor=\"#f1cfe1\" width=\"40%\">Matin<\/td>\n<\/tr>\n<tr>\n<td bgcolor=\"#f1cfe1\" width=\"60%\">Phase d\u2019attaque pendant 2 semaines<\/td>\n<td bgcolor=\"#f8e6f0\" width=\"40%\"><strong>2 g\u00e9lules*<\/strong><\/td>\n<\/tr>\n<tr>\n<td bgcolor=\"#f1cfe1\">Phase de suivi les autres semaines<\/td>\n<td bgcolor=\"#f8e6f0\"><strong>1 g\u00e9lule*<\/strong><\/td>\n<\/tr>\n<\/tbody>\n<\/table>\n<table border=\"0\" width=\"100%\" cellspacing=\"0\" cellpadding=\"10\">\n<tbody>\n<tr>\n<td bgcolor=\"#a0248d\">Programme de 4 \u00e0 6 semaines. Renouvelable.<\/td>\n<\/tr>\n<\/tbody>\n<\/table>\n<h5>* De pr\u00e9f\u00e9rence, \u00e0 prendre pendant le repas.<\/h5>\n<h5>Ce compl\u00e9ment alimentaire n\u2019est pas un m\u00e9dicament. Il est recommand\u00e9 de respecter la dose journali\u00e8re indiqu\u00e9e, de le consommer dans le cadre d\u2019une alimentation vari\u00e9e et \u00e9quilibr\u00e9e, d\u2019un mode de vie sain et de le tenir hors de port\u00e9e des jeunes enfants. R\u00e9serv\u00e9 \u00e0 l\u2019adulte except\u00e9 la femme enceinte ou allaitante. Les personnes sous contr\u00f4le m\u00e9dical doivent demander conseil \u00e0 leur m\u00e9decin traitant. Les effets des ingr\u00e9dients de Phleboxan\u2122 peuvent s\u2019ajouter \u00e0 ceux des anticoagulants.<\/h5>\n<h5>Bien refermer apr\u00e8s ouverture. \u00c0 conserver dans un endroit sec et frais.<\/h5>\n<p><strong>Compl\u00e9ment alimentaire<\/strong><br \/>\nIngr\u00e9dients : extrait de graines de marron d\u2019Inde (<i>Aesculus hippocastanum<\/i>), chlorhydrate de L-Cyst\u00e9ine monohydrate, Glycine, extrait de fruits de cassis (<i>Ribes nigrum)<\/i>, extrait de pr\u00eale (<i>Equisetum arvense<\/i>), extrait de feuilles de cassis (<i>Ribes nigrum<\/i>) standardis\u00e9 \u00e0 50% de rutine (contient : rutine de sarrasin), L-Histidine, extrait de feuilles de vigne rouge (<i>Vitis vinifer<\/i>a), vitamine C (acide ascorbique), extrait de rhizomes de petit houx (<i>Ruscus aculeatus<\/i>), extrait de rhizomes de curcuma (<i>Curcuma longa<\/i>), procyanidines (OPC) de graines de raisin (<i>Vitis vinifera<\/i>), anti-agglom\u00e9rant : st\u00e9arate de magn\u00e9sium v\u00e9g\u00e9tal, vitamine E naturelle (ac\u00e9tate de D-alpha-tocoph\u00e9rol), brom\u00e9la\u00efne extraite de tige d\u2019ananas (<i>Ananas comosus<\/i>), extrait de piloselle (<i>Hieracium pilosella<\/i>), extrait de fleurs de m\u00e9lilot (<i>Melilotus officinalis<\/i>), bisglycinate de Zinc,\u00a0 vitamine B6 (chlorhydrate de pyridoxine). G\u00e9lule : hydroxypropylm\u00e9thylcellulose, colorant : complexes cuivriques de chlorophyllines.<b><\/b><\/p>\n<p>Ce produit convient aux v\u00e9g\u00e9tariens et aux v\u00e9g\u00e9taliens.<\/p>\n<p><strong>G\u00e9lules v\u00e9g\u00e9tales vertes GreenCaps\u2122<\/strong><\/p>\n<table border=\"0\" width=\"100%\" cellspacing=\"0\" cellpadding=\"10\">\n<tbody>\n<tr>\n<td bgcolor=\"#666666\"><strong>Composition moyenne pour 2 g\u00e9lules\/jour (1276 mg)<\/strong><\/td>\n<\/tr>\n<\/tbody>\n<\/table>\n<table border=\"0\" width=\"100%\" cellspacing=\"0\" cellpadding=\"10\">\n<tbody>\n<tr>\n<td align=\"left\" bgcolor=\"#a2a2a2\" width=\"50\">Ingr\u00e9dients<\/td>\n<td align=\"right\" bgcolor=\"#a2a2a2\" width=\"20%\">Dosage<\/td>\n<\/tr>\n<tr>\n<td align=\"left\" bgcolor=\"#cccccc\"><strong>L-endoT.9i<\/strong><\/td>\n<td align=\"right\" bgcolor=\"#cccccc\"><strong>961 mg<\/strong><\/td>\n<\/tr>\n<\/tbody>\n<\/table>\n<table border=\"0\" width=\"100%\" cellspacing=\"0\" cellpadding=\"10\">\n<tbody>\n<tr>\n<td bgcolor=\"#f1efee\">\n<h5>Extrait de marron d\u2019Inde (<em>Aesculus hippocastanum<\/em>) 280 mg, Glycine 230 mg, L-Cyst\u00e9ine 170 mg, extrait de fruits de cassis (<em>Ribes nigrum<\/em>) 167 mg, L-Histidine 50 mg, extrait de petit houx (<em>Ruscus aculeatus<\/em>) 35 mg, OPC de raisin (<em>Vitis vinifera<\/em>) 23,8 mg, Zinc 5 mg (50% VNR*), vitamine B6 0,7 mg (50% VNR*)<\/h5>\n<\/td>\n<\/tr>\n<\/tbody>\n<\/table>\n<table border=\"0\" width=\"100%\" cellspacing=\"0\" cellpadding=\"10\">\n<tbody>\n<tr>\n<td align=\"left\" bgcolor=\"#cccccc\" width=\"50\"><strong>M\u00e9dia.oX.200<\/strong><\/td>\n<td align=\"right\" bgcolor=\"#cccccc\" width=\"20%\"><strong>151 mg<\/strong><\/td>\n<\/tr>\n<\/tbody>\n<\/table>\n<table border=\"0\" width=\"100%\" cellspacing=\"0\" cellpadding=\"10\">\n<tbody>\n<tr>\n<td bgcolor=\"#f1efee\">\n<h5>Extrait\u00a0de pr\u00eale (<em>Equisetum arvense<\/em>) 75 mg, vitamine C 40 mg (50% VNR*), extrait de curcuma (<em>Curcuma longa<\/em>) 30 mg dont 9 mg de curcumine, vitamine E 6 mg (50% VNR*)<\/h5>\n<\/td>\n<\/tr>\n<\/tbody>\n<\/table>\n<table border=\"0\" width=\"100%\" cellspacing=\"0\" cellpadding=\"10\">\n<tbody>\n<tr>\n<td align=\"left\" bgcolor=\"#cccccc\" width=\"50\"><strong>Lymphadrain.360D<\/strong><\/td>\n<td align=\"right\" bgcolor=\"#cccccc\" width=\"20%\"><strong>164 mg<\/strong><\/td>\n<\/tr>\n<\/tbody>\n<\/table>\n<table border=\"0\" width=\"100%\" cellspacing=\"0\" cellpadding=\"10\">\n<tbody>\n<tr>\n<td bgcolor=\"#f1efee\">\n<h5>Extrait de feuilles de cassis\u00a0<em>(Ribes nigrum)<\/em>\u00a054 mg dont rutine totale 27 mg, extrait de feuilles de vigne rouge\u00a0<em>(Vitis vinifera)<\/em>\u00a050 mg, extrait de m\u00e9lilot\u00a0<em>(Melilotus officinalis)<\/em>\u00a020 mg, brom\u00e9la\u00efne (1200 GDU\/g) 20 mg, extrait de piloselle\u00a0<em>(Hieracium pilosella)<\/em>\u00a020 mg.<\/h5>\n<\/td>\n<\/tr>\n<\/tbody>\n<\/table>\n<h5><em>* Valeurs Nutritionnelles de R\u00e9f\u00e9rence.<\/em><\/h5>\n<p>&nbsp;<\/p>\n<p>Poids net : 33 g. \u2013 Code ACL : 3401520278363<\/p>\n","protected":false},"excerpt":{"rendered":"<table border=\"0\" cellspacing=\"0\" cellpadding=\"0\">\n<tbody>\n<tr>\n<td valign=\"top\">\n<h1><strong>Phleboxan\u2122<\/strong><\/h1>\n<\/td>\n<\/tr>\n<tr>\n<td valign=\"top\" height=\"40\">\n<h5>L-endoT.9i \u2013 Media.oX.200<\/h5>\n<\/td>\n<\/tr>\n<\/tbody>\n<\/table>\n<h3>Confort circulatoire<\/h3>\n<p><img loading=\"lazy\" decoding=\"async\" title=\"\" src=\"http:\/\/www.nhco-nutrition.com\/images\/carre02_violet.gif\" alt=\"\" width=\"18\" height=\"10\" \/>R\u00e9unit 18 actifs dont 3 acides amin\u00e9s, un extrait de marron d\u2019Inde\u00a0<strong>soutenant le retour veineux<\/strong>, de la vitamine C qui\u00a0<strong>assure le fonctionnement normal des vaisseaux sanguins<\/strong>\u00a0et du m\u00e9lilot qui\u00a0<strong>contribue \u00e0 la sensation de jambes l\u00e9g\u00e8res<\/strong>.<\/p>\n<p><strong>42 g\u00e9lules GreenCaps \u2013 4\/6 semaines<\/strong><\/p>\n","protected":false},"featured_media":2258,"comment_status":"open","ping_status":"closed","template":"","meta":[],"product_brand":[],"product_cat":[23],"product_tag":[],"class_list":{"0":"post-389","1":"product","2":"type-product","3":"status-publish","4":"has-post-thumbnail","6":"product_cat-23","7":"entry","9":"first","10":"instock","11":"taxable","12":"shipping-taxable","13":"purchasable","14":"product-type-simple"},"jetpack_sharing_enabled":true,"_links":{"self":[{"href":"https:\/\/healthstore.mc\/index.php\/wp-json\/wp\/v2\/product\/389","targetHints":{"allow":["GET"]}}],"collection":[{"href":"https:\/\/healthstore.mc\/index.php\/wp-json\/wp\/v2\/product"}],"about":[{"href":"https:\/\/healthstore.mc\/index.php\/wp-json\/wp\/v2\/types\/product"}],"replies":[{"embeddable":true,"href":"https:\/\/healthstore.mc\/index.php\/wp-json\/wp\/v2\/comments?post=389"}],"wp:featuredmedia":[{"embeddable":true,"href":"https:\/\/healthstore.mc\/index.php\/wp-json\/wp\/v2\/media\/2258"}],"wp:attachment":[{"href":"https:\/\/healthstore.mc\/index.php\/wp-json\/wp\/v2\/media?parent=389"}],"wp:term":[{"taxonomy":"product_brand","embeddable":true,"href":"https:\/\/healthstore.mc\/index.php\/wp-json\/wp\/v2\/product_brand?post=389"},{"taxonomy":"product_cat","embeddable":true,"href":"https:\/\/healthstore.mc\/index.php\/wp-json\/wp\/v2\/product_cat?post=389"},{"taxonomy":"product_tag","embeddable":true,"href":"https:\/\/healthstore.mc\/index.php\/wp-json\/wp\/v2\/product_tag?post=389"}],"curies":[{"name":"wp","href":"https:\/\/api.w.org\/{rel}","templated":true}]}}