{"id":390,"date":"2020-04-23T19:24:43","date_gmt":"2020-04-23T17:24:43","guid":{"rendered":"http:\/\/10.0.0.17\/wordpress\/produit\/artixine-56gel-2\/"},"modified":"2024-09-21T16:32:40","modified_gmt":"2024-09-21T14:32:40","slug":"artixine-56gel-2","status":"publish","type":"product","link":"https:\/\/healthstore.mc\/index.php\/product\/artixine-56gel-2\/","title":{"rendered":"Artixine 56gel"},"content":{"rendered":"<p>Avec l\u2019\u00e2ge et l\u2019usure physiologique des articulations, s\u2019installent une raideur et une diminution de la souplesse articulaire. De mani\u00e8re constante, ou par p\u00e9riode, on peut retrouver une g\u00eane et une sensibilit\u00e9 \u00e0 chaque mouvement.<\/p>\n<p>La recherche\u00a0<strong>NHCO Nutrition<sup>\u00ae<\/sup><\/strong>\u00a0a mis au point\u00a0<strong>ARTIXINE\u2122<\/strong>, une formule r\u00e9unissant onze ingr\u00e9dients d\u2019int\u00e9r\u00eat.<\/p>\n<p><span class=\"Style2\"><img loading=\"lazy\" decoding=\"async\" class=\"alignnone size-full wp-image-2377\" title=\"\" src=\"http:\/\/www.nhco-nutrition.com\/images\/carre02_rouge.gif\" alt=\"\" width=\"18\" height=\"10\" \/><\/span>La Glucosamine et la Chondro\u00eftine sulfate, naturellement pr\u00e9sentes dans les cartilages.<br \/>\n<span class=\"Style2\"><img loading=\"lazy\" decoding=\"async\" class=\"alignnone size-full wp-image-2377\" title=\"\" src=\"http:\/\/www.nhco-nutrition.com\/images\/carre02_rouge.gif\" alt=\"\" width=\"18\" height=\"10\" \/><\/span>La Proline et la Glycine, deux acides amin\u00e9s constitutifs du collag\u00e8ne, une prot\u00e9ine du tissu conjonctif, notamment des articulations et des tendons.<br \/>\n<span class=\"Style2\"><img loading=\"lazy\" decoding=\"async\" class=\"alignnone size-full wp-image-2377\" title=\"\" src=\"http:\/\/www.nhco-nutrition.com\/images\/carre02_rouge.gif\" alt=\"\" width=\"18\" height=\"10\" \/><\/span>Des plantes reconnues\u00a0telles que le curcuma (dont sont extraits les curcumino\u00efdes) qui participe \u00e0 la sant\u00e9 des articulations et aide au maintien de leur flexibilit\u00e9.<br \/>\n<span class=\"Style2\"><img loading=\"lazy\" decoding=\"async\" class=\"alignnone size-full wp-image-2377\" title=\"\" src=\"http:\/\/www.nhco-nutrition.com\/images\/carre02_rouge.gif\" alt=\"\" width=\"18\" height=\"10\" \/><\/span>Des min\u00e9raux amino-ch\u00e9lat\u00e9s\u2122 dont le Zinc qui intervient dans le maintien des tissus osseux normaux, le Mangan\u00e8se qui contribue \u00e0 la formation normale<br \/>\ndes tissus conjonctifs et le Cuivre qui participe \u00e0 leur maintien.<\/p>\n<table border=\"0\" width=\"100%\" cellspacing=\"0\" cellpadding=\"10\">\n<tbody>\n<tr>\n<td bgcolor=\"#facdbb\" width=\"60%\"><strong>Conseils d\u2019utilisation<\/strong><\/td>\n<td bgcolor=\"#f3ddd5\" width=\"20%\">Matin*<\/td>\n<td bgcolor=\"#facdbb\" width=\"20%\">Soir*<\/td>\n<\/tr>\n<tr>\n<td bgcolor=\"#facdbb\" width=\"60%\">Phase d\u2019attaque la 1\u00e8re semaine<\/td>\n<td bgcolor=\"#f3ddd5\" width=\"20%\"><strong>2 g\u00e9lules<\/strong><\/td>\n<td bgcolor=\"#facdbb\" width=\"20%\"><strong>2 g\u00e9lules<\/strong><\/td>\n<\/tr>\n<tr>\n<td bgcolor=\"#facdbb\" width=\"60%\">Phase de suivi les 2 autres semaines<\/td>\n<td bgcolor=\"#f3ddd5\" width=\"20%\"><strong>2 g\u00e9lules<\/strong><\/td>\n<td bgcolor=\"#facdbb\" width=\"20%\"><\/td>\n<\/tr>\n<\/tbody>\n<\/table>\n<table border=\"0\" width=\"100%\" cellspacing=\"0\" cellpadding=\"10\">\n<tbody>\n<tr>\n<td bgcolor=\"#e51b24\">Programme de 3 semaines. Renouvelable.<\/td>\n<\/tr>\n<\/tbody>\n<\/table>\n<h5>* De pr\u00e9f\u00e9rence, \u00e0 prendre pendant les repas.<\/h5>\n<h5>Ce compl\u00e9ment alimentaire n\u2019est pas un m\u00e9dicament. Il est recommand\u00e9 de respecter la dose journali\u00e8re indiqu\u00e9e, de le consommer dans le cadre d\u2019une alimentation vari\u00e9e et \u00e9quilibr\u00e9 et d\u2019un mode de vie sain et de le tenir hors de port\u00e9e des jeunes enfants. R\u00e9serv\u00e9 \u00e0 l\u2019adulte except\u00e9 la femme enceinte ou allaitante. Les personnes sous contr\u00f4le m\u00e9dical doivent demander conseil \u00e0 leur m\u00e9decin traitant, en particulier celles souffrant d\u2019ulc\u00e8res ou de calculs biliaires (Harpagophytum). D\u00e9conseill\u00e9 aux personnes souffrant d\u2019allergies aux d\u00e9riv\u00e9s salicyl\u00e9s (Reine des Pr\u00e9s).<\/h5>\n<h5>Bien refermer apr\u00e8s ouverture. \u00c0 conserver dans un endroit sec et frais.<\/h5>\n<p><strong>Compl\u00e9ment alimentaire<\/strong><br \/>\n<strong>Ingr\u00e9dients :\u00a0<\/strong>chlorhydrate de glucosamine (contient :\u00a0<strong>crustac\u00e9s<\/strong>), agents de charge : cellulose microcristalline et phosphate tricalcique, chondro\u00eftine sulfate sodique (contient :\u00a0<strong>poisson<\/strong>), racines d\u2019<em>Harpagophytum procumbens<\/em>\u00a0et\/ou\u00a0<em>zeyheri<\/em>, L-Proline, Glycine, curcumino\u00efdes (extrait de rhizomes de\u00a0<em>Curcuma longa<\/em>), bisglycinate de Zinc, sommit\u00e9s fleuries de reine des pr\u00e9s (<em>Filipendula ulmaria<\/em>), parties a\u00e9riennes de pr\u00eale (Equisetum arvense), bisglycinate de Mangan\u00e8se, bisglycinate de Cuivre, antiagglom\u00e9rant : st\u00e9arate de magn\u00e9sium v\u00e9g\u00e9tal. G\u00e9lule v\u00e9g\u00e9tale : hydroxypropylm\u00e9thylcellulose, colorant : complexes cuivriques de chlorophyllines.<\/p>\n<p><strong>G\u00e9lules v\u00e9g\u00e9tales vertes GreenCaps\u2122<\/strong><\/p>\n<table border=\"0\" width=\"100%\" cellspacing=\"0\" cellpadding=\"10\">\n<tbody>\n<tr>\n<td bgcolor=\"#666666\"><strong>Composition moyenne pour 4 g\u00e9lules\/jour (2113 mg)<\/strong><\/td>\n<\/tr>\n<\/tbody>\n<\/table>\n<table border=\"0\" width=\"100%\" cellspacing=\"0\" cellpadding=\"10\">\n<tbody>\n<tr>\n<td align=\"left\" bgcolor=\"#a2a2a2\" width=\"80%\">Ingr\u00e9dients<\/td>\n<td align=\"right\" bgcolor=\"#a2a2a2\" width=\"20%\">Dosage<\/td>\n<\/tr>\n<tr>\n<td align=\"left\" bgcolor=\"#cccccc\" width=\"80%\">Glucosamine HCl<br \/>\n\u00e9quivalent \u00e0 970 mg de D-Glucosamine<\/td>\n<td align=\"right\" bgcolor=\"#cccccc\" width=\"20%\">1200 mg<\/td>\n<\/tr>\n<tr>\n<td align=\"left\" bgcolor=\"#f1efee\">Chondro\u00eftine sulfate sodique<br \/>\n\u00e9quivalent \u00e0 320 mg de chondro\u00eftine sulfate<\/td>\n<td align=\"right\" bgcolor=\"#f1efee\">400 mg<\/td>\n<\/tr>\n<tr>\n<td align=\"left\" bgcolor=\"#cccccc\">Harpagophytum<\/td>\n<td align=\"right\" bgcolor=\"#cccccc\">220 mg<\/td>\n<\/tr>\n<tr>\n<td align=\"left\" bgcolor=\"#f1efee\">Glycine<\/td>\n<td align=\"right\" bgcolor=\"#f1efee\">80 mg<\/td>\n<\/tr>\n<tr>\n<td align=\"left\" bgcolor=\"#cccccc\">L-Proline<\/td>\n<td align=\"right\" bgcolor=\"#cccccc\">80 mg<\/td>\n<\/tr>\n<tr>\n<td align=\"left\" bgcolor=\"#f1efee\">Curcumino\u00efdes (extraits de curcuma)<\/td>\n<td align=\"right\" bgcolor=\"#f1efee\">60 mg<\/td>\n<\/tr>\n<tr>\n<td align=\"left\" bgcolor=\"#cccccc\">Pr\u00eale<\/td>\n<td align=\"right\" bgcolor=\"#cccccc\">30 mg<\/td>\n<\/tr>\n<tr>\n<td align=\"left\" bgcolor=\"#f1efee\">Reine des pr\u00e9s<\/td>\n<td align=\"right\" bgcolor=\"#f1efee\">30 mg<\/td>\n<\/tr>\n<tr>\n<td align=\"left\" bgcolor=\"#cccccc\">Zinc sous forme amino-ch\u00e9lat\u00e9e\u00ae \u00a0\u2013 (100 % VNR*)<\/td>\n<td align=\"right\" bgcolor=\"#cccccc\">10 mg<\/td>\n<\/tr>\n<tr>\n<td align=\"left\" bgcolor=\"#f1efee\">Mangan\u00e8se sous forme amino-ch\u00e9lat\u00e9e \u00ae \u2013 (100 % VNR*)<\/td>\n<td align=\"right\" bgcolor=\"#f1efee\">2 mg<\/td>\n<\/tr>\n<tr>\n<td align=\"left\" bgcolor=\"#cccccc\">Cuivre sous forme amino-ch\u00e9lat\u00e9e \u00ae\u00a0\u2013 (100 % VNR*)<\/td>\n<td align=\"right\" bgcolor=\"#cccccc\">1 mg<\/td>\n<\/tr>\n<\/tbody>\n<\/table>\n<h5><em>* Valeurs Nutritionnelles de R\u00e9f\u00e9rence.<\/em><\/h5>\n<p>&nbsp;<\/p>\n<p>Poids net : 43 g. \u2013 Code ACL : 3401548680209<\/p>\n","protected":false},"excerpt":{"rendered":"<table border=\"0\" cellspacing=\"0\" cellpadding=\"0\">\n<tbody>\n<tr>\n<td valign=\"top\">\n<h1><strong>Artixine<\/strong>\u2122<\/h1>\n<\/td>\n<\/tr>\n<tr>\n<td valign=\"top\" height=\"40\">\n<h5>RH11 Active Ingredients\u2122<\/h5>\n<\/td>\n<\/tr>\n<\/tbody>\n<\/table>\n<h3><strong>Confort articulaire<\/strong><\/h3>\n<p><img loading=\"lazy\" decoding=\"async\" title=\"\" src=\"http:\/\/www.nhco-nutrition.com\/images\/carre02_rouge.gif\" alt=\"\" width=\"18\" height=\"10\" \/>Contient de la glucosamine et de la chondro\u00eftine \u00e0 des dosages adapt\u00e9s, de la Proline, du curcuma qui aide \u00e0\u00a0<strong>soulager la sensibilit\u00e9 des articulations<\/strong>\u00a0et des min\u00e9raux amino-ch\u00e9lat\u00e9s tels que le Zinc pour le\u00a0<strong>maintien des tissus osseux<\/strong>\u00a0et le Mangan\u00e8se pour la\u00a0<strong>formation normale des tissus conjonctifs<\/strong>.<\/p>\n<p><strong>56 g\u00e9lules GreenCaps\u2122 \u2013 3\/4 semaines<\/strong><\/p>\n","protected":false},"featured_media":2146,"comment_status":"open","ping_status":"closed","template":"","meta":[],"product_brand":[],"product_cat":[23],"product_tag":[],"class_list":{"0":"post-390","1":"product","2":"type-product","3":"status-publish","4":"has-post-thumbnail","6":"product_cat-23","7":"entry","9":"first","10":"instock","11":"taxable","12":"shipping-taxable","13":"purchasable","14":"product-type-simple"},"jetpack_sharing_enabled":true,"_links":{"self":[{"href":"https:\/\/healthstore.mc\/index.php\/wp-json\/wp\/v2\/product\/390","targetHints":{"allow":["GET"]}}],"collection":[{"href":"https:\/\/healthstore.mc\/index.php\/wp-json\/wp\/v2\/product"}],"about":[{"href":"https:\/\/healthstore.mc\/index.php\/wp-json\/wp\/v2\/types\/product"}],"replies":[{"embeddable":true,"href":"https:\/\/healthstore.mc\/index.php\/wp-json\/wp\/v2\/comments?post=390"}],"wp:featuredmedia":[{"embeddable":true,"href":"https:\/\/healthstore.mc\/index.php\/wp-json\/wp\/v2\/media\/2146"}],"wp:attachment":[{"href":"https:\/\/healthstore.mc\/index.php\/wp-json\/wp\/v2\/media?parent=390"}],"wp:term":[{"taxonomy":"product_brand","embeddable":true,"href":"https:\/\/healthstore.mc\/index.php\/wp-json\/wp\/v2\/product_brand?post=390"},{"taxonomy":"product_cat","embeddable":true,"href":"https:\/\/healthstore.mc\/index.php\/wp-json\/wp\/v2\/product_cat?post=390"},{"taxonomy":"product_tag","embeddable":true,"href":"https:\/\/healthstore.mc\/index.php\/wp-json\/wp\/v2\/product_tag?post=390"}],"curies":[{"name":"wp","href":"https:\/\/api.w.org\/{rel}","templated":true}]}}