{"id":394,"date":"2020-04-23T19:24:58","date_gmt":"2020-04-23T17:24:58","guid":{"rendered":"http:\/\/10.0.0.17\/wordpress\/produit\/memostat-56cps28caps-2\/"},"modified":"2024-09-21T16:42:57","modified_gmt":"2024-09-21T14:42:57","slug":"memostat-56cps28caps-2","status":"publish","type":"product","link":"https:\/\/healthstore.mc\/index.php\/product\/memostat-56cps28caps-2\/","title":{"rendered":"Memostat 56cps+28caps"},"content":{"rendered":"<p><strong>MEMOSTAT<\/strong>\u2122 renferme deux formules de micronutrition \u00e9labor\u00e9es par les Laboratoires\u00a0<strong>NHCO Nutrition<\/strong><sup>\u00ae<\/sup>, pour le maintien des fonctions cognitives normales.<br \/>\n<strong>MEMOSTAT<\/strong>\u2122 regroupe 4 complexes pour une action compl\u00e8te.<\/p>\n<p><strong><img loading=\"lazy\" decoding=\"async\" class=\"alignnone size-full wp-image-16885\" src=\"https:\/\/nhco-nutrition.com\/france\/wp-content\/uploads\/2018\/01\/carre02_memostat.gif\" alt=\"\" width=\"18\" height=\"10\" \/>MemoStim-400<\/strong>\u2122 associe un acide amin\u00e9 essentiel, la L-Tyrosine, \u00e0 du bacopa qui soutient la sant\u00e9 c\u00e9r\u00e9brale et cognitive en contribuant notamment \u00e0 une bonne m\u00e9moire.<br \/>\n<img loading=\"lazy\" decoding=\"async\" class=\"alignnone size-full wp-image-16885\" src=\"https:\/\/nhco-nutrition.com\/france\/wp-content\/uploads\/2018\/01\/carre02_memostat.gif\" alt=\"\" width=\"18\" height=\"10\" \/>Le complexe\u00a0<strong>Neuroxyl<\/strong>\u2122 a \u00e9t\u00e9 formul\u00e9 avec un ingr\u00e9dient brevet\u00e9,\u00a0<strong>Memophenol\u2122<\/strong>, qui associe un extrait de raisin, contribuant \u00e0 prot\u00e9ger les membranes cellulaires et les vaisseaux sanguins des dommages induits par les radicaux libres, \u00e0 un extrait de bleuet unique.\u00a0<strong>Neuroxyl<\/strong>\u2122 est aussi riche en vitamine B5 qui contribue au maintien des performances intellectuelles.<br \/>\n<img loading=\"lazy\" decoding=\"async\" class=\"alignnone size-full wp-image-16885\" src=\"https:\/\/nhco-nutrition.com\/france\/wp-content\/uploads\/2018\/01\/carre02_memostat.gif\" alt=\"\" width=\"18\" height=\"10\" \/>Le complexe Vitamyl-5B\u2122 regroupe des vitamines B contribuant au bon fonctionnement du syst\u00e8me nerveux (B1, B3, B12) et au m\u00e9tabolisme normal de l\u2019homocyst\u00e9ine (B6, B9, B12)* ainsi qu\u2019OptiCurma\u2122, source de curcumine hautement biodisponible.<\/p>\n<p>Enfin, les capsules du soir renferment 250 mg de\u00a0<strong>DHA<\/strong>**, issu d\u2019huile de poisson, reconnu pour maintenir le bon fonctionnement du cerveau.<\/p>\n<h5>* L\u2019homocyst\u00e9ine est une mol\u00e9cule issue du m\u00e9tabolisme des prot\u00e9ines. En exc\u00e8s, elle est toxique pour l\u2019organisme, notamment pour les neurones. Les vitamines du groupe B interviennent dans sa neutralisation.<br \/>\n** Acide docohexa\u00e9no\u00efque, acide gras du groupe des Om\u00e9ga-3.<\/h5>\n<table border=\"0\" width=\"100%\" cellspacing=\"0\" cellpadding=\"10\">\n<tbody>\n<tr>\n<td bgcolor=\"#a2a3d2\" width=\"42%\"><strong>Conseils d\u2019utilisation<\/strong><\/td>\n<td bgcolor=\"#a2a3d2\" width=\"29%\"><\/td>\n<\/tr>\n<tr>\n<td bgcolor=\"#d5d5eb\">Le matin<\/td>\n<td bgcolor=\"#eaeafc\"><strong>2 comprim\u00e9s<\/strong><\/td>\n<\/tr>\n<tr>\n<td bgcolor=\"#d5d5eb\">Le soir<\/td>\n<td bgcolor=\"#eaeafc\"><strong>1 capsule<br \/>\n<\/strong><\/td>\n<\/tr>\n<\/tbody>\n<\/table>\n<table border=\"0\" width=\"100%\" cellspacing=\"0\" cellpadding=\"10\">\n<tbody>\n<tr>\n<td bgcolor=\"#5b65af\">4 semaines. \u00c0 renouveler si besoin.<\/td>\n<\/tr>\n<\/tbody>\n<\/table>\n<p>&nbsp;<\/p>\n<h5>Ce compl\u00e9ment alimentaire n\u2019est pas un m\u00e9dicament. Il est recommand\u00e9 de respecter la dose journali\u00e8re indiqu\u00e9e, de le consommer dans le cadre d\u2019une alimentation vari\u00e9e et \u00e9quilibr\u00e9e et d\u2019un mode de vie sain et de le tenir hors de port\u00e9e des jeunes enfants. R\u00e9serv\u00e9 \u00e0 l\u2019adulte except\u00e9 la femme enceinte ou allaitante. Les personnes sous contr\u00f4le m\u00e9dical doivent demander l\u2019avis de leur m\u00e9decin ou leur pharmacien, en particulier<br \/>\nen cas d\u2019usage concomitant d\u2019anticoagulants.<br \/>\n\u00c0 consommer de pr\u00e9f\u00e9rence avant la date indiqu\u00e9e sous l\u2019\u00e9tui. Bien refermer apr\u00e8s ouverture. \u00c0 conserver dans un endroit sec et frais.<\/h5>\n<p><strong>Compl\u00e9ment alimentaire<\/strong><br \/>\n<strong>Ingr\u00e9dients comprim\u00e9s Matin :<\/strong>\u00a0agent de charge : cellulose microcristalline, antiagglom\u00e9rants : phosphate dicalcique et st\u00e9arate de magn\u00e9sium, L-Tyrosine, Memophenol\u2122 (extraits de raisin\u00a0<em>Vitis vinifera<\/em>\u00a0et de bleuet sauvage\u00a0<em>Vaccinium angustifolium<\/em>), L-Citrulline, extrait de feuilles de bacopa (<em>Bacopa monieri<\/em>), OptiCurma\u2122 (curcumine de\u00a0<em>Curcuma longa<\/em>\u00a0encapsul\u00e9e dans des gamma-cyclodextrines), bisglycinate de Zinc, L-s\u00e9l\u00e9nom\u00e9thionine, vitamine B3 (nicotinamide), vitamine B5 (D-pantoth\u00e9nate de calcium), vitamine B12 (cyanocobalamine), vitamine B6 (chlorhydrate de pyridoxine), vitamine B1 (chlorhydrate de thiamine), vitamine D3 (chol\u00e9calcif\u00e9rol), vitamine B9 (L m\u00e9thylfolate de calcium).<\/p>\n<p><strong>Ingr\u00e9dients capsule Soir :<\/strong>\u00a0huile de\u00a0<strong>poisson<\/strong>, l\u00e9cithine de\u00a0<strong>soja<\/strong>\u00a0enrichie en phosphatidylcholine, vitamine E (ac\u00e9tate de DL-alpha-tocoph\u00e9ryle). Enveloppe de la capsule : g\u00e9latine bovine, humectant : glyc\u00e9rol.<\/p>\n<table border=\"0\" width=\"100%\" cellspacing=\"0\" cellpadding=\"10\">\n<tbody>\n<tr>\n<td bgcolor=\"#666666\"><strong>Composition moyenne pour 2 comprim\u00e9s\/jour (993 mg)<\/strong><\/td>\n<\/tr>\n<\/tbody>\n<\/table>\n<table border=\"0\" width=\"100%\" cellspacing=\"0\" cellpadding=\"10\">\n<tbody>\n<tr>\n<td align=\"left\" bgcolor=\"#A2A2A2\" width=\"50\">Ingr\u00e9dients<\/td>\n<td align=\"right\" bgcolor=\"#A2A2A2\" width=\"20%\">Dosage<\/td>\n<\/tr>\n<tr>\n<td align=\"left\" bgcolor=\"#CCCCCC\"><strong>MemoStim-400<\/strong><\/td>\n<td align=\"right\" bgcolor=\"#CCCCCC\"><strong>400 mg<\/strong><\/td>\n<\/tr>\n<\/tbody>\n<\/table>\n<table border=\"0\" width=\"100%\" cellspacing=\"0\" cellpadding=\"10\">\n<tbody>\n<tr>\n<td bgcolor=\"#f1efee\">\n<h5>L-Tyrosine 300 mg, extrait de\u00a0<em>Bacopa monieri<\/em>\u00a0100 mg<\/h5>\n<\/td>\n<\/tr>\n<\/tbody>\n<\/table>\n<table border=\"0\" width=\"100%\" cellspacing=\"0\" cellpadding=\"10\">\n<tbody>\n<tr>\n<td align=\"left\" bgcolor=\"#CCCCCC\" width=\"50\"><strong>Neuroxyl<\/strong><\/td>\n<td align=\"right\" bgcolor=\"#CCCCCC\" width=\"20%\"><strong>556 mg<\/strong><\/td>\n<\/tr>\n<\/tbody>\n<\/table>\n<table border=\"0\" width=\"100%\" cellspacing=\"0\" cellpadding=\"10\">\n<tbody>\n<tr>\n<td bgcolor=\"#f1efee\">\n<h5>Memophenol\u2122 300 mg, L-Citrulline 250 mg, Zinc sous forme amino-ch\u00e9lat\u00e9e\u00ae (30% VNR*) 3 mg, vitamine B5 (50% VNR*) 3 mg<\/h5>\n<\/td>\n<\/tr>\n<\/tbody>\n<\/table>\n<table border=\"0\" width=\"100%\" cellspacing=\"0\" cellpadding=\"10\">\n<tbody>\n<tr>\n<td align=\"left\" bgcolor=\"#CCCCCC\" width=\"50\"><strong>Vitamyl-5B<\/strong><\/td>\n<td align=\"right\" bgcolor=\"#CCCCCC\" width=\"20%\"><strong>37 mg<\/strong><\/td>\n<\/tr>\n<\/tbody>\n<\/table>\n<table border=\"0\" width=\"100%\" cellspacing=\"0\" cellpadding=\"10\">\n<tbody>\n<tr>\n<td bgcolor=\"#f1efee\">\n<h5>OptiCurma\u00ae dont 4,5 mg de curcumine hautement biodisponible 30 mg, vitamine B1 0,55 mg (50% VNR*), vitamine B3 4,8 mg (30% VNR*), vitamine B6 1,4 mg (100% VNR*), vitamine B9 200 \u03bcg (100% VNR*), vitamine B12 2,5 \u03bcg (100% VNR*), vitamine D 1,5 \u03bcg (30% VNR*), S\u00e9l\u00e9nium sous forme de s\u00e9l\u00e9nom\u00e9thionine (50% VNR*) 27,5 \u03bcg<\/h5>\n<\/td>\n<\/tr>\n<\/tbody>\n<\/table>\n<p>&nbsp;<\/p>\n<table border=\"0\" width=\"100%\" cellspacing=\"0\" cellpadding=\"10\">\n<tbody>\n<tr>\n<td bgcolor=\"#666666\"><strong>Composition moyenne pour 1 capsule\/jour (585 mg)<\/strong><\/td>\n<\/tr>\n<\/tbody>\n<\/table>\n<table border=\"0\" width=\"100%\" cellspacing=\"0\" cellpadding=\"10\">\n<tbody>\n<tr>\n<td align=\"left\" bgcolor=\"#A2A2A2\" width=\"50\">Ingr\u00e9dients<\/td>\n<td align=\"right\" bgcolor=\"#A2A2A2\" width=\"20%\">Dosage<\/td>\n<\/tr>\n<\/tbody>\n<\/table>\n<table border=\"0\" width=\"100%\" cellspacing=\"0\" cellpadding=\"10\">\n<tbody>\n<tr>\n<td bgcolor=\"#f1efee\">\n<h5>Huile de poisson riche en om\u00e9ga-3 dont 250 mg de DHA** et 47 mg d\u2019EPA*** 522 mg, l\u00e9cithine de soja standardis\u00e9e \u00e0 30% en phosphatidylcholine 58 mg, vitamine E (40% VNR*) 4,8 mg<\/h5>\n<\/td>\n<\/tr>\n<\/tbody>\n<\/table>\n<h5><em>* Valeurs Nutritionnelles de R\u00e9f\u00e9rence.<br \/>\n** Acide docosahex\u00e9no\u00efque.<br \/>\n*** Acide eicosapenta\u00e9no\u00efque.<\/em><\/h5>\n<p>&nbsp;<\/p>\n<p>Poids net : 74 g. \u2013 Code ACL : 6077023<\/p>\n","protected":false},"excerpt":{"rendered":"<table border=\"0\" cellspacing=\"0\" cellpadding=\"0\">\n<tbody>\n<tr>\n<td valign=\"top\">\n<h1><strong>Memostat<\/strong>\u2122<\/h1>\n<\/td>\n<\/tr>\n<tr>\n<td valign=\"top\" height=\"50\">\n<h5>MemoStim-400, Neuroxyl, Vitamyl-5B, Om\u00e9ga-3, DHA<br \/>\n(1NHS#4,018,565)<\/h5>\n<\/td>\n<\/tr>\n<\/tbody>\n<\/table>\n<h3><strong>Sant\u00e9 c\u00e9r\u00e9brale \u2013 M\u00e9moire<\/strong><\/h3>\n<p><img loading=\"lazy\" decoding=\"async\" class=\"alignnone size-full wp-image-16885\" src=\"https:\/\/nhco-nutrition.com\/france\/wp-content\/uploads\/2018\/01\/carre02_memostat.gif\" alt=\"\" width=\"18\" height=\"10\" \/>Contient du\u00a0<strong>Memophenol<\/strong>\u2122, ingr\u00e9dient brevet\u00e9 unique, associ\u00e9 \u00e0 l\u2019acide amin\u00e9 L-Tyrosine, \u00e0 un extrait de bacopa contribuant \u00e0 une\u00a0<strong>bonne m\u00e9moire<\/strong>, aux vitamines B1, B3 et B12 pour l\u2019activit\u00e9 normale du syst\u00e8me nerveux et \u00e0 du\u00a0<strong>DHA<\/strong>\u00a0pour le bon fonctionnement du cerveau.<\/p>\n<p><strong><img loading=\"lazy\" decoding=\"async\" class=\"alignnone wp-image-16887\" src=\"https:\/\/nhco-nutrition.com\/france\/wp-content\/uploads\/2018\/01\/picto-memostat.gif\" alt=\"\" width=\"103\" height=\"40\" \/><\/strong><\/p>\n<p><strong>56 comprim\u00e9s + 28 capsules \u2013 4 semaines<\/strong><\/p>\n","protected":false},"featured_media":2245,"comment_status":"open","ping_status":"closed","template":"","meta":[],"product_brand":[],"product_cat":[23],"product_tag":[],"class_list":{"0":"post-394","1":"product","2":"type-product","3":"status-publish","4":"has-post-thumbnail","6":"product_cat-23","7":"entry","9":"first","10":"instock","11":"taxable","12":"shipping-taxable","13":"purchasable","14":"product-type-simple"},"jetpack_sharing_enabled":true,"_links":{"self":[{"href":"https:\/\/healthstore.mc\/index.php\/wp-json\/wp\/v2\/product\/394","targetHints":{"allow":["GET"]}}],"collection":[{"href":"https:\/\/healthstore.mc\/index.php\/wp-json\/wp\/v2\/product"}],"about":[{"href":"https:\/\/healthstore.mc\/index.php\/wp-json\/wp\/v2\/types\/product"}],"replies":[{"embeddable":true,"href":"https:\/\/healthstore.mc\/index.php\/wp-json\/wp\/v2\/comments?post=394"}],"wp:featuredmedia":[{"embeddable":true,"href":"https:\/\/healthstore.mc\/index.php\/wp-json\/wp\/v2\/media\/2245"}],"wp:attachment":[{"href":"https:\/\/healthstore.mc\/index.php\/wp-json\/wp\/v2\/media?parent=394"}],"wp:term":[{"taxonomy":"product_brand","embeddable":true,"href":"https:\/\/healthstore.mc\/index.php\/wp-json\/wp\/v2\/product_brand?post=394"},{"taxonomy":"product_cat","embeddable":true,"href":"https:\/\/healthstore.mc\/index.php\/wp-json\/wp\/v2\/product_cat?post=394"},{"taxonomy":"product_tag","embeddable":true,"href":"https:\/\/healthstore.mc\/index.php\/wp-json\/wp\/v2\/product_tag?post=394"}],"curies":[{"name":"wp","href":"https:\/\/api.w.org\/{rel}","templated":true}]}}