{"id":395,"date":"2020-04-23T19:25:08","date_gmt":"2020-04-23T17:25:08","guid":{"rendered":"http:\/\/10.0.0.17\/wordpress\/produit\/nootonic-100gel-2\/"},"modified":"2024-09-21T16:42:58","modified_gmt":"2024-09-21T14:42:58","slug":"nootonic-100gel-2","status":"publish","type":"product","link":"https:\/\/healthstore.mc\/index.php\/product\/nootonic-100gel-2\/","title":{"rendered":"Nootonic 100gel"},"content":{"rendered":"<p>Le terme nootrope d\u00e9signe toute substance qui am\u00e9liore les fonctions cognitives et intellectuelles.<\/p>\n<p>Certaines substances naturellement pr\u00e9sentes dans l\u2019alimentation ou les v\u00e9g\u00e9taux ont un effet nootrope scientifiquement prouv\u00e9. Ces actifs stimulent g\u00e9n\u00e9ralement la motivation et les performances et r\u00e9duisent l\u2019impact de la fatigue ou du stress sur le fonctionnement c\u00e9r\u00e9bral.<\/p>\n<p>Pour faire face \u00e0 des situations exigeantes, sur le plan mental comme physique et pour aider l\u2019organisme \u00e0 maintenir ses capacit\u00e9s, les Laboratoires\u00a0<strong>NHCO Nutrition<\/strong><sup>\u00ae<\/sup>\u00a0ont mis au point une formule unique et innovante\u00a0:\u00a0<strong>NOOTONIC<\/strong>\u2122.<\/p>\n<p>Afin de stimuler les performances cognitives et mentales, les Laboratoires\u00a0\u00a0<strong>NHCO Nutrition<\/strong><sup>\u00ae<\/sup>\u00a0ont d\u00e9velopp\u00e9\u00a0<strong>NOOTONIC<\/strong>\u2122, une formule unique regroupant 3 complexes d\u2019ingr\u00e9dients aux actions cibl\u00e9es.<br \/>\n<img loading=\"lazy\" decoding=\"async\" class=\"alignnone size-full wp-image-16875\" src=\"https:\/\/nhco-nutrition.com\/france\/wp-content\/uploads\/2018\/01\/carre02_nootonic.gif\" alt=\"\" width=\"18\" height=\"10\" \/>Le complexe\u00a0<strong>NEUROSTIM-ACH<\/strong>\u2122 agit au coeur des neurones. Il r\u00e9unit notamment la L-Tyrosine, la choline, ainsi qu\u2019un extrait d\u2019huperzia am\u00e9liorant l\u2019activit\u00e9 cognitive g\u00e9n\u00e9rale.<br \/>\n<img loading=\"lazy\" decoding=\"async\" class=\"alignnone size-full wp-image-16875\" src=\"https:\/\/nhco-nutrition.com\/france\/wp-content\/uploads\/2018\/01\/carre02_nootonic.gif\" alt=\"\" width=\"18\" height=\"10\" \/>Le complexe\u00a0<strong>NEUROPRO CONNEX<\/strong>\u2122 concentre des acides amin\u00e9s dont la taurine, du Magn\u00e9sium qui contribue au bon fonctionnement du syst\u00e8me nerveux et du Bacopa qui aide \u00e0 am\u00e9liorer la concentration et la m\u00e9moire.<br \/>\n<img loading=\"lazy\" decoding=\"async\" class=\"alignnone size-full wp-image-16875\" src=\"https:\/\/nhco-nutrition.com\/france\/wp-content\/uploads\/2018\/01\/carre02_nootonic.gif\" alt=\"\" width=\"18\" height=\"10\" \/>Enfin, le complexe\u00a0<strong>PHYSIOGEN-5i<\/strong>\u2122 renferme de la L-Glutamine, associ\u00e9 \u00e0 un actif brevet\u00e9, Neurogen\u2122, extrait de ginseng am\u00e9ricain, stimulant les capacit\u00e9s d\u2019apprentissage et am\u00e9liorant la concentration.\u00a0<strong>PHYSIOGEN-5i<\/strong>\u2122 contient \u00e9galement un extrait de rhodiola adaptog\u00e8ne qui aide l\u2019organisme en cas de stress \u00e9motionnel ou d\u2019effort physique, contribuant ainsi \u00e0 une activit\u00e9 mentale optimale.<\/p>\n<table border=\"0\" width=\"100%\" cellspacing=\"0\" cellpadding=\"10\">\n<tbody>\n<tr>\n<td bgcolor=\"#dad5ca\" width=\"42%\"><strong>Conseils d\u2019utilisation<\/strong><\/td>\n<td bgcolor=\"#ece9e1\" width=\"29%\">Matin<\/td>\n<td bgcolor=\"#dad5ca\" width=\"29%\">Midi<\/td>\n<\/tr>\n<tr>\n<td bgcolor=\"#dad5ca\">20 premiers jours<\/td>\n<td bgcolor=\"#ece9e1\"><strong>2 g\u00e9lules<\/strong><\/td>\n<td bgcolor=\"#dad5ca\"><strong>2 g\u00e9lules<\/strong><\/td>\n<\/tr>\n<tr>\n<td bgcolor=\"#dad5ca\">10 jours suivants<\/td>\n<td bgcolor=\"#ece9e1\"><strong>2 g\u00e9lules<\/strong><\/td>\n<td bgcolor=\"#dad5ca\"><\/td>\n<\/tr>\n<\/tbody>\n<\/table>\n<table border=\"0\" width=\"100%\" cellspacing=\"0\" cellpadding=\"10\">\n<tbody>\n<tr>\n<td bgcolor=\"#7b704f\">30 jours. En programme de 3 mois ou \u00e0 renouveler ponctuellement.<\/td>\n<\/tr>\n<\/tbody>\n<\/table>\n<p>&nbsp;<\/p>\n<p>Ce produit convient aux v\u00e9g\u00e9tariens et aux v\u00e9g\u00e9taliens.<\/p>\n<h5>Ce compl\u00e9ment alimentaire n\u2019est pas un m\u00e9dicament. Il est recommand\u00e9 de respecter la dose journali\u00e8re indiqu\u00e9e, de le consommer dans le cadre d\u2019une alimentation vari\u00e9e et \u00e9quilibr\u00e9e et d\u2019un mode de vie sain et de le tenir hors de port\u00e9e des jeunes enfants. R\u00e9serv\u00e9 \u00e0 l\u2019adulte except\u00e9 la femme enceinte ou allaitante et les personnes sous traitement antidiab\u00e9tique. Les personnes sous contr\u00f4le m\u00e9dical doivent demander l\u2019avis de leur m\u00e9decin.<br \/>\n\u00c0 consommer de pr\u00e9f\u00e9rence avant la date indiqu\u00e9e sous l\u2019\u00e9tui. Bien refermer apr\u00e8s ouverture. \u00c0 conserver dans un endroit sec et frais.<\/h5>\n<p><strong>Compl\u00e9ment alimentaire<\/strong><br \/>\n<strong>Ingr\u00e9dients :\u00a0<\/strong>L-Tyrosine, chlorhydrate d\u2019Ac\u00e9tyl-L-Carnitine, bisglycinate de Magn\u00e9sium tamponn\u00e9, bitartrate de choline, L-Glutamine, extrait de parties a\u00e9riennes d\u2019<em>Huperzia serrata<\/em>, extrait de racines de\u00a0<em>Rhodiola rosea<\/em>, Neurogen\u2122 (extrait de racines de ginseng am\u00e9ricain\u00a0<em>Panax quinquefolius<\/em>), sel disodique d\u2019UMP (Uridine-5\u2019-monophosphate), taurine, extrait de feuilles de bacopa (<em>Bacopa monnieri<\/em>), l\u00e9cithine de soja standardis\u00e9e \u00e0 20% en phosphatidyls\u00e9rine, caf\u00e9ine anhydre, antiagglom\u00e9rant : st\u00e9arate de magn\u00e9sium v\u00e9g\u00e9tal, concentr\u00e9 de jus de fruit de melon (<em>Cucumis melo<\/em>) standardis\u00e9 en SOD (SuperOxyde Dismutase). G\u00e9lule : hydroxypropylm\u00e9thylcellulose, colorant : complexes cuivriques de chlorophyllines.<\/p>\n<p><strong>G\u00e9lules v\u00e9g\u00e9tales vertes GreenCaps\u2122<\/strong><\/p>\n<table border=\"0\" width=\"100%\" cellspacing=\"0\" cellpadding=\"10\">\n<tbody>\n<tr>\n<td bgcolor=\"#666666\"><strong>Composition moyenne pour 4 g\u00e9lules\/jour (2257 mg)<\/strong><\/td>\n<\/tr>\n<\/tbody>\n<\/table>\n<table border=\"0\" width=\"100%\" cellspacing=\"0\" cellpadding=\"10\">\n<tbody>\n<tr>\n<td align=\"left\" bgcolor=\"#a2a2a2\" width=\"50\">Ingr\u00e9dients<\/td>\n<td align=\"right\" bgcolor=\"#a2a2a2\" width=\"20%\">Dosage<\/td>\n<\/tr>\n<tr>\n<td align=\"left\" bgcolor=\"#cccccc\"><strong>NeuroStim-Ach<\/strong><\/td>\n<td align=\"right\" bgcolor=\"#cccccc\"><strong>846 mg<\/strong><\/td>\n<\/tr>\n<\/tbody>\n<\/table>\n<table border=\"0\" width=\"100%\" cellspacing=\"0\" cellpadding=\"10\">\n<tbody>\n<tr>\n<td bgcolor=\"#f1efee\">\n<h5>L-Tyrosine 500 mg, choline bitartrate 206 mg (\u00e9quivalent choline 83 mg), Uridine-5\u2019-monophosphate 100 mg, extrait d\u2019huperzia 40 mg<\/h5>\n<\/td>\n<\/tr>\n<\/tbody>\n<\/table>\n<table border=\"0\" width=\"100%\" cellspacing=\"0\" cellpadding=\"10\">\n<tbody>\n<tr>\n<td align=\"left\" bgcolor=\"#cccccc\" width=\"50\"><strong>Neuropro Connex<\/strong><\/td>\n<td align=\"right\" bgcolor=\"#cccccc\" width=\"20%\"><strong>726 mg<\/strong><\/td>\n<\/tr>\n<\/tbody>\n<\/table>\n<table border=\"0\" width=\"100%\" cellspacing=\"0\" cellpadding=\"10\">\n<tbody>\n<tr>\n<td bgcolor=\"#f1efee\">\n<h5>Ac\u00e9tyl-L-Carnitine 300 mg, Taurine 150 mg, extrait de bacopa 120 mg, l\u00e9cithine standardis\u00e9e \u00e0 20 % en phosphatidyls\u00e9rine 100 mg, Magn\u00e9sium (sous forme amino-ch\u00e9lat\u00e9e\u00ae) 56,3 mg (15% VNR*)<\/h5>\n<\/td>\n<\/tr>\n<\/tbody>\n<\/table>\n<table border=\"0\" width=\"100%\" cellspacing=\"0\" cellpadding=\"10\">\n<tbody>\n<tr>\n<td align=\"left\" bgcolor=\"#cccccc\" width=\"50\"><strong>Physiogen-5i<\/strong><\/td>\n<td align=\"right\" bgcolor=\"#cccccc\" width=\"20%\"><strong>685 mg<\/strong><\/td>\n<\/tr>\n<\/tbody>\n<\/table>\n<table border=\"0\" width=\"100%\" cellspacing=\"0\" cellpadding=\"10\">\n<tbody>\n<tr>\n<td bgcolor=\"#f1efee\">\n<h5>L-Glutamine 200 mg, Neurogen 200 mg, extrait de rhodiola 200 mg, caf\u00e9ine 75 mg, concentr\u00e9 de melon standardis\u00e9 en SOD (14 000 IU\/g) 10 mg<\/h5>\n<\/td>\n<\/tr>\n<\/tbody>\n<\/table>\n<h5><em>* Valeurs Nutritionnelles de R\u00e9f\u00e9rence.<\/em><\/h5>\n<h5>Contient de la caf\u00e9ine, d\u00e9conseill\u00e9 aux enfants et aux femmes enceintes (75 mg pour 4 g\u00e9lules).<\/h5>\n<p>&nbsp;<\/p>\n<p>Poids net : 75 g. \u2013 Code ACL : 6077025<\/p>\n","protected":false},"excerpt":{"rendered":"<table border=\"0\" cellspacing=\"0\" cellpadding=\"0\">\n<tbody>\n<tr>\n<td valign=\"top\">\n<h1><strong>Nootonic<\/strong>\u2122<\/h1>\n<\/td>\n<\/tr>\n<tr>\n<td valign=\"top\" height=\"50\">\n<h5>NeuroStim-Ach, Neuropro Connex<br \/>\n(NHP#1,015,670)<\/h5>\n<\/td>\n<\/tr>\n<\/tbody>\n<\/table>\n<h3><strong>Performances cognitives et mentales<\/strong><\/h3>\n<p><img loading=\"lazy\" decoding=\"async\" class=\"alignnone size-full wp-image-16875\" src=\"https:\/\/nhco-nutrition.com\/france\/wp-content\/uploads\/2018\/01\/carre02_nootonic.gif\" alt=\"\" width=\"18\" height=\"10\" \/>Innovation\u00a0<strong>Aminoscience<\/strong><sup>\u00ae<\/sup>\u00a0regroupant des acides amin\u00e9s tels que la L-Tyrosine et la taurine avec des extraits v\u00e9g\u00e9taux\u00a0<strong>stimulant les performances mentales et physiques<\/strong>, notamment le Neurogen\u2122, extrait de\u00a0<em>Panax quinquefolius<\/em>\u00a0objectiv\u00e9 et le bacopa qui\u00a0<strong>am\u00e9liorent les capacit\u00e9s d\u2019apprentissage, la concentration et la m\u00e9moire<\/strong>\u00a0ou le rhodiola qui\u00a0<strong>r\u00e9duit la fatigue li\u00e9e au stress<\/strong>.<\/p>\n<p><strong>100 g\u00e9lules GreenCaps\u2122 \u2013 1 mois<\/strong><\/p>\n<p><img loading=\"lazy\" decoding=\"async\" class=\"alignnone size-full wp-image-18718\" src=\"https:\/\/nhco-nutrition.com\/france\/wp-content\/uploads\/2019\/08\/Logo-NHCO-Premium-isol%C3%A9.png\" alt=\"\" width=\"74\" height=\"78\" \/><\/p>\n","protected":false},"featured_media":2252,"comment_status":"open","ping_status":"closed","template":"","meta":[],"product_brand":[],"product_cat":[23],"product_tag":[],"class_list":{"0":"post-395","1":"product","2":"type-product","3":"status-publish","4":"has-post-thumbnail","6":"product_cat-23","7":"entry","9":"first","10":"instock","11":"taxable","12":"shipping-taxable","13":"purchasable","14":"product-type-simple"},"jetpack_sharing_enabled":true,"_links":{"self":[{"href":"https:\/\/healthstore.mc\/index.php\/wp-json\/wp\/v2\/product\/395","targetHints":{"allow":["GET"]}}],"collection":[{"href":"https:\/\/healthstore.mc\/index.php\/wp-json\/wp\/v2\/product"}],"about":[{"href":"https:\/\/healthstore.mc\/index.php\/wp-json\/wp\/v2\/types\/product"}],"replies":[{"embeddable":true,"href":"https:\/\/healthstore.mc\/index.php\/wp-json\/wp\/v2\/comments?post=395"}],"wp:featuredmedia":[{"embeddable":true,"href":"https:\/\/healthstore.mc\/index.php\/wp-json\/wp\/v2\/media\/2252"}],"wp:attachment":[{"href":"https:\/\/healthstore.mc\/index.php\/wp-json\/wp\/v2\/media?parent=395"}],"wp:term":[{"taxonomy":"product_brand","embeddable":true,"href":"https:\/\/healthstore.mc\/index.php\/wp-json\/wp\/v2\/product_brand?post=395"},{"taxonomy":"product_cat","embeddable":true,"href":"https:\/\/healthstore.mc\/index.php\/wp-json\/wp\/v2\/product_cat?post=395"},{"taxonomy":"product_tag","embeddable":true,"href":"https:\/\/healthstore.mc\/index.php\/wp-json\/wp\/v2\/product_tag?post=395"}],"curies":[{"name":"wp","href":"https:\/\/api.w.org\/{rel}","templated":true}]}}