{"id":396,"date":"2020-04-23T19:25:11","date_gmt":"2020-04-23T17:25:11","guid":{"rendered":"http:\/\/10.0.0.17\/wordpress\/produit\/effluvium-168gel-2\/"},"modified":"2024-09-21T16:42:59","modified_gmt":"2024-09-21T14:42:59","slug":"effluvium-168gel-2","status":"publish","type":"product","link":"https:\/\/healthstore.mc\/index.php\/product\/effluvium-168gel-2\/","title":{"rendered":"Effluvium 168gel"},"content":{"rendered":"<p>La normalisation de la croissance, de l\u2019\u00e9paisseur et de la force du cheveu d\u00e9pend de la bonne sant\u00e9 du follicule pilo-s\u00e9bac\u00e9, si\u00e8ge de la partie vivante du cheveu.<br \/>\nUne chute de cheveux, occasionnelle ou continue, ou un cuir chevelu clairsem\u00e9, ont souvent pour origine un d\u00e9r\u00e8glement de l\u2019apport en nutriments.<\/p>\n<p>Gr\u00e2ce \u00e0 leurs connaissances en biologie et notamment dans le domaine des acides amin\u00e9s, les Laboratoires\u00a0<strong>NHCO Nutrition<\/strong><sup>\u00ae<\/sup>\u00a0ont \u00e9labor\u00e9\u00a0<strong>EFFLUVIUM\u2122<\/strong>, une formule qui concentre 20 actifs intervenant \u00e0 diff\u00e9rents niveaux.<br \/>\n<img loading=\"lazy\" decoding=\"async\" class=\"alignnone size-full wp-image-2377\" title=\"\" src=\"http:\/\/www.nhco-nutrition.com\/images\/carre02_vert.gif\" alt=\"\" width=\"18\" height=\"10\" \/><strong>Croissance<\/strong>\u00a0: le complexe\u00a0<strong>Anap GH\u2122<\/strong>\u00a0est compos\u00e9 de l\u2019acide amin\u00e9 L-Arginine, et d\u2019<em>Eruca Sativa<\/em>\u00a0qui stimule le bulbe capillaire favorisant ainsi la croissance du cheveu.\u00a0<strong>EFFLUVIUM<\/strong>\u2122 est aussi riche en nutriments essentiels notamment en vitamines B et en Fer.<br \/>\n<img loading=\"lazy\" decoding=\"async\" class=\"alignnone size-full wp-image-2377\" title=\"\" src=\"http:\/\/www.nhco-nutrition.com\/images\/carre02_vert.gif\" alt=\"\" width=\"18\" height=\"10\" \/><strong>Epaisseur<\/strong>\u00a0: le complexe\u00a0<strong>CMS-K\u00e9ratine<\/strong>\u00a0et la\u00a0<strong>L-Cyst\u00e9ine<\/strong>\u00a0apportent des acides amin\u00e9s constitutifs de chaque fibre prot\u00e9ique de k\u00e9ratine, contribuant ainsi \u00e0 l\u2019\u00e9paisseur des cheveux.<br \/>\n<img loading=\"lazy\" decoding=\"async\" class=\"alignnone size-full wp-image-2377\" title=\"\" src=\"http:\/\/www.nhco-nutrition.com\/images\/carre02_vert.gif\" alt=\"\" width=\"18\" height=\"10\" \/><strong>Soin<\/strong>\u00a0: le complexe\u00a0<strong>5\u03b1-Lyso-Zinc\u2122<\/strong>\u00a0contient du Zinc participant au maintien de cheveux normaux.<br \/>\n<img loading=\"lazy\" decoding=\"async\" class=\"alignnone size-full wp-image-2377\" title=\"\" src=\"http:\/\/www.nhco-nutrition.com\/site\/wp-content\/uploads\/2012\/07\/carre02_vert.gif\" alt=\"\" width=\"18\" height=\"10\" \/><strong>Beaut\u00e9<\/strong>\u00a0: le Cuivre Amino-ch\u00e9lat\u00e9\u2122 et la vitamine E naturelle contribuent \u00e0 prot\u00e9ger les cellules contre le stress oxydatif. Le Cuivre participe \u00e9galement \u00e0 la pigmentation normale des cheveux. Ce complexe favorise la brillance et la beaut\u00e9 des cheveux.<\/p>\n<table border=\"0\" width=\"100%\" cellspacing=\"0\" cellpadding=\"10\">\n<tbody>\n<tr>\n<td bgcolor=\"#b0c2b4\" width=\"60%\"><strong>Conseils d\u2019utilisation<\/strong><\/td>\n<td bgcolor=\"#d0e3d4\" width=\"20%\">Matin<\/td>\n<td bgcolor=\"#b0c2b4\" width=\"20%\">Soir<\/td>\n<\/tr>\n<tr>\n<td bgcolor=\"#b0c2b4\" width=\"60%\">Phase d\u2019attaque 14 jours<\/td>\n<td bgcolor=\"#d0e3d4\" width=\"20%\"><strong>2 g\u00e9lules<\/strong><\/td>\n<td bgcolor=\"#b0c2b4\" width=\"20%\"><strong>2 g\u00e9lules<\/strong><\/td>\n<\/tr>\n<tr>\n<td bgcolor=\"#b0c2b4\">Phase de suivi de 56 jours<\/td>\n<td bgcolor=\"#d0e3d4\"><\/td>\n<td bgcolor=\"#b0c2b4\"><strong>2 g\u00e9lules<\/strong><\/td>\n<\/tr>\n<\/tbody>\n<\/table>\n<table border=\"0\" width=\"100%\" cellspacing=\"0\" cellpadding=\"10\">\n<tbody>\n<tr>\n<td bgcolor=\"#00421b\">Programme de 10 semaines.<\/td>\n<\/tr>\n<\/tbody>\n<\/table>\n<h5><\/h5>\n<h5>Ce compl\u00e9ment alimentaire n\u2019est pas un m\u00e9dicament. Il est recommand\u00e9 de respecter la dose journali\u00e8re indiqu\u00e9e, de le consommer dans le cadre d\u2019une alimentation vari\u00e9e et \u00e9quilibr\u00e9e et d\u2019un mode de vie sain et de le tenir hors de port\u00e9e des jeunes enfants. R\u00e9serv\u00e9 \u00e0 l\u2019adulte except\u00e9 la femme enceinte ou allaitante. Les personnes sous contr\u00f4le m\u00e9dical doivent demander l\u2019avis de leur m\u00e9decin, notamment en cas de troubles h\u00e9patiques (vitamine B3).<\/h5>\n<h5>Apr\u00e8s ouverture, bien refermer le pilulier et pour une meilleure conservation placer le produit au r\u00e9frig\u00e9rateur.<\/h5>\n<p><strong>Compl\u00e9ment alimentaire<\/strong><br \/>\n<strong>Ingr\u00e9dients :\u00a0<\/strong>g\u00e9latine marine (peptides de collag\u00e8ne de\u00a0<strong>poisson<\/strong>), chlorhydrate de L-Cyst\u00e9ine, chlorhydrate de L-Arginine, chlorhydrate de L-Lysine, inositol, L-M\u00e9thionine, extrait de roquette (<em>Eruca sativa<\/em>), antiagglom\u00e9rants : st\u00e9arate de magn\u00e9sium v\u00e9g\u00e9tal et phosphate de calcium, bitartrate de choline, bisglycinate de Zinc, extrait de pr\u00eale (<em>Equisetum arvense<\/em>), vitamine E naturelle (ac\u00e9tate de d-alpha-tocoph\u00e9rol), bisglycinate de Fer, vitamine B3 (nicotinamide), vitamine B5 (D-pantoth\u00e9nate de Calcium), bisglycinate de Cuivre, Pipermax\u00ae (extrait de fruits de\u00a0<em>Piper nigrum<\/em>), vitamine B2 (riboflavine), vitamine B1 (chlorhydrate de thiamine), vitamine B6 (chlorhydrate de pyridoxine), biotine. G\u00e9lule v\u00e9g\u00e9tale : hydroxypropylm\u00e9thylcellulose, colorant : complexes cuivriques de chlorophyllines.<\/p>\n<p><strong>G\u00e9lules v\u00e9g\u00e9tales vertes GreenCaps\u2122<\/strong><\/p>\n<table border=\"0\" width=\"100%\" cellspacing=\"0\" cellpadding=\"10\">\n<tbody>\n<tr>\n<td bgcolor=\"#666666\"><strong>Composition moyenne pour 4 g\u00e9lules\/jour (2373 mg)<\/strong><\/td>\n<\/tr>\n<\/tbody>\n<\/table>\n<table border=\"0\" width=\"100%\" cellspacing=\"0\" cellpadding=\"10\">\n<tbody>\n<tr>\n<td align=\"left\" bgcolor=\"#A2A2A2\" width=\"50\">Ingr\u00e9dients<\/td>\n<td align=\"right\" bgcolor=\"#A2A2A2\" width=\"20%\">Dosage<\/td>\n<\/tr>\n<tr>\n<td align=\"left\" bgcolor=\"#CCCCCC\"><strong>Anap GH<\/strong><\/td>\n<td align=\"right\" bgcolor=\"#CCCCCC\"><strong>625 mg<\/strong><\/td>\n<\/tr>\n<\/tbody>\n<\/table>\n<table border=\"0\" width=\"100%\" cellspacing=\"0\" cellpadding=\"10\">\n<tbody>\n<tr>\n<td bgcolor=\"#f1efee\">\n<h5>L-Arginine HCl 480 mg (\u00e9quivalent \u00e0 400 mg d\u2019Arginine), extrait d\u2019<em>Eruca sativa<\/em>\u00a0100 mg, pr\u00eale 40 mg, Pipermax (extrait de poivre noir) 3 mg, vitamine B6 1,61 mg (115 % VNR*),<\/h5>\n<\/td>\n<\/tr>\n<\/tbody>\n<\/table>\n<table border=\"0\" width=\"100%\" cellspacing=\"0\" cellpadding=\"10\">\n<tbody>\n<tr>\n<td align=\"left\" bgcolor=\"#CCCCCC\" width=\"50\"><strong>Choline 3BF<\/strong><\/td>\n<td align=\"right\" bgcolor=\"#CCCCCC\" width=\"20%\"><strong>104 mg<\/strong><\/td>\n<\/tr>\n<\/tbody>\n<\/table>\n<table border=\"0\" width=\"100%\" cellspacing=\"0\" cellpadding=\"10\">\n<tbody>\n<tr>\n<td bgcolor=\"#f1efee\">\n<h5>Bitartrate de choline 60 mg (\u00e9quivalent \u00e0 25 mg de choline), vitamine B3 32 mg (200 % VNR*), Fer 7 mg (50 % VNR*), vitamine B2 2,8 mg (200 % VNR*), vitamine B1 2,2 mg (200 % VNR*).<\/h5>\n<\/td>\n<\/tr>\n<\/tbody>\n<\/table>\n<table border=\"0\" cellspacing=\"0\" cellpadding=\"10\">\n<tbody>\n<tr>\n<td align=\"left\" bgcolor=\"#CCCCCC\" width=\"1316\"><strong>CMS-K\u00e9ratine<\/strong><\/td>\n<td align=\"right\" bgcolor=\"#CCCCCC\" width=\"326\"><strong>696 mg<\/strong><\/td>\n<\/tr>\n<\/tbody>\n<\/table>\n<table border=\"0\" width=\"100%\" cellspacing=\"0\" cellpadding=\"10\">\n<tbody>\n<tr>\n<td bgcolor=\"#f1efee\">\n<h5>G\u00e9latine marine 580 mg, L-M\u00e9thionine 104 mg, vitamine B5 12 mg (200 % VNR*), vitamine B8 50 \u03bcg (200 % VNR*)<\/h5>\n<\/td>\n<\/tr>\n<\/tbody>\n<\/table>\n<table border=\"0\" cellspacing=\"0\" cellpadding=\"10\">\n<tbody>\n<tr>\n<td align=\"left\" bgcolor=\"#CCCCCC\" width=\"1316\"><strong>L-Cyst\u00e9ine<\/strong><\/td>\n<td align=\"right\" bgcolor=\"#CCCCCC\" width=\"326\"><strong>400 mg<\/strong><\/td>\n<\/tr>\n<\/tbody>\n<\/table>\n<table border=\"0\" cellspacing=\"0\" cellpadding=\"10\">\n<tbody>\n<tr>\n<td align=\"left\" bgcolor=\"#CCCCCC\" width=\"1316\"><strong>5\u03b1-Lyso-Zinc<\/strong><\/td>\n<td align=\"right\" bgcolor=\"#CCCCCC\" width=\"326\"><strong>535 mg<\/strong><\/td>\n<\/tr>\n<\/tbody>\n<\/table>\n<table border=\"0\" width=\"100%\" cellspacing=\"0\" cellpadding=\"10\">\n<tbody>\n<tr>\n<td bgcolor=\"#f1efee\">\n<h5>L-Lysine HCl 280 mg (\u00e9quivalent \u00e0 226 mg de Lysine), inositol 240 mg, Zinc sous forme amino-ch\u00e9lat\u00e9e<strong><sup>\u00ae<\/sup><\/strong>\u00a015 mg (150 % VNR*)<\/h5>\n<\/td>\n<\/tr>\n<\/tbody>\n<\/table>\n<table border=\"0\" cellspacing=\"0\" cellpadding=\"10\">\n<tbody>\n<tr>\n<td align=\"left\" bgcolor=\"#CCCCCC\" width=\"1316\"><strong>Vitamine E naturelle (100 % VNR*)<\/strong><\/td>\n<td align=\"right\" bgcolor=\"#CCCCCC\" width=\"326\"><strong>12 mg<\/strong><\/td>\n<\/tr>\n<\/tbody>\n<\/table>\n<table border=\"0\" cellspacing=\"0\" cellpadding=\"10\">\n<tbody>\n<tr>\n<td align=\"left\" bgcolor=\"#CCCCCC\" width=\"1316\"><strong>Cuivre (sous forme de ch\u00e9lat\u00e9 de bisglycinate \u2013 100 % VNR*)<\/strong><\/td>\n<td align=\"right\" bgcolor=\"#CCCCCC\" width=\"326\"><strong>1 mg<\/strong><\/td>\n<\/tr>\n<\/tbody>\n<\/table>\n<h5><em>* Valeurs Nutritionnelles de R\u00e9f\u00e9rence.<\/em><\/h5>\n<p>&nbsp;<\/p>\n<p>Poids net : 130 g. \u2013 Code ACL : 3401597732584<\/p>\n","protected":false},"excerpt":{"rendered":"<table border=\"0\" cellspacing=\"0\" cellpadding=\"0\">\n<tbody>\n<tr>\n<td valign=\"top\">\n<h1><strong>Effluvium\u2122<\/strong><\/h1>\n<\/td>\n<\/tr>\n<tr>\n<td valign=\"top\" height=\"40\">\n<h5>Anap GH \u2013 L-Cyst\u00e9ine \u2013 5\u03b1-Lyso-Zinc<br \/>\n<em>(EFV#4,020,504)<\/em><\/h5>\n<\/td>\n<\/tr>\n<\/tbody>\n<\/table>\n<h3><strong>Croissance \u2013 Vitalit\u00e9 du cheveu<\/strong><\/h3>\n<p><img loading=\"lazy\" decoding=\"async\" title=\"\" src=\"http:\/\/www.nhco-nutrition.com\/images\/carre02_vert.gif\" alt=\"\" width=\"18\" height=\"10\" \/>20 actifs sont concentr\u00e9s dans une formule unique, notamment la L-Arginine, un extrait d\u2019Eruca sativa qui\u00a0<strong>stimule le bulbe capillaire favorisant la croissance des cheveux<\/strong>, des acides amin\u00e9s constitutifs des\u00a0<strong>fibres de k\u00e9ratine<\/strong>\u00a0et du Zinc qui contribue\u00a0<strong>au maintien de cheveux normaux<\/strong>.<\/p>\n<p><strong>168 g\u00e9lules GreenCaps\u2122 \u2013 10 semaines<\/strong><\/p>\n","protected":false},"featured_media":1114,"comment_status":"open","ping_status":"closed","template":"","meta":[],"product_brand":[],"product_cat":[23],"product_tag":[],"class_list":{"0":"post-396","1":"product","2":"type-product","3":"status-publish","4":"has-post-thumbnail","6":"product_cat-23","7":"entry","9":"first","10":"instock","11":"taxable","12":"shipping-taxable","13":"purchasable","14":"product-type-simple"},"jetpack_sharing_enabled":true,"_links":{"self":[{"href":"https:\/\/healthstore.mc\/index.php\/wp-json\/wp\/v2\/product\/396","targetHints":{"allow":["GET"]}}],"collection":[{"href":"https:\/\/healthstore.mc\/index.php\/wp-json\/wp\/v2\/product"}],"about":[{"href":"https:\/\/healthstore.mc\/index.php\/wp-json\/wp\/v2\/types\/product"}],"replies":[{"embeddable":true,"href":"https:\/\/healthstore.mc\/index.php\/wp-json\/wp\/v2\/comments?post=396"}],"wp:featuredmedia":[{"embeddable":true,"href":"https:\/\/healthstore.mc\/index.php\/wp-json\/wp\/v2\/media\/1114"}],"wp:attachment":[{"href":"https:\/\/healthstore.mc\/index.php\/wp-json\/wp\/v2\/media?parent=396"}],"wp:term":[{"taxonomy":"product_brand","embeddable":true,"href":"https:\/\/healthstore.mc\/index.php\/wp-json\/wp\/v2\/product_brand?post=396"},{"taxonomy":"product_cat","embeddable":true,"href":"https:\/\/healthstore.mc\/index.php\/wp-json\/wp\/v2\/product_cat?post=396"},{"taxonomy":"product_tag","embeddable":true,"href":"https:\/\/healthstore.mc\/index.php\/wp-json\/wp\/v2\/product_tag?post=396"}],"curies":[{"name":"wp","href":"https:\/\/api.w.org\/{rel}","templated":true}]}}