{"id":397,"date":"2020-04-23T19:25:15","date_gmt":"2020-04-23T17:25:15","guid":{"rendered":"http:\/\/10.0.0.17\/wordpress\/produit\/nucleox-56gel-2\/"},"modified":"2023-01-10T16:19:21","modified_gmt":"2023-01-10T15:19:21","slug":"nucleox-56gel-2","status":"publish","type":"product","link":"https:\/\/healthstore.mc\/index.php\/product\/nucleox-56gel-2\/","title":{"rendered":"Nucleox 56gel"},"content":{"rendered":"<p>Dans l\u2019organisme, il existe un \u00e9quilibre naturel entre le stress oxydatif, cr\u00e9\u00e9 par les radicaux libres, et les d\u00e9fenses antioxydantes.<br \/>\nLes modes de vie et d\u2019alimentation actuels tendent \u00e0 d\u00e9s\u00e9quilibrer ce statut, perturbant le fonctionnement et le renouvellement de nos cellules, agissant au coeur m\u00eame de l\u2019ADN et provoquant notamment un vieillissement pr\u00e9matur\u00e9 des cellules.<\/p>\n<p>Les Laboratoires\u00a0<strong>NHCO Nutrition<\/strong><sup>\u00ae<\/sup>\u00a0ont mis au point une formule concentr\u00e9e de 39 ingr\u00e9dients,\u00a0<strong>NUCLEOX<\/strong>\u2122, qui rassemble des nutriments au pouvoir antioxydant.<br \/>\n<img loading=\"lazy\" decoding=\"async\" title=\"\" src=\"http:\/\/www.nhco-nutrition.com\/images\/carre02_vertclair.gif\" alt=\"\" width=\"18\" height=\"10\" \/><strong>Nucl\u00e9o 100<\/strong>\u2122 est un m\u00e9lange sp\u00e9cifique de nucl\u00e9otides \u00e9labor\u00e9 par\u00a0<strong>NHCO Nutrition<\/strong><sup>\u00ae<\/sup>. Les nucl\u00e9otides sont les constituants de l\u2019ADN et participent \u00e0 des processus fondamentaux dans l\u2019organisme.<br \/>\n<img loading=\"lazy\" decoding=\"async\" title=\"\" src=\"http:\/\/www.nhco-nutrition.com\/images\/carre02_vertclair.gif\" alt=\"\" width=\"18\" height=\"10\" \/><strong>NUCLEOX<\/strong>\u2122 renferme \u00e9galement de la N-Ac\u00e9tyl-cyst\u00e9ine, un acide amin\u00e9 pr\u00e9curseur du Glutathion*, de la SOD* encapsul\u00e9e extraite du melon ainsi qu\u2019un m\u00e9lange naturel brevet\u00e9,\u00a0<strong>SPECTRA 22<\/strong>\u2122, \u00e9quivalent \u00e0 plus de 2 portions de fruits sur le plan de la teneur en polyph\u00e9nols.\u00a0<strong>SPECTRA 22<\/strong>\u2122 contient notamment des extraits de th\u00e9 vert, de raisin et d\u2019ail qui renforcent les capacit\u00e9s antioxydantes de l\u2019organisme.<br \/>\n<img loading=\"lazy\" decoding=\"async\" title=\"\" src=\"http:\/\/www.nhco-nutrition.com\/images\/carre02_vertclair.gif\" alt=\"\" width=\"18\" height=\"10\" \/>La vitamine C, le S\u00e9l\u00e9nium et la vitamine E compl\u00e8tent la formule. Ils contribuent \u00e0 la lutte contre le stress oxydatif prot\u00e9geant ainsi l\u2019int\u00e9grit\u00e9 des cellules.<\/p>\n<h5>* Le Glutathion et la SOD font partie du syst\u00e8me de d\u00e9fense de l\u2019organisme.<\/h5>\n<table border=\"0\" width=\"100%\" cellspacing=\"0\" cellpadding=\"10\">\n<tbody>\n<tr>\n<td bgcolor=\"#edf3d0\"><strong>Conseils d\u2019utilisation :<br \/>\n1 \u00e0 2 g\u00e9lules par jour lors d\u2019un repas<\/strong><\/td>\n<\/tr>\n<\/tbody>\n<\/table>\n<table border=\"0\" width=\"100%\" cellspacing=\"0\" cellpadding=\"10\">\n<tbody>\n<tr>\n<td bgcolor=\"#b7d02e\">Programme de 4 \u00e0 8 semaines<br \/>\n\u00c0 renouveler en fonction des besoins.<\/td>\n<\/tr>\n<\/tbody>\n<\/table>\n<p>&nbsp;<\/p>\n<h5>Ce compl\u00e9ment alimentaire n\u2019est pas un m\u00e9dicament. Il est recommand\u00e9 de respecter la dose journali\u00e8re indiqu\u00e9e, de le consommer dans le cadre d\u2019une alimentation vari\u00e9e et \u00e9quilibr\u00e9e et d\u2019un mode de vie sain, de le tenir hors de port\u00e9e des jeunes enfants. R\u00e9serv\u00e9 \u00e0 l\u2019adulte, except\u00e9 les femmes enceintes ou allaitantes. Les personnes ayant une hypothyro\u00efdie ou un traitement de la thyro\u00efde ou anticoagulant doivent demander conseil \u00e0 leur m\u00e9decin.<\/h5>\n<h5>Bien refermer apr\u00e8s ouverture. \u00c0 conserver dans un endroit sec et frais.<\/h5>\n<p><strong>Compl\u00e9ment alimentaire<\/strong><br \/>\n<strong>Ingr\u00e9dients :\u00a0<\/strong>N-Ac\u00e9tylcyst\u00e9ine, Spectra 22\u2122 (extrait de peau et graine de raisin\u00a0<em>Vitis vinifera<\/em>*, extrait de feuille de th\u00e9 vert\u00a0<em>Camellia sinensis<\/em>, jus de carotte, de brocoli, de feuille de chou vert, de bulbes d\u2019oignon et d\u2019ail, germe de\u00a0<strong>bl\u00e9<\/strong>, jus de pousse d\u2019asperge, jus de tomate, myrtille, pomelo, papaye, ananas, fraise, pomme, abricot, cerise, orange, cassis, olive et concombre), Nucl\u00e9o 100\u2122 (sels disodiques de Guanosine-5\u2019-monophosphate \u00abGMP\u00bb, d\u2019Inosine-5\u2019-monophosphate \u00abIMP\u00bb et d\u2019Uridine-5\u2019-monophosphate \u00abUMP\u00bb, Cytidine-5\u2019-monophosphate \u00abCMP\u00bb, Ad\u00e9nosine-5\u2019-monophosphate \u00abAMP\u00bb), extrait de peau de raisin (<em>Vitis vinifera<\/em>) standardis\u00e9 en resv\u00e9ratrol, vitamine C (acide ascorbique), extrait d\u2019oignon (<em>Allium cepa<\/em>) titr\u00e9 en querc\u00e9tine, L-carnosine, extrait de brocoli (<em>Brassica oleracea var italica<\/em>), concentr\u00e9 de jus de melon standardis\u00e9 en SOD (SuperOxyde Dismutase), coenzyme Q10, extrait de rhizome de\u00a0<em>Curcuma longa<\/em>\u00a0standardis\u00e9 en curcumino\u00efdes, vitamine E naturelle (succinate acide de D-alpha tocoph\u00e9ryle), extrait de fruit de poivre noir (<em>Piper nigrum<\/em>), s\u00e9l\u00e9nom\u00e9thionine, anti-agglom\u00e9rant : st\u00e9arate de magn\u00e9sium v\u00e9g\u00e9tal. G\u00e9lule : hydroxypropylm\u00e9thylcellulose, colorant : complexes cuivriques de chlorophyllines.<br \/>\n* Contient : sulfites.<\/p>\n<p><strong>G\u00e9lules v\u00e9g\u00e9tales GreenCaps\u2122<\/strong><\/p>\n<table border=\"0\" width=\"100%\" cellspacing=\"0\" cellpadding=\"10\">\n<tbody>\n<tr>\n<td bgcolor=\"#666666\"><strong>Composition moyenne pour 2 g\u00e9lules\/jour (1215 mg)<\/strong><\/td>\n<\/tr>\n<\/tbody>\n<\/table>\n<table border=\"0\" width=\"100%\" cellspacing=\"0\" cellpadding=\"10\">\n<tbody>\n<tr>\n<td align=\"left\" bgcolor=\"#A2A2A2\" width=\"50\">Ingr\u00e9dients<\/td>\n<td align=\"right\" bgcolor=\"#A2A2A2\" width=\"20%\">Dosage<\/td>\n<\/tr>\n<tr>\n<td align=\"left\" bgcolor=\"#CCCCCC\"><strong>Nucl\u00e9o 100<\/strong><\/td>\n<td align=\"right\" bgcolor=\"#CCCCCC\"><strong>200 mg<\/strong><\/td>\n<\/tr>\n<\/tbody>\n<\/table>\n<table border=\"0\" width=\"100%\" cellspacing=\"0\" cellpadding=\"10\">\n<tbody>\n<tr>\n<td bgcolor=\"#f1efee\">\n<h5>standardis\u00e9 \u00e0 77 % de CMP, GMP, IMP, UMP et AMP<\/h5>\n<\/td>\n<\/tr>\n<\/tbody>\n<\/table>\n<table border=\"0\" width=\"100%\" cellspacing=\"0\" cellpadding=\"10\">\n<tbody>\n<tr>\n<td align=\"left\" bgcolor=\"#CCCCCC\" width=\"50\"><strong>Gluta-SOD System<\/strong><\/td>\n<td align=\"right\" bgcolor=\"#CCCCCC\" width=\"20%\"><strong>370 mg<\/strong><\/td>\n<\/tr>\n<\/tbody>\n<\/table>\n<table border=\"0\" width=\"100%\" cellspacing=\"0\" cellpadding=\"10\">\n<tbody>\n<tr>\n<td bgcolor=\"#f1efee\">\n<h5>N-Ac\u00e9tyl-Cyst\u00e9ine 350 mg, concentr\u00e9 de jus de melon standardis\u00e9 en SOD (5 000 IU\/g) 20 mg, S\u00e9l\u00e9nium (sous forme de s\u00e9l\u00e9nom\u00e9thionine) 33 \u03bcg (60% VNR*)<\/h5>\n<\/td>\n<\/tr>\n<\/tbody>\n<\/table>\n<table border=\"0\" width=\"100%\" cellspacing=\"0\" cellpadding=\"10\">\n<tbody>\n<tr>\n<td align=\"left\" bgcolor=\"#CCCCCC\" width=\"50\"><strong>AC3 Q10 Complex<\/strong><\/td>\n<td align=\"right\" bgcolor=\"#CCCCCC\" width=\"20%\"><strong>172 mg<\/strong><\/td>\n<\/tr>\n<\/tbody>\n<\/table>\n<table border=\"0\" width=\"100%\" cellspacing=\"0\" cellpadding=\"10\">\n<tbody>\n<tr>\n<td bgcolor=\"#f1efee\">\n<h5>Vitamine C 80 mg (100% VNR*), Carnosine 40 mg, querc\u00e9tine naturelle 20 mg, coenzyme Q10 20 mg, vitamine E naturelle 12 mg (100% VNR*)<\/h5>\n<\/td>\n<\/tr>\n<\/tbody>\n<\/table>\n<table border=\"0\" width=\"100%\" cellspacing=\"0\" cellpadding=\"10\">\n<tbody>\n<tr>\n<td align=\"left\" bgcolor=\"#CCCCCC\" width=\"50\"><strong>Natural Spectra<\/strong><\/td>\n<td align=\"right\" bgcolor=\"#CCCCCC\" width=\"20%\"><strong>473 mg<\/strong><\/td>\n<\/tr>\n<\/tbody>\n<\/table>\n<table border=\"0\" width=\"100%\" cellspacing=\"0\" cellpadding=\"10\">\n<tbody>\n<tr>\n<td bgcolor=\"#f1efee\">\n<h5>Spectra-22 320 mg (extrait de raisin 128 mg, extrait de th\u00e9 vert 64 mg, germe de bl\u00e9, jus de carotte, brocoli, chou vert, oignon, ail 7 mg, asperge, tomate, myrtille, pomelo, papaye, ananas, fraise, pomme, abricot, cerise, orange, cassis, olive et concombre), extrait de raisin (dont resv\u00e9ratrol 5 mg) 100 mg, extrait de brocoli standardis\u00e9 \u00e0 4 % en sulphorafane 30 mg, Curcumino\u00efdes extraits de\u00a0<em>Curcuma longa<\/em>\u00a019 mg, extrait de poivre 4 mg<\/h5>\n<\/td>\n<\/tr>\n<\/tbody>\n<\/table>\n<h5><em>* Valeurs Nutritionnelles de R\u00e9f\u00e9rence.<\/em><\/h5>\n<p>Poids net : 41 g. \u2013 Code ACL : 3401560266009<\/p>\n","protected":false},"excerpt":{"rendered":"<table border=\"0\" cellspacing=\"0\" cellpadding=\"0\">\n<tbody>\n<tr>\n<td valign=\"top\">\n<h1><strong>Nucl\u00e9Ox<\/strong>\u2122<\/h1>\n<\/td>\n<\/tr>\n<tr>\n<td valign=\"top\" height=\"50\">\n<h5>Nucl\u00e9o 100 \u2013 Gluta-SOD System \u2013 Natural Spectra<br \/>\n(NUH #1, 200, 039)<\/h5>\n<\/td>\n<\/tr>\n<\/tbody>\n<\/table>\n<h3><strong>Antioxydant<br \/>\nProtection cellulaire<\/strong><\/h3>\n<p><img loading=\"lazy\" decoding=\"async\" title=\"\" src=\"http:\/\/www.nhco-nutrition.com\/images\/carre02_vertclair.gif\" alt=\"\" width=\"18\" height=\"10\" \/>Formule compl\u00e8te de suppl\u00e9mentation \u00e9labor\u00e9e \u00e0 partir du\u00a0<strong>Nucl\u00e9o 100<\/strong>\u2122, innovation\u00a0<strong>NHCO Nutrition<\/strong><sup>\u00ae<\/sup>. Contient 39 ingr\u00e9dients dont un acide amin\u00e9 pr\u00e9curseur du\u00a0<strong>glutathion<\/strong>, des\u00a0<strong>antioxydants naturels<\/strong>\u00a0de raisin, du coenzyme Q10 et des vitamines C et E contribuant \u00e0 la protection cellulaire contre le stress oxydatif.<\/p>\n<p><strong>56 g\u00e9lules \u2013 4 \u00e0 8 semaines<\/strong><\/p>\n<p><img loading=\"lazy\" decoding=\"async\" class=\"alignnone size-full wp-image-16876\" src=\"https:\/\/nhco-nutrition.com\/france\/wp-content\/uploads\/2018\/03\/picto-nhco-premium.png\" alt=\"\" width=\"61\" height=\"55\" \/><\/p>\n","protected":false},"featured_media":2254,"comment_status":"open","ping_status":"closed","template":"","meta":[],"product_brand":[],"product_cat":[23],"product_tag":[],"class_list":{"0":"post-397","1":"product","2":"type-product","3":"status-publish","4":"has-post-thumbnail","6":"product_cat-23","7":"entry","9":"first","10":"outofstock","11":"taxable","12":"shipping-taxable","13":"purchasable","14":"product-type-simple"},"jetpack_sharing_enabled":true,"_links":{"self":[{"href":"https:\/\/healthstore.mc\/index.php\/wp-json\/wp\/v2\/product\/397","targetHints":{"allow":["GET"]}}],"collection":[{"href":"https:\/\/healthstore.mc\/index.php\/wp-json\/wp\/v2\/product"}],"about":[{"href":"https:\/\/healthstore.mc\/index.php\/wp-json\/wp\/v2\/types\/product"}],"replies":[{"embeddable":true,"href":"https:\/\/healthstore.mc\/index.php\/wp-json\/wp\/v2\/comments?post=397"}],"wp:featuredmedia":[{"embeddable":true,"href":"https:\/\/healthstore.mc\/index.php\/wp-json\/wp\/v2\/media\/2254"}],"wp:attachment":[{"href":"https:\/\/healthstore.mc\/index.php\/wp-json\/wp\/v2\/media?parent=397"}],"wp:term":[{"taxonomy":"product_brand","embeddable":true,"href":"https:\/\/healthstore.mc\/index.php\/wp-json\/wp\/v2\/product_brand?post=397"},{"taxonomy":"product_cat","embeddable":true,"href":"https:\/\/healthstore.mc\/index.php\/wp-json\/wp\/v2\/product_cat?post=397"},{"taxonomy":"product_tag","embeddable":true,"href":"https:\/\/healthstore.mc\/index.php\/wp-json\/wp\/v2\/product_tag?post=397"}],"curies":[{"name":"wp","href":"https:\/\/api.w.org\/{rel}","templated":true}]}}