{"id":399,"date":"2020-04-23T19:25:22","date_gmt":"2020-04-23T17:25:22","guid":{"rendered":"http:\/\/10.0.0.17\/wordpress\/produit\/myoxymum-vanille-750g-2\/"},"modified":"2023-02-21T16:06:57","modified_gmt":"2023-02-21T15:06:57","slug":"myoxymum-vanille-750g-2","status":"publish","type":"product","link":"https:\/\/healthstore.mc\/index.php\/product\/myoxymum-vanille-750g-2\/","title":{"rendered":"Myoxymum vanille 750g"},"content":{"rendered":"<p>\u00c0 la pointe de la recherche et de l\u2019innovation dans le domaine des sciences de la nutrition, les Laboratoires\u00a0<strong>NHCO Nutrition<\/strong>\u00ae sont sp\u00e9cialis\u00e9s dans le d\u00e9veloppement de formules \u00e0 base d\u2019acides amin\u00e9s, mol\u00e9cules \u00e0 l\u2019origine de la vie et constituants de toutes les prot\u00e9ines.<\/p>\n<p><strong>MYOXYMUM\u2122<\/strong>\u00a0est disponible en format 750 g.<\/p>\n<p><strong>MYOXYMUM<\/strong>\u2122 a \u00e9t\u00e9 d\u00e9velopp\u00e9 pour r\u00e9pondre aux besoins des personnes les plus exigeantes sur le plan nutritionnel. Riche en prot\u00e9ines qui contribuent \u00e0 l\u2019augmentation et au maintien de la masse musculaire s\u00e8che,\u00a0<strong>MYOXYMUM<\/strong>\u2122 a un indice chimique sup\u00e9rieur \u00e0 100, traduisant une tr\u00e8s bonne teneur en acides amin\u00e9s essentiels.<br \/>\n\u2022 6 sources de prot\u00e9ines r\u00e9pondant \u00e0 des crit\u00e8res nutritionnels rigoureux ont \u00e9t\u00e9 s\u00e9lectionn\u00e9es. Dans l\u2019organisme, leur assimilation diff\u00e9r\u00e9e les rend ad\u00e9quates pour un effet prolong\u00e9.<br \/>\n\u2022 Le\u00a0<strong>Modcarb<\/strong>\u2122, innovation des Laboratoires\u00a0<strong>NHCO Nutrition<\/strong>\u00ae apportant des acides amin\u00e9s et des glucides lents, remplace les maltodextrines traditionnellement utilis\u00e9es.<br \/>\n\u2022\u00a0<strong>MYOXYMUM<\/strong>\u2122 est id\u00e9al en compl\u00e9ment de repas ou en collation hyperprot\u00e9in\u00e9e.<br \/>\n\u2022 Pour un effet compl\u00e9mentaire, les Laboratoires\u00a0<strong>NHCO Nutrition<\/strong>\u00ae proposent d\u2019associer\u00a0<strong>MYOXYMUM<\/strong>\u2122 au produit\u00a0<strong>Carnitine CoA<\/strong>\u00a0\u00e0 base de L-Carnitine, L-Tyrosine, th\u00e9 vert et choline.<br \/>\n<strong>MYOXYMUM<\/strong>\u2122 est id\u00e9al en compl\u00e9ment de repas ou en collation hyperprot\u00e9in\u00e9e.<\/p>\n<table border=\"0\" width=\"100%\" cellspacing=\"0\" cellpadding=\"10\">\n<tbody>\n<tr>\n<td bgcolor=\"#df313c\" width=\"40%\"><strong>Conseils d\u2019utilisation<\/strong><\/td>\n<td bgcolor=\"#df313c\" width=\"30%\"><strong>33 g\/ration<\/strong><\/td>\n<td bgcolor=\"#df313c\" width=\"30%\"><strong>Pr\u00e9paration<\/strong><\/td>\n<\/tr>\n<tr>\n<td bgcolor=\"#ee9988\" width=\"40%\">En compl\u00e9ment de repas ou en collation, 2 \u00e0 3 fois par jour<\/td>\n<td bgcolor=\"#ee9988\" width=\"30%\">2 dosettes x 16,5 g environ<\/td>\n<td bgcolor=\"#ee9988\" width=\"30%\">M\u00e9langer avec 200 \u00e0 250 ml d\u2019eau<\/td>\n<\/tr>\n<\/tbody>\n<\/table>\n<p>&nbsp;<\/p>\n<h5>Respecter les doses journali\u00e8res recommand\u00e9es, consommer dans le cadre d\u2019une alimentation vari\u00e9e et \u00e9quilibr\u00e9e et d\u2019un mode de vie sain. R\u00e9serv\u00e9 \u00e0 l\u2019adulte, except\u00e9 la femme enceinte ou allaitante.<\/h5>\n<h5>Bien refermer apr\u00e8s ouverture. \u00c0 conserver dans un endroit sec et frais.<\/h5>\n<p><strong>ALIMENT RICHE EN PROT\u00c9INES AVEC \u00c9DULCORANTS<\/strong><br \/>\n<strong>Ingr\u00e9dients :<\/strong>\u00a0prot\u00e9ines de\u00a0<strong>lait<\/strong>\u00a0[whey (concentrat hydrolys\u00e9, concentrat et isolat de lactos\u00e9rum), cas\u00e9ine micellaire, contient :\u00a0<strong>soja<\/strong>], Modcarb\u2122 (son d\u2019<strong>avoine<\/strong>, quinoa, millet, amaranthe et sarrasin), prot\u00e9ine d\u2019<strong>oeuf<\/strong>, ar\u00f4mes, \u00e9paississants : gommes de guar et xanthane, sel, colorant : b\u00eata-carot\u00e8ne, correcteur d\u2019acidit\u00e9 : bicarbonate de potassium, \u00e9dulcorants : sucralose et ac\u00e9sulfame-K,\u00a0 brom\u00e9la\u00efne extraite d\u2019<em>Ananas comosus<\/em>\u00a0(0,05 %), bisglycinate de zinc, vitamine B6 (chlorhydrate de pyridoxine).<\/p>\n<table border=\"0\" width=\"100%\" cellspacing=\"0\" cellpadding=\"10\">\n<tbody>\n<tr>\n<td bgcolor=\"#666666\"><strong>D\u00e9claration nutritionnelle moyenne pour 100 g de poudre* (environ 3 rations)<\/strong><\/td>\n<\/tr>\n<\/tbody>\n<\/table>\n<table border=\"0\" width=\"100%\" cellspacing=\"0\" cellpadding=\"10\">\n<tbody>\n<tr>\n<td align=\"left\" bgcolor=\"#A2A2A2\" width=\"50\">Composition<\/td>\n<td align=\"right\" bgcolor=\"#A2A2A2\" width=\"50%\">Dosage<\/td>\n<\/tr>\n<tr>\n<td align=\"left\" bgcolor=\"#CCCCCC\">\n<h5>\u00c9nergie<\/h5>\n<\/td>\n<td align=\"right\" bgcolor=\"#CCCCCC\">\n<h5>376 kcal\/1 592 kJ<\/h5>\n<\/td>\n<\/tr>\n<\/tbody>\n<\/table>\n<table border=\"0\" width=\"100%\" cellspacing=\"0\" cellpadding=\"10\">\n<tbody>\n<tr>\n<td bgcolor=\"#f1efee\" width=\"50%\">\n<h5>Mati\u00e8res grasses<\/h5>\n<\/td>\n<td align=\"right\" bgcolor=\"#f1efee\" width=\"50%\">\n<h5>2,7 g<\/h5>\n<\/td>\n<\/tr>\n<tr>\n<td bgcolor=\"#CCCCCC\">\n<h5>dont acides gras satur\u00e9s<\/h5>\n<\/td>\n<td align=\"right\" bgcolor=\"#CCCCCC\">\n<h5>1,8 g<\/h5>\n<\/td>\n<\/tr>\n<tr>\n<td bgcolor=\"#f1efee\">\n<h5>Glucides<\/h5>\n<\/td>\n<td align=\"right\" bgcolor=\"#f1efee\">\n<h5>8,2 g<\/h5>\n<\/td>\n<\/tr>\n<tr>\n<td bgcolor=\"#CCCCCC\">\n<h5>dont sucres<\/h5>\n<\/td>\n<td align=\"right\" bgcolor=\"#CCCCCC\">\n<h5>1,4 g<\/h5>\n<\/td>\n<\/tr>\n<tr>\n<td bgcolor=\"#f1efee\">\n<h5>Fibres alimentaires<\/h5>\n<\/td>\n<td align=\"right\" bgcolor=\"#f1efee\">\n<h5>1,4 g<\/h5>\n<\/td>\n<\/tr>\n<tr>\n<td bgcolor=\"#CCCCCC\">\n<h5>Prot\u00e9ines<\/h5>\n<\/td>\n<td align=\"right\" bgcolor=\"#CCCCCC\">\n<h5>79,0 g<\/h5>\n<\/td>\n<\/tr>\n<tr>\n<td bgcolor=\"#f1efee\">\n<h5>Sel<\/h5>\n<\/td>\n<td align=\"right\" bgcolor=\"#f1efee\">\n<h5>0,70 g<\/h5>\n<\/td>\n<\/tr>\n<tr>\n<td bgcolor=\"#CCCCCC\">\n<h5>Calcium (100 % VNR**)<\/h5>\n<\/td>\n<td align=\"right\" bgcolor=\"#CCCCCC\">\n<h5>800 mg<\/h5>\n<\/td>\n<\/tr>\n<tr>\n<td bgcolor=\"#f1efee\">\n<h5>Phosphore (50 % VNR**)<\/h5>\n<\/td>\n<td align=\"right\" bgcolor=\"#f1efee\">\n<h5>350 mg<\/h5>\n<\/td>\n<\/tr>\n<tr>\n<td bgcolor=\"#CCCCCC\">\n<h5>Zinc sous forme de bisglycinate (60 % VNR**)<\/h5>\n<\/td>\n<td align=\"right\" bgcolor=\"#CCCCCC\">\n<h5>6 mg<\/h5>\n<\/td>\n<\/tr>\n<tr>\n<td bgcolor=\"#f1efee\">\n<h5>Vitamine B6 (80 % VNR**)<\/h5>\n<\/td>\n<td align=\"right\" bgcolor=\"#f1efee\">\n<h5>1,12 mg<\/h5>\n<\/td>\n<\/tr>\n<tr>\n<td bgcolor=\"#CCCCCC\">\n<h5>Brom\u00e9la\u00efne d\u2019ananas<\/h5>\n<\/td>\n<td align=\"right\" bgcolor=\"#CCCCCC\">\n<h5>50 mg<\/h5>\n<\/td>\n<\/tr>\n<\/tbody>\n<\/table>\n<h5><em>* Ces informations nutritionnelles sont bas\u00e9es sur la saveur Vanille. En choisissant la saveur Chocolat, les valeurs nutritionnelles peuvent varier.\u00a0<\/em><em>** Valeurs Nutritionnelles de R\u00e9f\u00e9rence.<br \/>\n<\/em><\/h5>\n<table border=\"0\" width=\"100%\" cellspacing=\"0\" cellpadding=\"10\">\n<tbody>\n<tr>\n<td bgcolor=\"#666666\"><strong>Aminogramme pour 100 g<br \/>\n<\/strong><\/td>\n<\/tr>\n<\/tbody>\n<\/table>\n<table border=\"0\" width=\"100%\" cellspacing=\"0\" cellpadding=\"10\">\n<tbody>\n<tr>\n<td align=\"left\" bgcolor=\"#A2A2A2\" width=\"50\">Acides amin\u00e9s<\/td>\n<td align=\"right\" bgcolor=\"#A2A2A2\" width=\"50%\">Dosage<\/td>\n<\/tr>\n<tr>\n<td align=\"left\" bgcolor=\"#CCCCCC\">\n<h5>Alanine<\/h5>\n<\/td>\n<td align=\"right\" bgcolor=\"#CCCCCC\">\n<h5>3,1 g<\/h5>\n<\/td>\n<\/tr>\n<\/tbody>\n<\/table>\n<table border=\"0\" width=\"100%\" cellspacing=\"0\" cellpadding=\"10\">\n<tbody>\n<tr>\n<td bgcolor=\"#f1efee\" width=\"50%\">\n<h5>Arginine<\/h5>\n<\/td>\n<td align=\"right\" bgcolor=\"#f1efee\" width=\"50%\">\n<h5>2,5 g<\/h5>\n<\/td>\n<\/tr>\n<tr>\n<td bgcolor=\"#CCCCCC\">\n<h5>Acide aspartique, asparagine<\/h5>\n<\/td>\n<td align=\"right\" bgcolor=\"#CCCCCC\">\n<h5>6,8 g<\/h5>\n<\/td>\n<\/tr>\n<tr>\n<td bgcolor=\"#f1efee\">\n<h5>Cystine<\/h5>\n<\/td>\n<td align=\"right\" bgcolor=\"#f1efee\">\n<h5>1,4 g<\/h5>\n<\/td>\n<\/tr>\n<tr>\n<td bgcolor=\"#CCCCCC\">\n<h5>Acide glutamique, glutamine<\/h5>\n<\/td>\n<td align=\"right\" bgcolor=\"#CCCCCC\">\n<h5>15,6 g<\/h5>\n<\/td>\n<\/tr>\n<tr>\n<td bgcolor=\"#f1efee\">\n<h5>Glycine<\/h5>\n<\/td>\n<td align=\"right\" bgcolor=\"#f1efee\">\n<h5>1,5 g<\/h5>\n<\/td>\n<\/tr>\n<tr>\n<td bgcolor=\"#CCCCCC\">\n<h5>Histidine<\/h5>\n<\/td>\n<td align=\"right\" bgcolor=\"#CCCCCC\">\n<h5>1,8 g<\/h5>\n<\/td>\n<\/tr>\n<tr>\n<td bgcolor=\"#f1efee\">\n<h5>Isoleucine<\/h5>\n<\/td>\n<td align=\"right\" bgcolor=\"#f1efee\">\n<h5>4,0 g<\/h5>\n<\/td>\n<\/tr>\n<tr>\n<td bgcolor=\"#CCCCCC\">\n<h5>Leucine<\/h5>\n<\/td>\n<td align=\"right\" bgcolor=\"#CCCCCC\">\n<h5>7,6 g<\/h5>\n<\/td>\n<\/tr>\n<tr>\n<td bgcolor=\"#f1efee\">\n<h5>Lysine<\/h5>\n<\/td>\n<td align=\"right\" bgcolor=\"#f1efee\">\n<h5>6,3 g<\/h5>\n<\/td>\n<\/tr>\n<tr>\n<td bgcolor=\"#CCCCCC\">\n<h5>M\u00e9thionine<\/h5>\n<\/td>\n<td align=\"right\" bgcolor=\"#CCCCCC\">\n<h5>1,9 g<\/h5>\n<\/td>\n<\/tr>\n<tr>\n<td bgcolor=\"#f1efee\">\n<h5>Ph\u00e9nylalanine<\/h5>\n<\/td>\n<td align=\"right\" bgcolor=\"#f1efee\">\n<h5>3,3 g<\/h5>\n<\/td>\n<\/tr>\n<tr>\n<td bgcolor=\"#CCCCCC\">\n<h5>Proline<\/h5>\n<\/td>\n<td align=\"right\" bgcolor=\"#CCCCCC\">\n<h5>6,4 g<\/h5>\n<\/td>\n<\/tr>\n<tr>\n<td bgcolor=\"#f1efee\">\n<h5>S\u00e9rine<\/h5>\n<\/td>\n<td align=\"right\" bgcolor=\"#f1efee\">\n<h5>4,3 g<\/h5>\n<\/td>\n<\/tr>\n<tr>\n<td bgcolor=\"#CCCCCC\">\n<h5>Thr\u00e9onine<\/h5>\n<\/td>\n<td align=\"right\" bgcolor=\"#CCCCCC\">\n<h5>4,2 g<\/h5>\n<\/td>\n<\/tr>\n<tr>\n<td bgcolor=\"#f1efee\">\n<h5>Tryptophane<\/h5>\n<\/td>\n<td align=\"right\" bgcolor=\"#f1efee\">\n<h5>1,1 g<\/h5>\n<\/td>\n<\/tr>\n<tr>\n<td bgcolor=\"#CCCCCC\">\n<h5>Tyrosine<\/h5>\n<\/td>\n<td align=\"right\" bgcolor=\"#CCCCCC\">\n<h5>3,3 g<\/h5>\n<\/td>\n<\/tr>\n<tr>\n<td bgcolor=\"#f1efee\">\n<h5>Valine<\/h5>\n<\/td>\n<td align=\"right\" bgcolor=\"#f1efee\">\n<h5>4,7 g<\/h5>\n<\/td>\n<\/tr>\n<\/tbody>\n<\/table>\n<p>&nbsp;<\/p>\n<p>Poids net : 750 g \u2013 Code ACL : 3401563192114<\/p>\n","protected":false},"excerpt":{"rendered":"<div class=\"wpb_text_column wpb_content_element \">\n<div class=\"wpb_wrapper\">\n<table border=\"0\" cellspacing=\"0\" cellpadding=\"0\">\n<tbody>\n<tr>\n<td valign=\"top\">\n<h1><strong>MYOXYMUM\u2122<\/strong><\/h1>\n<\/td>\n<\/tr>\n<tr>\n<td valign=\"top\" height=\"40\">\n<h5>(CWP #2,001,008) \u2013 Micellar 6P 95<\/h5>\n<\/td>\n<\/tr>\n<\/tbody>\n<\/table>\n<h3><strong>LEAN MUSCLE MULTI PROTEIN*<\/strong><\/h3>\n<table border=\"0\" cellspacing=\"0\" cellpadding=\"0\">\n<tbody>\n<tr>\n<td valign=\"top\" width=\"18\"><img loading=\"lazy\" decoding=\"async\" class=\"alignnone size-full wp-image-2377\" title=\"\" src=\"http:\/\/www.nhco-nutrition.com\/images\/carre01_noir.gif\" alt=\"\" width=\"18\" height=\"10\" \/><\/td>\n<td valign=\"top\"><span class=\"Style2\">6 sources de prot\u00e9ines Premium pour une lib\u00e9ration prolong\u00e9e<br \/>\n<\/span><\/td>\n<\/tr>\n<tr>\n<td valign=\"top\" width=\"18\"><img loading=\"lazy\" decoding=\"async\" title=\"\" src=\"http:\/\/www.nhco-nutrition.com\/images\/carre01_noir.gif\" alt=\"\" width=\"18\" height=\"10\" \/><\/td>\n<td valign=\"top\">Les prot\u00e9ines favorisent la construction et le maintien de la masse musculaire s\u00e8che<\/td>\n<\/tr>\n<tr>\n<td valign=\"top\" width=\"18\"><img loading=\"lazy\" decoding=\"async\" title=\"\" src=\"http:\/\/www.nhco-nutrition.com\/images\/carre01_noir.gif\" alt=\"\" width=\"18\" height=\"10\" \/><\/td>\n<td><span class=\"Style2\">Innovation ModCarb\u2122<\/span><\/td>\n<\/tr>\n<tr>\n<td valign=\"top\" width=\"18\"><img loading=\"lazy\" decoding=\"async\" title=\"\" src=\"http:\/\/www.nhco-nutrition.com\/images\/carre01_noir.gif\" alt=\"\" width=\"18\" height=\"10\" \/><\/td>\n<td><span class=\"Style2\">25 g de prot\u00e9ines par ration<br \/>\n<\/span><\/td>\n<\/tr>\n<\/tbody>\n<\/table>\n<\/div>\n<\/div>\n<div class=\"wpb_text_column wpb_content_element \">\n<div class=\"wpb_wrapper\">\n<p><img loading=\"lazy\" decoding=\"async\" class=\"size-full wp-image-16658 aligncenter\" src=\"http:\/\/nhco-nutrition.com\/france\/wp-content\/uploads\/2016\/07\/picto2-myoxymum2017.png\" alt=\"\" width=\"239\" height=\"55\" \/><\/p>\n<\/div>\n<\/div>\n","protected":false},"featured_media":2249,"comment_status":"open","ping_status":"closed","template":"","meta":[],"product_brand":[],"product_cat":[23],"product_tag":[],"class_list":{"0":"post-399","1":"product","2":"type-product","3":"status-publish","4":"has-post-thumbnail","6":"product_cat-23","7":"entry","9":"first","10":"outofstock","11":"taxable","12":"shipping-taxable","13":"purchasable","14":"product-type-simple"},"jetpack_sharing_enabled":true,"_links":{"self":[{"href":"https:\/\/healthstore.mc\/index.php\/wp-json\/wp\/v2\/product\/399","targetHints":{"allow":["GET"]}}],"collection":[{"href":"https:\/\/healthstore.mc\/index.php\/wp-json\/wp\/v2\/product"}],"about":[{"href":"https:\/\/healthstore.mc\/index.php\/wp-json\/wp\/v2\/types\/product"}],"replies":[{"embeddable":true,"href":"https:\/\/healthstore.mc\/index.php\/wp-json\/wp\/v2\/comments?post=399"}],"wp:featuredmedia":[{"embeddable":true,"href":"https:\/\/healthstore.mc\/index.php\/wp-json\/wp\/v2\/media\/2249"}],"wp:attachment":[{"href":"https:\/\/healthstore.mc\/index.php\/wp-json\/wp\/v2\/media?parent=399"}],"wp:term":[{"taxonomy":"product_brand","embeddable":true,"href":"https:\/\/healthstore.mc\/index.php\/wp-json\/wp\/v2\/product_brand?post=399"},{"taxonomy":"product_cat","embeddable":true,"href":"https:\/\/healthstore.mc\/index.php\/wp-json\/wp\/v2\/product_cat?post=399"},{"taxonomy":"product_tag","embeddable":true,"href":"https:\/\/healthstore.mc\/index.php\/wp-json\/wp\/v2\/product_tag?post=399"}],"curies":[{"name":"wp","href":"https:\/\/api.w.org\/{rel}","templated":true}]}}