{"id":400,"date":"2020-04-23T19:25:27","date_gmt":"2020-04-23T17:25:27","guid":{"rendered":"http:\/\/10.0.0.17\/wordpress\/produit\/whey-ic80-vanille-750g-2\/"},"modified":"2023-02-21T16:06:57","modified_gmt":"2023-02-21T15:06:57","slug":"whey-ic80-vanille-750g-2","status":"publish","type":"product","link":"https:\/\/healthstore.mc\/index.php\/product\/whey-ic80-vanille-750g-2\/","title":{"rendered":"Whey IC80 vanille 750g"},"content":{"rendered":"<p>\u00c0 la pointe de la recherche et de l\u2019innovation dans le domaine des sciences de la nutrition, les Laboratoires\u00a0<strong>NHCO Nutrition<\/strong>\u00ae sont sp\u00e9cialis\u00e9s dans le d\u00e9veloppement de formules \u00e0 base d\u2019acides amin\u00e9s, mol\u00e9cules \u00e0 l\u2019origine de la vie et constituants de toutes les prot\u00e9ines.<\/p>\n<p><strong>WHEY IC80 Pro<\/strong>\u00a0contient deux formes de prot\u00e9ines de whey (lactos\u00e9rum), l\u2019isolat et le concentrat de haute qualit\u00e9, obtenues par un syst\u00e8me de microfiltration tangentielle.<\/p>\n<p><strong>WHEY IC80 Pro<\/strong>\u00a0est disponible en format 750 g.<\/p>\n<p>\u2022 Les prot\u00e9ines contribuent \u00e0 l\u2019augmentation de la masse musculaire. Pour les personnes dont l\u2019activit\u00e9 physique est importante, l\u2019apport journalier en prot\u00e9ines conseill\u00e9 est de l\u2019ordre de 1,5 g de prot\u00e9ines par kg de poids corporel.<strong>WHEY IC80 Pro Vanille<\/strong>\u00a0en apporte\u00a0<strong>80 g<\/strong>\u00a0pour 100 g (dose journali\u00e8re recommand\u00e9e), ainsi que des min\u00e9raux dont le Calcium qui contribue au fonctionnement musculaire normal, et de la brom\u00e9la\u00efne.<br \/>\n\u2022\u00a0<strong>WHEY IC80 Pro<\/strong>\u00a0contient pr\u00e8s de 16 % de BCAA*, les acides amin\u00e9s essentiels de la fibre musculaire.<\/p>\n<h5><em>* Acides amin\u00e9s branch\u00e9s.<\/em><\/h5>\n<table border=\"0\" width=\"100%\" cellspacing=\"0\" cellpadding=\"10\">\n<tbody>\n<tr>\n<td bgcolor=\"#004a97\" width=\"40%\"><strong>Conseils d\u2019utilisation<\/strong><\/td>\n<td bgcolor=\"#004a97\" width=\"30%\"><strong>32 g\/ration<\/strong><\/td>\n<td bgcolor=\"#004a97\" width=\"30%\"><strong>Pr\u00e9paration<\/strong><\/td>\n<\/tr>\n<tr>\n<td bgcolor=\"#99b7d6\" width=\"40%\">Apr\u00e8s l\u2019effort et\/ou en compl\u00e9ment de repas, 1 \u00e0 3 fois par jour<\/td>\n<td bgcolor=\"#99b7d6\" width=\"30%\">1 dosette d\u2019environ 32g<\/td>\n<td bgcolor=\"#99b7d6\" width=\"30%\">M\u00e9langer avec 200 \u00e0 250 ml d\u2019eau<\/td>\n<\/tr>\n<\/tbody>\n<\/table>\n<p>&nbsp;<\/p>\n<h5>Respecter la dose journali\u00e8re recommand\u00e9e, consommer dans le cadre d\u2019une alimentation vari\u00e9e et \u00e9quilibr\u00e9e et d\u2019un mode de vie sain. R\u00e9serv\u00e9 \u00e0 l\u2019adulte, except\u00e9 la femme enceinte ou allaitante.<\/h5>\n<h5>\u00c0 consommer de pr\u00e9f\u00e9rence avant la date indiqu\u00e9e sous le pot. Bien refermer apr\u00e8s ouverture. \u00c0 conserver dans un endroit sec et frais.<\/h5>\n<p><strong>ALIMENT RICHE EN PROT\u00c9INES AVEC \u00c9DULCORANTS<\/strong><br \/>\n<strong>Ingr\u00e9dients :\u00a0<\/strong>prot\u00e9ines de\u00a0<strong>lait<\/strong>\u00a0(concentrat et isolat de prot\u00e9ines de lactos\u00e9rum, contient :\u00a0<strong>soja<\/strong>), ar\u00f4mes (contient :\u00a0<strong>lait<\/strong>), \u00e9paississants : gommes xanthane et guar, sel, phosphate de calcium, brom\u00e9la\u00efne extraite d\u2019<em>Ananas comosus<\/em>\u00a0(0,05%), \u00e9dulcorants : sucralose et ac\u00e9sulfame-K.<\/p>\n<table border=\"0\" width=\"100%\" cellspacing=\"0\" cellpadding=\"10\">\n<tbody>\n<tr>\n<td bgcolor=\"#666666\"><strong>D\u00e9claration nutritionnelle moyenne pour 100 g de poudre* (environ 3 rations)<\/strong><\/td>\n<\/tr>\n<\/tbody>\n<\/table>\n<table border=\"0\" width=\"100%\" cellspacing=\"0\" cellpadding=\"10\">\n<tbody>\n<tr>\n<td align=\"left\" bgcolor=\"#A2A2A2\" width=\"50\">Composition<\/td>\n<td align=\"right\" bgcolor=\"#A2A2A2\" width=\"50%\">Dosage<\/td>\n<\/tr>\n<tr>\n<td align=\"left\" bgcolor=\"#CCCCCC\">\n<h5>\u00c9nergie<\/h5>\n<\/td>\n<td align=\"right\" bgcolor=\"#CCCCCC\">\n<h5>376 kcal\/1 595 kJ<\/h5>\n<\/td>\n<\/tr>\n<\/tbody>\n<\/table>\n<table border=\"0\" width=\"100%\" cellspacing=\"0\" cellpadding=\"10\">\n<tbody>\n<tr>\n<td bgcolor=\"#f1efee\" width=\"50%\">\n<h5>Mati\u00e8res grasses<\/h5>\n<\/td>\n<td align=\"right\" bgcolor=\"#f1efee\" width=\"50%\">\n<h5>3,8 g<\/h5>\n<\/td>\n<\/tr>\n<tr>\n<td bgcolor=\"#CCCCCC\">\n<h5>dont acides gras satur\u00e9s<\/h5>\n<\/td>\n<td align=\"right\" bgcolor=\"#CCCCCC\">\n<h5>2,9 g<\/h5>\n<\/td>\n<\/tr>\n<tr>\n<td bgcolor=\"#f1efee\">\n<h5>Glucides<\/h5>\n<\/td>\n<td align=\"right\" bgcolor=\"#f1efee\">\n<h5>5,7 g<\/h5>\n<\/td>\n<\/tr>\n<tr>\n<td bgcolor=\"#CCCCCC\">\n<h5>dont sucres<\/h5>\n<\/td>\n<td align=\"right\" bgcolor=\"#CCCCCC\">\n<h5>2,8 g<\/h5>\n<\/td>\n<\/tr>\n<tr>\n<td bgcolor=\"#f1efee\">\n<h5>Fibres alimentaires<\/h5>\n<\/td>\n<td align=\"right\" bgcolor=\"#f1efee\">\n<h5>1,0 g<\/h5>\n<\/td>\n<\/tr>\n<tr>\n<td bgcolor=\"#CCCCCC\">\n<h5>Prot\u00e9ines<\/h5>\n<\/td>\n<td align=\"right\" bgcolor=\"#CCCCCC\">\n<h5>79,4 g<\/h5>\n<\/td>\n<\/tr>\n<tr>\n<td bgcolor=\"#f1efee\">\n<h5>Sel<\/h5>\n<\/td>\n<td align=\"right\" bgcolor=\"#f1efee\">\n<h5>1,2 g<\/h5>\n<\/td>\n<\/tr>\n<tr>\n<td bgcolor=\"#CCCCCC\">\n<h5>Calcium (75 % VNR**)<\/h5>\n<\/td>\n<td align=\"right\" bgcolor=\"#CCCCCC\">\n<h5>598 mg<\/h5>\n<\/td>\n<\/tr>\n<tr>\n<td bgcolor=\"#f1efee\">\n<h5>Phosphore (57 % VNR**)<\/h5>\n<\/td>\n<td align=\"right\" bgcolor=\"#f1efee\">\n<h5>399 mg<\/h5>\n<\/td>\n<\/tr>\n<\/tbody>\n<\/table>\n<h5><em>* Ces informations nutritionnelles sont bas\u00e9es sur la saveur Vanille. En choisissant la saveur Chocolat, les valeurs nutritionnelles peuvent varier. ** Valeurs Nutritionnelles de R\u00e9f\u00e9rence.<\/em><\/h5>\n<table border=\"0\" width=\"100%\" cellspacing=\"0\" cellpadding=\"10\">\n<tbody>\n<tr>\n<td bgcolor=\"#666666\"><strong>Aminogramme pour 100 g<\/strong><\/td>\n<\/tr>\n<\/tbody>\n<\/table>\n<table border=\"0\" width=\"100%\" cellspacing=\"0\" cellpadding=\"10\">\n<tbody>\n<tr>\n<td align=\"left\" bgcolor=\"#A2A2A2\" width=\"50\">Acides amin\u00e9s<\/td>\n<td align=\"right\" bgcolor=\"#A2A2A2\" width=\"50%\">Dosage<\/td>\n<\/tr>\n<tr>\n<td align=\"left\" bgcolor=\"#CCCCCC\">\n<h5>Alanine<\/h5>\n<\/td>\n<td align=\"right\" bgcolor=\"#CCCCCC\">\n<h5>4,1 g<\/h5>\n<\/td>\n<\/tr>\n<\/tbody>\n<\/table>\n<table border=\"0\" width=\"100%\" cellspacing=\"0\" cellpadding=\"10\">\n<tbody>\n<tr>\n<td bgcolor=\"#f1efee\" width=\"50%\">\n<h5>Arginine<\/h5>\n<\/td>\n<td align=\"right\" bgcolor=\"#f1efee\" width=\"50%\">\n<h5>1,9 g<\/h5>\n<\/td>\n<\/tr>\n<tr>\n<td bgcolor=\"#CCCCCC\">\n<h5>Acide aspartique, asparagine<\/h5>\n<\/td>\n<td align=\"right\" bgcolor=\"#CCCCCC\">\n<h5>8,7 g<\/h5>\n<\/td>\n<\/tr>\n<tr>\n<td bgcolor=\"#f1efee\">\n<h5>Cystine<\/h5>\n<\/td>\n<td align=\"right\" bgcolor=\"#f1efee\">\n<h5>1,9 g<\/h5>\n<\/td>\n<\/tr>\n<tr>\n<td bgcolor=\"#CCCCCC\">\n<h5>Acide glutamique, glutamine<\/h5>\n<\/td>\n<td align=\"right\" bgcolor=\"#CCCCCC\">\n<h5>13,6 g<\/h5>\n<\/td>\n<\/tr>\n<tr>\n<td bgcolor=\"#f1efee\">\n<h5>Glycine<\/h5>\n<\/td>\n<td align=\"right\" bgcolor=\"#f1efee\">\n<h5>1,4 g<\/h5>\n<\/td>\n<\/tr>\n<tr>\n<td bgcolor=\"#CCCCCC\">\n<h5>Histidine<\/h5>\n<\/td>\n<td align=\"right\" bgcolor=\"#CCCCCC\">\n<h5>1,2 g<\/h5>\n<\/td>\n<\/tr>\n<tr>\n<td bgcolor=\"#f1efee\">\n<h5>Isoleucine<\/h5>\n<\/td>\n<td align=\"right\" bgcolor=\"#f1efee\">\n<h5>4,6 g<\/h5>\n<\/td>\n<\/tr>\n<tr>\n<td bgcolor=\"#CCCCCC\">\n<h5>Leucine<\/h5>\n<\/td>\n<td align=\"right\" bgcolor=\"#CCCCCC\">\n<h5>8,0 g<\/h5>\n<\/td>\n<\/tr>\n<tr>\n<td bgcolor=\"#f1efee\">\n<h5>Lysine<\/h5>\n<\/td>\n<td align=\"right\" bgcolor=\"#f1efee\">\n<h5>7,4 g<\/h5>\n<\/td>\n<\/tr>\n<tr>\n<td bgcolor=\"#CCCCCC\">\n<h5>M\u00e9thionine<\/h5>\n<\/td>\n<td align=\"right\" bgcolor=\"#CCCCCC\">\n<h5>1,7 g<\/h5>\n<\/td>\n<\/tr>\n<tr>\n<td bgcolor=\"#f1efee\">\n<h5>Ph\u00e9nylalanine<\/h5>\n<\/td>\n<td align=\"right\" bgcolor=\"#f1efee\">\n<h5>2,4 g<\/h5>\n<\/td>\n<\/tr>\n<tr>\n<td bgcolor=\"#CCCCCC\">\n<h5>Proline<\/h5>\n<\/td>\n<td align=\"right\" bgcolor=\"#CCCCCC\">\n<h5>5,1 g<\/h5>\n<\/td>\n<\/tr>\n<tr>\n<td bgcolor=\"#f1efee\">\n<h5>S\u00e9rine<\/h5>\n<\/td>\n<td align=\"right\" bgcolor=\"#f1efee\">\n<h5>3,9 g<\/h5>\n<\/td>\n<\/tr>\n<tr>\n<td bgcolor=\"#CCCCCC\">\n<h5>Thr\u00e9onine<\/h5>\n<\/td>\n<td align=\"right\" bgcolor=\"#CCCCCC\">\n<h5>5,6 g<\/h5>\n<\/td>\n<\/tr>\n<tr>\n<td bgcolor=\"#f1efee\">\n<h5>Tryptophane<\/h5>\n<\/td>\n<td align=\"right\" bgcolor=\"#f1efee\">\n<h5>1,4 g<\/h5>\n<\/td>\n<\/tr>\n<tr>\n<td bgcolor=\"#CCCCCC\">\n<h5>Tyrosine<\/h5>\n<\/td>\n<td align=\"right\" bgcolor=\"#CCCCCC\">\n<h5>2,2 g<\/h5>\n<\/td>\n<\/tr>\n<tr>\n<td bgcolor=\"#f1efee\">\n<h5>Valine<\/h5>\n<\/td>\n<td align=\"right\" bgcolor=\"#f1efee\">\n<h5>4,4 g<\/h5>\n<\/td>\n<\/tr>\n<\/tbody>\n<\/table>\n<h5><\/h5>\n<p>&nbsp;<\/p>\n<p>Poids net : 750 g \u2013 Code ACL : 3401562904244<\/p>\n","protected":false},"excerpt":{"rendered":"<div class=\"wpb_text_column wpb_content_element \">\n<div class=\"wpb_wrapper\">\n<table border=\"0\" cellspacing=\"0\" cellpadding=\"0\">\n<tbody>\n<tr>\n<td valign=\"top\">\n<h1><strong>WHEY IC80 Pro<\/strong><\/h1>\n<\/td>\n<\/tr>\n<tr>\n<td valign=\"top\" height=\"40\">\n<h5>(CIW #2,999,701) \u2013 PLS 90 %<\/h5>\n<\/td>\n<\/tr>\n<\/tbody>\n<\/table>\n<h3>DEVELOPPEMENT MUSCULAIRE<\/h3>\n<table border=\"0\" cellspacing=\"0\" cellpadding=\"0\">\n<tbody>\n<tr>\n<td valign=\"top\" width=\"18\"><img loading=\"lazy\" decoding=\"async\" class=\"alignnone size-full wp-image-2377\" title=\"\" src=\"http:\/\/www.nhco-nutrition.com\/images\/carre01_noir.gif\" alt=\"\" width=\"18\" height=\"10\" \/><\/td>\n<td valign=\"top\"><span class=\"Style2\">Isolat et concentrat de prot\u00e9ines de Whey obtenus par microfiltration participant \u00e0 l\u2019augmentation de la masse musculaire<\/span><\/td>\n<\/tr>\n<tr>\n<td valign=\"top\" width=\"18\"><img loading=\"lazy\" decoding=\"async\" title=\"\" src=\"http:\/\/www.nhco-nutrition.com\/images\/carre01_noir.gif\" alt=\"\" width=\"18\" height=\"10\" \/><\/td>\n<td valign=\"top\"><span class=\"Style2\">BCAA 16 g pour 100 g<\/span><\/td>\n<\/tr>\n<tr>\n<td valign=\"top\" width=\"18\"><img loading=\"lazy\" decoding=\"async\" title=\"\" src=\"http:\/\/www.nhco-nutrition.com\/images\/carre01_noir.gif\" alt=\"\" width=\"18\" height=\"10\" \/><\/td>\n<td><span class=\"Style2\">Calcium contribuant \u00e0 une fonction musculaire normale<\/span><\/td>\n<\/tr>\n<\/tbody>\n<\/table>\n<\/div>\n<\/div>\n<div class=\"wpb_text_column wpb_content_element \">\n<div class=\"wpb_wrapper\">\n<p><img loading=\"lazy\" decoding=\"async\" class=\"alignnone wp-image-17192 size-full\" src=\"https:\/\/nhco-nutrition.com\/france\/wp-content\/uploads\/2017\/06\/picto4-whey2019.png\" alt=\"\" width=\"299\" height=\"55\" \/><\/p>\n<\/div>\n<\/div>\n","protected":false},"featured_media":2290,"comment_status":"open","ping_status":"closed","template":"","meta":[],"product_brand":[],"product_cat":[23],"product_tag":[],"class_list":{"0":"post-400","1":"product","2":"type-product","3":"status-publish","4":"has-post-thumbnail","6":"product_cat-23","7":"entry","9":"first","10":"outofstock","11":"taxable","12":"shipping-taxable","13":"purchasable","14":"product-type-simple"},"jetpack_sharing_enabled":true,"_links":{"self":[{"href":"https:\/\/healthstore.mc\/index.php\/wp-json\/wp\/v2\/product\/400","targetHints":{"allow":["GET"]}}],"collection":[{"href":"https:\/\/healthstore.mc\/index.php\/wp-json\/wp\/v2\/product"}],"about":[{"href":"https:\/\/healthstore.mc\/index.php\/wp-json\/wp\/v2\/types\/product"}],"replies":[{"embeddable":true,"href":"https:\/\/healthstore.mc\/index.php\/wp-json\/wp\/v2\/comments?post=400"}],"wp:featuredmedia":[{"embeddable":true,"href":"https:\/\/healthstore.mc\/index.php\/wp-json\/wp\/v2\/media\/2290"}],"wp:attachment":[{"href":"https:\/\/healthstore.mc\/index.php\/wp-json\/wp\/v2\/media?parent=400"}],"wp:term":[{"taxonomy":"product_brand","embeddable":true,"href":"https:\/\/healthstore.mc\/index.php\/wp-json\/wp\/v2\/product_brand?post=400"},{"taxonomy":"product_cat","embeddable":true,"href":"https:\/\/healthstore.mc\/index.php\/wp-json\/wp\/v2\/product_cat?post=400"},{"taxonomy":"product_tag","embeddable":true,"href":"https:\/\/healthstore.mc\/index.php\/wp-json\/wp\/v2\/product_tag?post=400"}],"curies":[{"name":"wp","href":"https:\/\/api.w.org\/{rel}","templated":true}]}}