{"id":402,"date":"2020-04-23T19:25:42","date_gmt":"2020-04-23T17:25:42","guid":{"rendered":"http:\/\/10.0.0.17\/wordpress\/produit\/bcaa-211-90cps-2\/"},"modified":"2024-09-21T16:43:24","modified_gmt":"2024-09-21T14:43:24","slug":"bcaa-211-90cps-2","status":"publish","type":"product","link":"https:\/\/healthstore.mc\/index.php\/product\/bcaa-211-90cps-2\/","title":{"rendered":"BCAA 2:1:1 90cps"},"content":{"rendered":"<p>A la pointe de la recherche et de l\u2019innovation dans le domaine des sciences de la nutrition, les Laboratoires\u00a0<strong>NHCO Nutrition\u00ae<\/strong>\u00a0sont sp\u00e9cialis\u00e9s dans le d\u00e9veloppement de formules \u00e0 base d\u2019acides amin\u00e9s, mol\u00e9cules \u00e0 l\u2019origine de la vie et constituants de toutes les prot\u00e9ines.<br \/>\nLes acides amin\u00e9s\u00a0<strong>L-Leucine<\/strong>,\u00a0<strong>L-Isoleucine<\/strong>\u00a0et\u00a0<strong>L-Valine<\/strong>, appel\u00e9s BCAA, sont essentiels. L\u2019organisme ne sait pas les fabriquer et pourtant, ils repr\u00e9sentent pr\u00e8s d\u2019un tiers de la fibre musculaire.<\/p>\n<p><strong>BCAA 2:1:1<\/strong>\u00a0apporte minimum 4000 mg de BCAA par prise journali\u00e8re. Associ\u00e9 \u00e0 l\u2019\u03b1-Algamine\u2122 (L-Alanyl_L-Glutamine), et \u00e0 la vitamine B6 qui contribue au m\u00e9tabolisme normal des prot\u00e9ines et du glycog\u00e8ne,\u00a0<strong>BCAA 2:1:1<\/strong>\u00a0est id\u00e9al avant et apr\u00e8s l\u2019effort physique.<br \/>\nLes BCAA utilis\u00e9s par les Laboratoires\u00a0<strong>NHCO Nutrition\u00ae\u00a0<\/strong>sont obtenus et purifi\u00e9s par des proc\u00e9d\u00e9s biotechnologiques, au ratio 2:1:1.<\/p>\n<table border=\"0\" width=\"100%\" cellspacing=\"0\" cellpadding=\"10\">\n<tbody>\n<tr>\n<td bgcolor=\"#007d90\" width=\"50%\"><strong>Conseils d\u2019utilisation<\/strong><\/td>\n<td bgcolor=\"#007d90\" width=\"50%\"><strong>Quantit\u00e9\/jour<\/strong><\/td>\n<\/tr>\n<\/tbody>\n<\/table>\n<table border=\"0\" width=\"100%\" cellspacing=\"0\" cellpadding=\"10\">\n<tbody>\n<tr>\n<td bgcolor=\"#90bcc8\">Avant l\u2019effort<\/td>\n<td bgcolor=\"#90bcc8\">2 comprim\u00e9s<\/td>\n<\/tr>\n<tr>\n<td bgcolor=\"#90bcc8\" width=\"50%\">Apr\u00e8s l\u2019effort<\/td>\n<td bgcolor=\"#90bcc8\" width=\"50%\">2 comprim\u00e9s<\/td>\n<\/tr>\n<\/tbody>\n<\/table>\n<p>Ce produit convient aux v\u00e9g\u00e9tariens et aux v\u00e9g\u00e9taliens.<\/p>\n<h5>Ce compl\u00e9ment alimentaire n\u2019est pas un m\u00e9dicament. Ne pas d\u00e9passer la dose journali\u00e8re indiqu\u00e9e, \u00e0 consommer dans le cadre d\u2019une alimentation vari\u00e9e et \u00e9quilibr\u00e9e et d\u2019un mode de vie sain. Tenir hors de port\u00e9e des jeunes enfants. R\u00e9serv\u00e9 \u00e0 l\u2019adulte, except\u00e9 la femme enceinte ou allaitante.<\/h5>\n<h5>Bien refermer apr\u00e8s ouverture. \u00c0 conserver dans un endroit sec et frais.<\/h5>\n<p><strong>Compl\u00e9ment alimentaire<\/strong><br \/>\n<strong>Ingr\u00e9dients :<\/strong>\u00a0agent de charge : cellulose microcristalline, L-Leucine, L-Isoleucine, L-Valine, \u00e9mulsifiant : mono et diglyc\u00e9rides d\u2019acides gras, \u03b1-Algamine\u2122 (L-Alanyl_L-Glutamine), vitamine B6 (chlorhydrate de pyridoxine).<\/p>\n<table border=\"0\" width=\"100%\" cellspacing=\"0\" cellpadding=\"10\">\n<tbody>\n<tr>\n<td bgcolor=\"#666666\"><strong>Composition moyenne pour 4 comprim\u00e9s\/jour<\/strong><\/td>\n<\/tr>\n<\/tbody>\n<\/table>\n<table border=\"0\" width=\"100%\" cellspacing=\"0\" cellpadding=\"10\">\n<tbody>\n<tr>\n<td align=\"left\" bgcolor=\"#a2a2a2\" width=\"60\">Ingr\u00e9dients<\/td>\n<td align=\"right\" bgcolor=\"#a2a2a2\" width=\"40%\">Dosage<\/td>\n<\/tr>\n<tr>\n<td bgcolor=\"#f1efee\" width=\"60%\"><strong>L-Leucine<\/strong><\/td>\n<td align=\"right\" bgcolor=\"#f1efee\" width=\"40%\"><strong>2000 mg<\/strong><\/td>\n<\/tr>\n<tr>\n<td align=\"left\" bgcolor=\"#cccccc\"><strong>L-Isoleucine<\/strong><\/td>\n<td align=\"right\" bgcolor=\"#cccccc\"><strong>1000 mg<\/strong><\/td>\n<\/tr>\n<\/tbody>\n<\/table>\n<table border=\"0\" width=\"100%\" cellspacing=\"0\" cellpadding=\"10\">\n<tbody>\n<tr>\n<td bgcolor=\"#f1efee\" width=\"60%\"><strong>L-Valine<\/strong><\/td>\n<td align=\"right\" bgcolor=\"#f1efee\" width=\"40%\"><strong>1000 mg<\/strong><\/td>\n<\/tr>\n<\/tbody>\n<\/table>\n<table border=\"0\" width=\"100%\" cellspacing=\"0\" cellpadding=\"10\">\n<tbody>\n<tr>\n<td align=\"left\" bgcolor=\"#cccccc\" width=\"60\"><strong>\u03b1-Algamine<\/strong>\u2122 (L-Alanyl_L-Glutamine)<\/td>\n<td align=\"right\" bgcolor=\"#cccccc\" width=\"40%\"><strong>40 mg<\/strong><\/td>\n<\/tr>\n<\/tbody>\n<\/table>\n<table border=\"0\" width=\"100%\" cellspacing=\"0\" cellpadding=\"10\">\n<tbody>\n<tr>\n<td bgcolor=\"#f1efee\" width=\"60%\"><strong>Vitamine B6<\/strong>\u00a0(100 % VNR*)<\/td>\n<td align=\"right\" bgcolor=\"#f1efee\" width=\"40%\"><strong>1,4 mg<\/strong><\/td>\n<\/tr>\n<\/tbody>\n<\/table>\n<h5><em>* Valeurs Nutritionnelles de R\u00e9f\u00e9rence.<\/em><\/h5>\n<p>&nbsp;<\/p>\n<p>Poids net : 137 g \u2013 Code ACL : 3401572556549<\/p>\n","protected":false},"excerpt":{"rendered":"<table border=\"0\" cellspacing=\"0\" cellpadding=\"0\">\n<tbody>\n<tr>\n<td valign=\"top\">\n<h2><strong>BCAA 2:1:1<\/strong><\/h2>\n<\/td>\n<\/tr>\n<tr>\n<td valign=\"top\" height=\"40\">\n<h5>(LIV #4,500,250) \u2013 \u03b1-Algamine\u2122<\/h5>\n<\/td>\n<\/tr>\n<\/tbody>\n<\/table>\n<h3><strong>BCAA SYNERGISES 4000 MG<\/strong><\/h3>\n<table border=\"0\" cellspacing=\"0\" cellpadding=\"0\">\n<tbody>\n<tr>\n<td valign=\"top\" width=\"18\"><\/td>\n<td valign=\"top\"><span class=\"Style2\">Acides amin\u00e9s essentiels, synergis\u00e9s par le dipeptide \u03b1-Algamine\u2122 et la vitamine B6<\/span><\/td>\n<\/tr>\n<tr>\n<td valign=\"top\" width=\"18\"><\/td>\n<td valign=\"top\"><span class=\"Style2\">4000 mg d\u2019apport quotidien<\/span><\/td>\n<\/tr>\n<tr>\n<td valign=\"top\" width=\"18\"><\/td>\n<td><span class=\"Style2\">Id\u00e9al avant et apr\u00e8s un effort physique<\/span><\/td>\n<\/tr>\n<\/tbody>\n<\/table>\n<p>90 comprim\u00e9s<\/p>\n","protected":false},"featured_media":1121,"comment_status":"open","ping_status":"closed","template":"","meta":[],"product_brand":[],"product_cat":[23],"product_tag":[],"class_list":{"0":"post-402","1":"product","2":"type-product","3":"status-publish","4":"has-post-thumbnail","6":"product_cat-23","7":"entry","9":"first","10":"instock","11":"taxable","12":"shipping-taxable","13":"purchasable","14":"product-type-simple"},"jetpack_sharing_enabled":true,"_links":{"self":[{"href":"https:\/\/healthstore.mc\/index.php\/wp-json\/wp\/v2\/product\/402","targetHints":{"allow":["GET"]}}],"collection":[{"href":"https:\/\/healthstore.mc\/index.php\/wp-json\/wp\/v2\/product"}],"about":[{"href":"https:\/\/healthstore.mc\/index.php\/wp-json\/wp\/v2\/types\/product"}],"replies":[{"embeddable":true,"href":"https:\/\/healthstore.mc\/index.php\/wp-json\/wp\/v2\/comments?post=402"}],"wp:featuredmedia":[{"embeddable":true,"href":"https:\/\/healthstore.mc\/index.php\/wp-json\/wp\/v2\/media\/1121"}],"wp:attachment":[{"href":"https:\/\/healthstore.mc\/index.php\/wp-json\/wp\/v2\/media?parent=402"}],"wp:term":[{"taxonomy":"product_brand","embeddable":true,"href":"https:\/\/healthstore.mc\/index.php\/wp-json\/wp\/v2\/product_brand?post=402"},{"taxonomy":"product_cat","embeddable":true,"href":"https:\/\/healthstore.mc\/index.php\/wp-json\/wp\/v2\/product_cat?post=402"},{"taxonomy":"product_tag","embeddable":true,"href":"https:\/\/healthstore.mc\/index.php\/wp-json\/wp\/v2\/product_tag?post=402"}],"curies":[{"name":"wp","href":"https:\/\/api.w.org\/{rel}","templated":true}]}}