{"id":403,"date":"2020-04-23T19:25:46","date_gmt":"2020-04-23T17:25:46","guid":{"rendered":"http:\/\/10.0.0.17\/wordpress\/produit\/aquaderm-20stks-2\/"},"modified":"2024-09-21T16:43:43","modified_gmt":"2024-09-21T14:43:43","slug":"aquaderm-20stks-2","status":"publish","type":"product","link":"https:\/\/healthstore.mc\/index.php\/product\/aquaderm-20stks-2\/","title":{"rendered":"Aquaderm \u2122 20stks"},"content":{"rendered":"<p>Le derme est une couche \u00e9paisse et vivante de la peau dans laquelle se trouvent le collag\u00e8ne, l\u2019\u00e9lastine et l\u2019acide hyaluronique, 3 substances naturelles qui conf\u00e8rent \u00e0 la peau sa fermet\u00e9, son \u00e9lasticit\u00e9 et son hydratation.<br \/>\nPour r\u00e9duire la profondeur des rides et retrouver une peau plus lisse et rebondie, le maintien de ces trois \u00e9l\u00e9ments est essentiel.<\/p>\n<ol>\n<li>Les Laboratoires\u00a0<strong>NHCO Nutrition<\/strong><sup>\u00ae<\/sup>, experts en\u00a0<strong>Aminoscience<\/strong><sup>\u00ae<\/sup>, ont d\u00e9velopp\u00e9 une formule unique de nutricosm\u00e9tique :\u00a0<strong>AQUADERM<\/strong>\u2122.<br \/>\n<strong>AQUADERM<\/strong>\u2122 concentre des\u00a0<strong>Hydro.peptides 2kD<\/strong>\u2122, polypeptides d\u2019acides amin\u00e9s sp\u00e9cifiques obtenus par un proc\u00e9d\u00e9 brevet\u00e9, qui r\u00e9duisent la profondeur des rides d\u00e8s 4 semaines, favorisant ainsi une peau plus lisse et raffermie.<\/li>\n<li>La formule contient des actifs d\u2019<strong>Aloe vera [200C]<\/strong>\u2122 concentr\u00e9s favorisant l\u2019\u00e9lasticit\u00e9 de la peau, ainsi que du N-Ac\u00e9tyl-D-Glucosamine, pr\u00e9curseur de l\u2019acide hyaluronique.<\/li>\n<li><strong>AQUADERM<\/strong>\u2122 apporte \u00e9galement de la vitamine C qui contribue \u00e0 prot\u00e9ger les cellules contre le stress oxydatif ainsi qu\u2019\u00e0 la synth\u00e8se normale du collag\u00e8ne pour assurer le fonctionnement physiologique de la peau, et de la biotine qui participe au maintien d\u2019une peau normale.<\/li>\n<\/ol>\n<p>&nbsp;<\/p>\n<table border=\"0\" width=\"100%\" cellspacing=\"0\" cellpadding=\"10\">\n<tbody>\n<tr>\n<td bgcolor=\"#c7c8ca\" width=\"60%\"><strong>Conseils d\u2019utilisation<\/strong><\/td>\n<td bgcolor=\"#e1e2e3\" width=\"40%\">Matin<\/td>\n<\/tr>\n<tr>\n<td bgcolor=\"#c7c8ca\" width=\"60%\">Pendant 20 jours<\/td>\n<td bgcolor=\"#e1e2e3\" width=\"40%\"><strong>1 stick*<\/strong><\/td>\n<\/tr>\n<\/tbody>\n<\/table>\n<table border=\"0\" width=\"100%\" cellspacing=\"0\" cellpadding=\"10\">\n<tbody>\n<tr>\n<td bgcolor=\"#c7c8ca\">\u00c0 renouveler<\/td>\n<\/tr>\n<\/tbody>\n<\/table>\n<h5><em>* D\u00e9poser dans une cuill\u00e8re ou avaler directement.<\/em><\/h5>\n<h5>AQUADERM\u2122 est sans colorant et compos\u00e9 d\u2019ingr\u00e9dients d\u2019origine naturelle. Aussi, sa couleur est susceptible de varier sans en affecter ses qualit\u00e9s.<\/h5>\n<h5>Afin de pr\u00e9server l\u2019hydratation naturelle de la peau, il est conseill\u00e9 de boire au moins 1,5 litre d\u2019eau par jour. \u00c0 conserver dans un endroit sec et frais.<\/h5>\n<h5>Ce compl\u00e9ment alimentaire n\u2019est pas un m\u00e9dicament. Il est recommand\u00e9 de respecter la dose journali\u00e8re indiqu\u00e9e, de le consommer dans le cadre d\u2019une alimentation vari\u00e9e et \u00e9quilibr\u00e9e et d\u2019un mode de vie sain et de le tenir hors de port\u00e9e des jeunes enfants. R\u00e9serv\u00e9 \u00e0 l\u2019adulte except\u00e9 la femme enceinte ou allaitante. Les personnes sous contr\u00f4le m\u00e9dical doivent demander l\u2019avis de leur m\u00e9decin. Un usage prolong\u00e9 est d\u00e9conseill\u00e9.<\/h5>\n<p><strong>Compl\u00e9ment alimentaire<\/strong><br \/>\n<strong>Ingr\u00e9dients :\u00a0<\/strong>eau, Hydro.peptides 2kD (peptides de collag\u00e8ne hydrolys\u00e9), fructose (10%), N-Ac\u00e9tyl-D-Glucosamine (contient :\u00a0<strong>crustac\u00e9s<\/strong>), ar\u00f4me naturel d\u2019abricot, vitamine C (acide ascorbique), astaxanthine, extrait de feuilles d\u2019ortie (Urtica dioica L.), Aloe vera [200C] (gel extrait du mucilage d\u2019Aloe vera (L.) Burm. F.), vitamine B8 (D-biotine) \u00e9paississant : gomme xanthane, conservateurs : sorbate de potassium et benzoate de sodium, acidifiant : acide citrique.<\/p>\n<p>Sans colorant. Ar\u00f4me naturel.<\/p>\n<table border=\"0\" width=\"100%\" cellspacing=\"0\" cellpadding=\"10\">\n<tbody>\n<tr>\n<td bgcolor=\"#666666\"><strong>Composition moyenne pour 1 stick\/jour<\/strong><\/td>\n<\/tr>\n<\/tbody>\n<\/table>\n<table border=\"0\" width=\"100%\" cellspacing=\"0\" cellpadding=\"10\">\n<tbody>\n<tr>\n<td align=\"left\" bgcolor=\"#A2A2A2\" width=\"50\">Ingr\u00e9dients<\/td>\n<td align=\"right\" bgcolor=\"#A2A2A2\" width=\"20%\">Dosage<\/td>\n<\/tr>\n<tr>\n<td align=\"left\" bgcolor=\"#CCCCCC\"><strong>Hydro.peptides 2kD\u00a0<\/strong>\u00e0 9,2% d\u2019Hydroxyproline<\/td>\n<td align=\"right\" bgcolor=\"#CCCCCC\"><strong>2600 mg<\/strong><\/td>\n<\/tr>\n<tr>\n<td align=\"left\" bgcolor=\"#f1efee\"><strong>N-Ac\u00e9tyl-D-Glucosamine<\/strong><\/td>\n<td align=\"right\" bgcolor=\"#f1efee\"><strong>500 mg<\/strong><\/td>\n<\/tr>\n<tr>\n<td align=\"left\" bgcolor=\"#CCCCCC\"><strong>Dermo-aid Complex<\/strong><\/p>\n<h5>Vitamine C 80 mg (100% VNR*), extrait d\u2019Ortie standardis\u00e9 en Silice 1% 33 mg, biotine 50 \u03bcg (100% VNR*)<\/h5>\n<\/td>\n<td align=\"right\" bgcolor=\"#CCCCCC\"><strong>113 mg<\/strong><\/td>\n<\/tr>\n<\/tbody>\n<\/table>\n<table border=\"0\" width=\"100%\" cellspacing=\"0\" cellpadding=\"10\">\n<tbody>\n<tr>\n<td align=\"left\" bgcolor=\"#f1efee\" width=\"50\"><strong>Aloe vera [200C]<\/strong><\/p>\n<h5>Extrait concentr\u00e9 200 fois de gel d\u2019Aloe vera<\/h5>\n<\/td>\n<td align=\"right\" bgcolor=\"#f1efee\" width=\"20%\"><strong>6 mg<\/strong><\/td>\n<\/tr>\n<\/tbody>\n<tbody>\n<tr>\n<td align=\"left\" bgcolor=\"#CCCCCC\" width=\"50\"><strong>Astaxanthine<\/strong><\/td>\n<td align=\"right\" bgcolor=\"#CCCCCC\" width=\"20%\"><strong>2 mg<\/strong><\/td>\n<\/tr>\n<\/tbody>\n<\/table>\n<h5><em>* Valeurs Nutritionnelles de R\u00e9f\u00e9rence.<\/em><\/h5>\n<p>&nbsp;<\/p>\n<p>Volume net : 240 ml \u2013 Code ACL : 3401560037227<\/p>\n","protected":false},"excerpt":{"rendered":"<div class=\"wpb_text_column wpb_content_element \">\n<div class=\"wpb_wrapper\">\n<div class=\"wpb_text_column wpb_content_element \">\n<div class=\"wpb_wrapper\">\n<table border=\"0\" cellspacing=\"0\" cellpadding=\"0\">\n<tbody>\n<tr>\n<td valign=\"top\">\n<h2><strong>Aquaderm\u2122<\/strong><\/h2>\n<\/td>\n<\/tr>\n<tr>\n<td valign=\"top\" height=\"40\">\n<h5>Hydro.peptides 2kD \u2013 Aloe vera [200C]<br \/>\n<em>(4FPC#4,232,720)<\/em><\/h5>\n<\/td>\n<\/tr>\n<\/tbody>\n<\/table>\n<h3><strong>Anti-rides<br \/>\nRepulpeur raffermissant<\/strong><\/h3>\n<p>Contient des Hydro.peptides 2kD brevet\u00e9s aux effets anti-rides prouv\u00e9s, de l\u2019Aloe vera [200C] favorisant l\u2019\u00e9lasticit\u00e9 de la peau et du NADG pr\u00e9curseur de l\u2019acide hyaluronique. Concentre \u00e9galement de la vitamine C luttant contre le stress oxydatif et participant \u00e0 la formation normale du collag\u00e8ne.<\/p>\n<\/div>\n<\/div>\n<div class=\"wpb_text_column wpb_content_element \">\n<div class=\"wpb_wrapper\">\n<p>&nbsp;<\/p>\n<\/div>\n<\/div>\n<\/div>\n<\/div>\n","protected":false},"featured_media":1113,"comment_status":"open","ping_status":"closed","template":"","meta":[],"product_brand":[],"product_cat":[23],"product_tag":[],"class_list":{"0":"post-403","1":"product","2":"type-product","3":"status-publish","4":"has-post-thumbnail","6":"product_cat-23","7":"entry","9":"first","10":"instock","11":"taxable","12":"shipping-taxable","13":"purchasable","14":"product-type-simple"},"jetpack_sharing_enabled":true,"_links":{"self":[{"href":"https:\/\/healthstore.mc\/index.php\/wp-json\/wp\/v2\/product\/403","targetHints":{"allow":["GET"]}}],"collection":[{"href":"https:\/\/healthstore.mc\/index.php\/wp-json\/wp\/v2\/product"}],"about":[{"href":"https:\/\/healthstore.mc\/index.php\/wp-json\/wp\/v2\/types\/product"}],"replies":[{"embeddable":true,"href":"https:\/\/healthstore.mc\/index.php\/wp-json\/wp\/v2\/comments?post=403"}],"wp:featuredmedia":[{"embeddable":true,"href":"https:\/\/healthstore.mc\/index.php\/wp-json\/wp\/v2\/media\/1113"}],"wp:attachment":[{"href":"https:\/\/healthstore.mc\/index.php\/wp-json\/wp\/v2\/media?parent=403"}],"wp:term":[{"taxonomy":"product_brand","embeddable":true,"href":"https:\/\/healthstore.mc\/index.php\/wp-json\/wp\/v2\/product_brand?post=403"},{"taxonomy":"product_cat","embeddable":true,"href":"https:\/\/healthstore.mc\/index.php\/wp-json\/wp\/v2\/product_cat?post=403"},{"taxonomy":"product_tag","embeddable":true,"href":"https:\/\/healthstore.mc\/index.php\/wp-json\/wp\/v2\/product_tag?post=403"}],"curies":[{"name":"wp","href":"https:\/\/api.w.org\/{rel}","templated":true}]}}