{"id":404,"date":"2020-04-23T19:25:50","date_gmt":"2020-04-23T17:25:50","guid":{"rendered":"http:\/\/10.0.0.17\/wordpress\/produit\/libimen-70gels-2\/"},"modified":"2024-09-21T16:43:45","modified_gmt":"2024-09-21T14:43:45","slug":"libimen-70gels-2","status":"publish","type":"product","link":"https:\/\/healthstore.mc\/index.php\/product\/libimen-70gels-2\/","title":{"rendered":"Libimen 70gels"},"content":{"rendered":"<p>Plusieurs param\u00e8tres psychologiques ou physiques peuvent \u00eatre \u00e0 l\u2019origine de troubles du d\u00e9sir et des capacit\u00e9s sexuelles des hommes. Les laboratoires\u00a0<strong>NHCO Nutrition<\/strong><sup>\u00ae<\/sup>\u00a0ont mis au point une formule innovante :\u00a0<strong>LIBIMEN<\/strong>\u2122.<\/p>\n<p>Ce produit renferme trois complexes avec des actions sp\u00e9cifiques fond\u00e9es sur\u00a0<strong>l\u2019Aminosience<\/strong><sup>\u00ae<\/sup>\u00a0:<br \/>\n<img loading=\"lazy\" decoding=\"async\" class=\"alignnone size-full wp-image-18561\" src=\"https:\/\/nhco-nutrition.com\/france\/wp-content\/uploads\/2020\/01\/carre-libimen.png\" alt=\"\" width=\"18\" height=\"10\" \/><strong>TestoStim<\/strong>\u00a0concentre de la Taurine, associ\u00e9e \u00e0 un extrait de Tribulus terrestris soigneusement s\u00e9lectionn\u00e9 participant au maintien de la libido et du Zinc contribuant \u00e0 un taux normal de testost\u00e9rone dans le sang.<br \/>\n<img loading=\"lazy\" decoding=\"async\" class=\"alignnone size-full wp-image-18561\" src=\"https:\/\/nhco-nutrition.com\/france\/wp-content\/uploads\/2020\/01\/carre-libimen.png\" alt=\"\" width=\"18\" height=\"10\" \/><strong>ErectNOs<\/strong>\u00a0associe de la L-Arginine et de la L-Citrulline, deux acides amin\u00e9s d\u2019int\u00e9r\u00eat, ainsi qu\u2019un ingr\u00e9dient innovant,\u00a0<strong>Libistim<\/strong>, qui renferme notamment du safran traditionnellement reconnu pour participer au maintien d\u2019une fonction \u00e9rectile normale.\u00a0<strong>ErectNOs<\/strong>\u00a0contient aussi du damiana qui joue un r\u00f4le dans le bon fonctionnement de la sant\u00e9 sexuelle.<br \/>\n<img loading=\"lazy\" decoding=\"async\" class=\"alignnone size-full wp-image-18561\" src=\"https:\/\/nhco-nutrition.com\/france\/wp-content\/uploads\/2020\/01\/carre-libimen.png\" alt=\"\" width=\"18\" height=\"10\" \/>Enfin,\u00a0<strong>Dopac\u00e9tyl<\/strong>\u00a0r\u00e9unit de la L-Tyrosine, un acide amin\u00e9 essentiel, de la Choline, ainsi que de la vitamine B6. Cette derni\u00e8re aide \u00e0 r\u00e9guler l\u2019activit\u00e9 hormonale.<\/p>\n<table border=\"0\" width=\"100%\" cellspacing=\"0\" cellpadding=\"10\">\n<tbody>\n<tr>\n<td bgcolor=\"#e5c0c2\" width=\"60%\"><strong>Conseils d\u2019utilisation<\/strong><\/td>\n<td bgcolor=\"#ead9e0\" width=\"20%\"><strong>Matin<\/strong><\/td>\n<td bgcolor=\"#e5c0c2\" width=\"20%\"><strong>Soir<\/strong><\/td>\n<\/tr>\n<tr>\n<td bgcolor=\"#e5c0c2\" width=\"60%\">La 1<sup>\u00e8re<\/sup>\u00a0semaine<\/td>\n<td bgcolor=\"#ead9e0\" width=\"20%\"><strong>2 g\u00e9lules<\/strong><\/td>\n<td bgcolor=\"#e5c0c2\" width=\"20%\"><strong>2 g\u00e9lules<\/strong><\/td>\n<\/tr>\n<tr>\n<td bgcolor=\"#e5c0c2\" width=\"60%\">Les autres semaines<\/td>\n<td bgcolor=\"#ead9e0\" width=\"20%\"><\/td>\n<td bgcolor=\"#e5c0c2\" width=\"20%\"><strong>2 g\u00e9lules<\/strong><\/td>\n<\/tr>\n<\/tbody>\n<\/table>\n<table border=\"0\" width=\"100%\" cellspacing=\"0\" cellpadding=\"10\">\n<tbody>\n<tr>\n<td bgcolor=\"#98003b\">Programme de 4 semaines. Renouvelable.<\/td>\n<\/tr>\n<\/tbody>\n<\/table>\n<h5><\/h5>\n<h5>Ce compl\u00e9ment alimentaire n\u2019est pas un m\u00e9dicament. Il est recommand\u00e9 de respecter la dose journali\u00e8re indiqu\u00e9e, de le consommer dans le cadre d\u2019une alimentation vari\u00e9e et \u00e9quilibr\u00e9e et d\u2019un mode de vie sain et de le tenir hors de port\u00e9e des jeunes enfants. R\u00e9serv\u00e9 \u00e0 l\u2019adulte except\u00e9 la femme enceinte ou allaitante, les femmes ayant des ant\u00e9c\u00e9dents personnels ou familiaux de cancer du sein (damiana) et les personnes sous antid\u00e9presseurs (safran). Les personnes sous contr\u00f4le m\u00e9dical, en particulier celles sous traitement antidiab\u00e9tique ou hypertenseur doivent demander l\u2019avis de leur m\u00e9decin (tribulus).<\/h5>\n<h5>\u00c0 consommer de pr\u00e9f\u00e9rence avant la date indiqu\u00e9e sous l\u2019\u00e9tui. Bien refermer apr\u00e8s ouverture. \u00c0 conserver dans un endroit sec et frais.<\/h5>\n<p><strong>Compl\u00e9ment alimentaire<\/strong><br \/>\n<strong>I<\/strong><strong>ngr\u00e9dients :<\/strong>\u00a0chlorhydrate de L-Arginine, L-Citrulline, extrait de parties a\u00e9riennes de tribulus\u00a0<em>(Tribulus terrestris)<\/em>, extrait de feuille de damiana\u00a0<em>(Turnera diffusa)<\/em>, Libistim [extrait de marc de raisin*\u00a0<em>(Vitis vinifera)<\/em>, extrait de peau de pomme\u00a0<em>(Malus pumila)<\/em>, stigmate de safran\u00a0<em>(Crocus sativus)<\/em>], bitartrate de choline, L-Tyrosine, Taurine, antiagglom\u00e9rant : st\u00e9arate de magn\u00e9sium v\u00e9g\u00e9tal, bisglycinate de Zinc, vitamine B6\u00a0<em>(chlorhydrate de pyridoxine)<\/em>. G\u00e9lule v\u00e9g\u00e9tale : hydroxypropylm\u00e9thylcellulose, spiruline, concentr\u00e9 de pomme.<br \/>\n* Contient :\u00a0<strong>sulfites<\/strong>.<\/p>\n<p><strong>G\u00e9lules v\u00e9g\u00e9tales bleues BlueCaps<\/strong><br \/>\nCe produit convient aux v\u00e9g\u00e9tariens et aux v\u00e9g\u00e9taliens.<\/p>\n<table border=\"0\" width=\"100%\" cellspacing=\"0\" cellpadding=\"10\">\n<tbody>\n<tr>\n<td bgcolor=\"#666666\"><strong>Composition moyenne pour 4 g\u00e9lules\/jour (2 374 mg)<\/strong><\/td>\n<\/tr>\n<\/tbody>\n<\/table>\n<table border=\"0\" width=\"100%\" cellspacing=\"0\" cellpadding=\"10\">\n<tbody>\n<tr>\n<td align=\"left\" bgcolor=\"#a2a2a2\" width=\"50\">Ingr\u00e9dients<\/td>\n<td align=\"right\" bgcolor=\"#a2a2a2\" width=\"20%\">Dosage<\/td>\n<\/tr>\n<\/tbody>\n<\/table>\n<table border=\"0\" width=\"100%\" cellspacing=\"0\" cellpadding=\"10\">\n<tbody>\n<tr>\n<td align=\"left\" bgcolor=\"#cccccc\"><strong>ErectNOs<\/strong><\/td>\n<td align=\"right\" bgcolor=\"#cccccc\"><strong>1 780 mg<\/strong><\/td>\n<\/tr>\n<\/tbody>\n<\/table>\n<table border=\"0\" width=\"100%\" cellspacing=\"0\" cellpadding=\"10\">\n<tbody>\n<tr>\n<td bgcolor=\"#f1efee\">\n<h5>L-Arginine 830 mg, L-Citrulline 350 mg, Libistim 300 mg dont extrait de marc de raisin\u00a0<em>(Vitis vinifera)<\/em>\u00a0187 mg, dont extrait de peau de pomme\u00a0<em>(Malus pumila)<\/em>\u00a083 mg, dont safran\u00a0<em>(Crocus sativus)<\/em>\u00a030 mg, extrait de feuille de damiana\u00a0<em>(Turnera diffusa)<\/em>\u00a0300 mg<\/h5>\n<\/td>\n<\/tr>\n<\/tbody>\n<\/table>\n<table border=\"0\" width=\"100%\" cellspacing=\"0\" cellpadding=\"10\">\n<tbody>\n<tr>\n<td align=\"left\" bgcolor=\"#cccccc\"><strong>TestoStim<\/strong><\/td>\n<td align=\"right\" bgcolor=\"#cccccc\"><strong>410 mg<\/strong><\/td>\n<\/tr>\n<\/tbody>\n<\/table>\n<table border=\"0\" width=\"100%\" cellspacing=\"0\" cellpadding=\"10\">\n<tbody>\n<tr>\n<td bgcolor=\"#f1efee\">\n<h5>Extrait de parties a\u00e9riennes de\u00a0<em>Tribulus terrestris<\/em>\u00a0300 mg, Taurine 100 mg, Zinc sous forme Amino-ch\u00e9lat\u00e9e\u00ae (100% VNR*) 10 mg<\/h5>\n<\/td>\n<\/tr>\n<\/tbody>\n<\/table>\n<table border=\"0\" width=\"100%\" cellspacing=\"0\" cellpadding=\"10\">\n<tbody>\n<tr>\n<td align=\"left\" bgcolor=\"#cccccc\"><strong>Dopac\u00e9tyl<\/strong><\/td>\n<td align=\"right\" bgcolor=\"#cccccc\"><strong>184 mg<\/strong><\/td>\n<\/tr>\n<\/tbody>\n<\/table>\n<table border=\"0\" width=\"100%\" cellspacing=\"0\" cellpadding=\"10\">\n<tbody>\n<tr>\n<td bgcolor=\"#f1efee\">\n<h5>L-Tyrosine 100 mg, Choline 83 mg, Vitamine B6 (100 % VNR*) 1,4 mg<\/h5>\n<\/td>\n<\/tr>\n<\/tbody>\n<\/table>\n<h5><em>* Valeurs Nutritionnelles de R\u00e9f\u00e9rence.<br \/>\n<\/em><\/h5>\n<p>Poids net : 55 g. \u2013 Code ACL : 6233508<\/p>\n","protected":false},"excerpt":{"rendered":"<table border=\"0\" cellspacing=\"0\" cellpadding=\"0\">\n<tbody>\n<tr>\n<td valign=\"top\">\n<h1><strong>Libimen\u2122<\/strong><\/h1>\n<\/td>\n<\/tr>\n<tr>\n<td valign=\"top\" height=\"50\">\n<h5>ErectNOs \u2013 TestoStim \u2013 Dopac\u00e9tyl<br \/>\n<em>(SXY#3,010,1380)<\/em><\/h5>\n<\/td>\n<\/tr>\n<\/tbody>\n<\/table>\n<h3><strong>Sant\u00e9 sexuelle masculine<\/strong><\/h3>\n<p><img loading=\"lazy\" decoding=\"async\" class=\"alignnone size-full wp-image-18561\" src=\"https:\/\/nhco-nutrition.com\/france\/wp-content\/uploads\/2020\/01\/carre-libimen.png\" alt=\"\" width=\"18\" height=\"10\" \/>Formule concentr\u00e9e renfermant de l\u2019Arginine combin\u00e9e \u00e0 un ingr\u00e9dient innovant,\u00a0<strong>Libistim<\/strong>, \u00e0 base de safran qui participe \u00e0 une fonction \u00e9rectile normale, \u00e0 un extrait de tribulus soutenant la libido et \u00e0 du Zinc contribuant au maintien du taux de testost\u00e9rone dans le sang.<\/p>\n<p><strong>70 g\u00e9lules BlueCaps \u2013 4\/5 semaines<\/strong><\/p>\n","protected":false},"featured_media":2234,"comment_status":"open","ping_status":"closed","template":"","meta":[],"product_brand":[],"product_cat":[23],"product_tag":[],"class_list":{"0":"post-404","1":"product","2":"type-product","3":"status-publish","4":"has-post-thumbnail","6":"product_cat-23","7":"entry","9":"first","10":"instock","11":"taxable","12":"shipping-taxable","13":"purchasable","14":"product-type-simple"},"jetpack_sharing_enabled":true,"_links":{"self":[{"href":"https:\/\/healthstore.mc\/index.php\/wp-json\/wp\/v2\/product\/404","targetHints":{"allow":["GET"]}}],"collection":[{"href":"https:\/\/healthstore.mc\/index.php\/wp-json\/wp\/v2\/product"}],"about":[{"href":"https:\/\/healthstore.mc\/index.php\/wp-json\/wp\/v2\/types\/product"}],"replies":[{"embeddable":true,"href":"https:\/\/healthstore.mc\/index.php\/wp-json\/wp\/v2\/comments?post=404"}],"wp:featuredmedia":[{"embeddable":true,"href":"https:\/\/healthstore.mc\/index.php\/wp-json\/wp\/v2\/media\/2234"}],"wp:attachment":[{"href":"https:\/\/healthstore.mc\/index.php\/wp-json\/wp\/v2\/media?parent=404"}],"wp:term":[{"taxonomy":"product_brand","embeddable":true,"href":"https:\/\/healthstore.mc\/index.php\/wp-json\/wp\/v2\/product_brand?post=404"},{"taxonomy":"product_cat","embeddable":true,"href":"https:\/\/healthstore.mc\/index.php\/wp-json\/wp\/v2\/product_cat?post=404"},{"taxonomy":"product_tag","embeddable":true,"href":"https:\/\/healthstore.mc\/index.php\/wp-json\/wp\/v2\/product_tag?post=404"}],"curies":[{"name":"wp","href":"https:\/\/api.w.org\/{rel}","templated":true}]}}