{"id":6087,"date":"2022-11-23T16:01:26","date_gmt":"2022-11-23T15:01:26","guid":{"rendered":"https:\/\/healthstore.mc\/?post_type=product&#038;p=6087"},"modified":"2024-09-21T16:34:15","modified_gmt":"2024-09-21T14:34:15","slug":"serum-fall-in-love-10ml","status":"publish","type":"product","link":"https:\/\/healthstore.mc\/index.php\/product\/serum-fall-in-love-10ml\/","title":{"rendered":"S\u00e9rum Fall in Love 10ml"},"content":{"rendered":"<h2>NOUVEAU : AHA ENCAPSUL\u00c9S<\/h2>\n<p>Ce nouveau nutri\u00e9l\u00e9ment permet une lib\u00e9ration progressive des AHA dans les couches de l\u2019\u00e9piderme. R\u00e9sultat : une exfoliation efficace et en douceur, m\u00eame pour les peaux les plus sensibles.<\/p>\n<p>Le renouvellement cellulaire est activ\u00e9 toute la journ\u00e9e. Le grain de peau est liss\u00e9 et les ridules estomp\u00e9es.<\/p>\n","protected":false},"excerpt":{"rendered":"<h3 class=\"z-main-product__subtitle\">CORRECTION &amp; R\u00c9PARATION<\/h3>\n<h2 class=\"z-main-product__title\">Fall In Love 10ml<\/h2>\n<p>FALL IN LOVE est l\u2019\u00e9dition sp\u00e9ciale automne pour recharger la peau en ressources essentielles avant l\u2019hiver. Hydratant, r\u00e9parateur, antioxydant et anti-pollution, ce s\u00e9rum aide \u00e0 reconstruire la matrice cutan\u00e9e et l\u2019arme des d\u00e9fenses n\u00e9cessaires pour faire face aux changements climatiques. Des actifs d\u00e9toxifiants, \u00e9nergisants et anti-taches, purifient la peau et estompent les troubles pigmentaires laiss\u00e9s par le soleil. Le teint est uniformis\u00e9 et \u00e9clatant de beaut\u00e9.<\/p>\n","protected":false},"featured_media":6088,"comment_status":"open","ping_status":"closed","template":"","meta":[],"product_brand":[],"product_cat":[33],"product_tag":[],"class_list":{"0":"post-6087","1":"product","2":"type-product","3":"status-publish","4":"has-post-thumbnail","6":"product_cat-codage","7":"entry","9":"first","10":"instock","11":"taxable","12":"shipping-taxable","13":"purchasable","14":"product-type-simple"},"jetpack_sharing_enabled":true,"_links":{"self":[{"href":"https:\/\/healthstore.mc\/index.php\/wp-json\/wp\/v2\/product\/6087","targetHints":{"allow":["GET"]}}],"collection":[{"href":"https:\/\/healthstore.mc\/index.php\/wp-json\/wp\/v2\/product"}],"about":[{"href":"https:\/\/healthstore.mc\/index.php\/wp-json\/wp\/v2\/types\/product"}],"replies":[{"embeddable":true,"href":"https:\/\/healthstore.mc\/index.php\/wp-json\/wp\/v2\/comments?post=6087"}],"wp:featuredmedia":[{"embeddable":true,"href":"https:\/\/healthstore.mc\/index.php\/wp-json\/wp\/v2\/media\/6088"}],"wp:attachment":[{"href":"https:\/\/healthstore.mc\/index.php\/wp-json\/wp\/v2\/media?parent=6087"}],"wp:term":[{"taxonomy":"product_brand","embeddable":true,"href":"https:\/\/healthstore.mc\/index.php\/wp-json\/wp\/v2\/product_brand?post=6087"},{"taxonomy":"product_cat","embeddable":true,"href":"https:\/\/healthstore.mc\/index.php\/wp-json\/wp\/v2\/product_cat?post=6087"},{"taxonomy":"product_tag","embeddable":true,"href":"https:\/\/healthstore.mc\/index.php\/wp-json\/wp\/v2\/product_tag?post=6087"}],"curies":[{"name":"wp","href":"https:\/\/api.w.org\/{rel}","templated":true}]}}