{"id":6090,"date":"2022-11-23T16:16:19","date_gmt":"2022-11-23T15:16:19","guid":{"rendered":"https:\/\/healthstore.mc\/?post_type=product&#038;p=6090"},"modified":"2024-09-21T16:35:51","modified_gmt":"2024-09-21T14:35:51","slug":"patchs-yeux-par-12","status":"publish","type":"product","link":"https:\/\/healthstore.mc\/index.php\/product\/patchs-yeux-par-12\/","title":{"rendered":"PATCHS YEUX par 12"},"content":{"rendered":"<div>\n<div class=\"z-main-product__extra-item-wrap-title summary__title\">\n<h2 class=\"z-main-product__extra-item-title accordion__title\">B\u00c9N\u00c9FICES<\/h2>\n<\/div>\n<\/div>\n<div class=\"z-main-product__extra-item-content accordion__content rte\">\n<p><span class=\"metafield-multi_line_text_field\">Le regard est un v\u00e9ritable outil de communication au quotidien, il nous permet aussi de faire transpara\u00eetre toute nos \u00e9motions.<\/span><\/p>\n<p>Approuver, dire je t\u2019aime, juger ou critiquer \u2026 nos yeux peuvent en dire long et communiquer beaucoup sur nos ressentis et sentiments. Ils sont \u201cle point o\u00f9 l\u2019\u00e2me et le corps se m\u00ealent\u201d comme aimait \u00e0 le dire Friedrich Hebbel.<\/p>\n<p>Il est important de pouvoir en prendre soin de fa\u00e7on efficace : CODAGE lance en 2021 ses premiers patchs contour des yeux, un essentiel \u00e0 toute routine de soin pour offrir un coup d\u2019\u00e9clat et d\u2019hydratation au contour de l\u2019\u0153il lors d\u2019une session \u00ab Spa at Home \u00bb ou bien encore \u00ab on-the-go \u00bb gr\u00e2ce \u00e0 leur format individuel tr\u00e8s pratique.<\/p>\n<p>&nbsp;<\/p>\n<div>\n<div class=\"z-main-product__extra-item-wrap-title summary__title\">\n<h2 class=\"z-main-product__extra-item-title accordion__title\">MODE D&rsquo;EMPLOI<\/h2>\n<\/div>\n<\/div>\n<div class=\"z-main-product__extra-item-content accordion__content rte\">\n<p><span class=\"metafield-multi_line_text_field\">Ouvrir le sachet, les patchs sont log\u00e9s entre deux feuilles transparentes.<br \/>\nD\u00e9tacher les feuilles et positionner les patchs sous les yeux.<br \/>\nLaisser poser environ 15 minutes.<br \/>\nEn cas de contact direct avec les yeux, rincer \u00e0 l\u2019eau claire.<\/span><\/p>\n<p>&nbsp;<\/p>\n<div>\n<div class=\"z-main-product__extra-item-wrap-title summary__title\">\n<h2 class=\"z-main-product__extra-item-title accordion__title\">INGR\u00c9DIENTS ACTIFS<\/h2>\n<\/div>\n<\/div>\n<div class=\"z-main-product__extra-item-content accordion__content rte\">\n<p><span class=\"metafield-multi_line_text_field\">HYDRATANT<br \/>\nAcide Hyaluronique de Haut Poids Mol\u00e9culaire, Extrait Distill\u00e9 d\u2019Orge<\/span><\/p>\n<p>ANTI &#8211; \u00c2GE<br \/>\nAcide Hyaluronique de Bas Poids Mol\u00e9culaire<\/p>\n<p>APAISANT<br \/>\nPanth\u00e9nol, Aloe Vera<\/p>\n<p>\u00c9CLAT<br \/>\nParticules d\u2019Or<\/p>\n<\/div>\n<\/div>\n<\/div>\n","protected":false},"excerpt":{"rendered":"<h2 class=\"z-main-product__title\">Le Patch Contour des yeux<\/h2>\n<p>Les PATCHS YEUX, en hydrogel d\u00e9congestionnant, aident \u00e0 lutter contre les signes de l\u2019\u00e2ge et redonnent souplesse et fermet\u00e9 au contour de l\u2019\u0153il, pour un regard rafra\u00eechi et d\u00e9fatigu\u00e9.<\/p>\n","protected":false},"featured_media":6091,"comment_status":"open","ping_status":"closed","template":"","meta":[],"product_brand":[],"product_cat":[33],"product_tag":[],"class_list":{"0":"post-6090","1":"product","2":"type-product","3":"status-publish","4":"has-post-thumbnail","6":"product_cat-codage","7":"entry","9":"first","10":"instock","11":"taxable","12":"shipping-taxable","13":"purchasable","14":"product-type-simple"},"jetpack_sharing_enabled":true,"_links":{"self":[{"href":"https:\/\/healthstore.mc\/index.php\/wp-json\/wp\/v2\/product\/6090","targetHints":{"allow":["GET"]}}],"collection":[{"href":"https:\/\/healthstore.mc\/index.php\/wp-json\/wp\/v2\/product"}],"about":[{"href":"https:\/\/healthstore.mc\/index.php\/wp-json\/wp\/v2\/types\/product"}],"replies":[{"embeddable":true,"href":"https:\/\/healthstore.mc\/index.php\/wp-json\/wp\/v2\/comments?post=6090"}],"wp:featuredmedia":[{"embeddable":true,"href":"https:\/\/healthstore.mc\/index.php\/wp-json\/wp\/v2\/media\/6091"}],"wp:attachment":[{"href":"https:\/\/healthstore.mc\/index.php\/wp-json\/wp\/v2\/media?parent=6090"}],"wp:term":[{"taxonomy":"product_brand","embeddable":true,"href":"https:\/\/healthstore.mc\/index.php\/wp-json\/wp\/v2\/product_brand?post=6090"},{"taxonomy":"product_cat","embeddable":true,"href":"https:\/\/healthstore.mc\/index.php\/wp-json\/wp\/v2\/product_cat?post=6090"},{"taxonomy":"product_tag","embeddable":true,"href":"https:\/\/healthstore.mc\/index.php\/wp-json\/wp\/v2\/product_tag?post=6090"}],"curies":[{"name":"wp","href":"https:\/\/api.w.org\/{rel}","templated":true}]}}