{"id":6518,"date":"2022-12-11T14:17:31","date_gmt":"2022-12-11T13:17:31","guid":{"rendered":"https:\/\/healthstore.mc\/?post_type=product&#038;p=6518"},"modified":"2024-09-21T16:35:23","modified_gmt":"2024-09-21T14:35:23","slug":"circular-hydration-serum-30ml","status":"publish","type":"product","link":"https:\/\/healthstore.mc\/index.php\/product\/circular-hydration-serum-30ml\/","title":{"rendered":"circular hydration serum 30ml"},"content":{"rendered":"<div class=\"product-block__text-bottom\">\n<div>type de peau : Pour les peaux d\u00e9shydrat\u00e9es, peaux en manque de souplesse et d\u2019\u00e9clat<\/div>\n<div>objectifs : Peau hydrat\u00e9e, r\u00e9g\u00e9n\u00e9r\u00e9e, lisse et souple<\/div>\n<\/div>\n<div class=\"product-block\">\n<div class=\"rte\">\n<p>Ce s\u00e9rum enrichi en acide hyaluronique offre \u00e0 la peau un boost d\u2019hydratation imm\u00e9diat et durable gr\u00e2ce \u00e0 son action directe sur le cycle d\u2019hydratation de la peau. Il d\u00e9salt\u00e8re instantan\u00e9ment la peau en surface comme en profondeur, stimule l\u2019hydratation naturelle de l\u2019int\u00e9rieur et scelle l&rsquo;eau au coeur de la peau.<\/p>\n<p>La peau est gorg\u00e9e d\u2019eau, liss\u00e9e et repulp\u00e9e, comme r\u00e9g\u00e9n\u00e9r\u00e9e de l&rsquo;int\u00e9rieur. Une vague d\u2019hydratation intense !<\/p>\n<p><a href=\"https:\/\/dermalogica.fr\/blogs\/news\/acide-hyaluronique-quels-bienfaits-pour-la-peau\">Quels sont les bienfaits de l&rsquo;acide hyaluronique ?<br \/>\n<\/a><br \/>\n<a href=\"https:\/\/dermalogica.fr\/blogs\/news\/3-facons-dutiliser-un-serum-a-lacide-hyaluronique\">3 fa\u00e7ons d&rsquo;utiliser un s\u00e9rum \u00e0 l&rsquo;acide hyaluronique<br \/>\n<\/a><br \/>\n<a href=\"https:\/\/dermalogica.fr\/blogs\/news\/comment-bien-utiliser-un-serum-a-l-acide-hyaluronique-quelques-conseils-pour-optimiser-l-efficacite-de-votre-serum-a-l-acide-hyaluronique\">Comment bien utiliser un s\u00e9rum \u00e0 l&rsquo;acide hyaluronique ?<\/a><\/p>\n<\/div>\n<\/div>\n","protected":false},"excerpt":{"rendered":"<div>\n<p class=\"product-single__subtitle\">s\u00e9rum hydratation circulaire intense<\/p>\n<\/div>\n<p>&nbsp;<\/p>\n","protected":false},"featured_media":6519,"comment_status":"open","ping_status":"closed","template":"","meta":[],"product_brand":[],"product_cat":[38],"product_tag":[],"class_list":{"0":"post-6518","1":"product","2":"type-product","3":"status-publish","4":"has-post-thumbnail","6":"product_cat-dermalogica","7":"entry","9":"first","10":"instock","11":"taxable","12":"shipping-taxable","13":"purchasable","14":"product-type-simple"},"jetpack_sharing_enabled":true,"_links":{"self":[{"href":"https:\/\/healthstore.mc\/index.php\/wp-json\/wp\/v2\/product\/6518","targetHints":{"allow":["GET"]}}],"collection":[{"href":"https:\/\/healthstore.mc\/index.php\/wp-json\/wp\/v2\/product"}],"about":[{"href":"https:\/\/healthstore.mc\/index.php\/wp-json\/wp\/v2\/types\/product"}],"replies":[{"embeddable":true,"href":"https:\/\/healthstore.mc\/index.php\/wp-json\/wp\/v2\/comments?post=6518"}],"wp:featuredmedia":[{"embeddable":true,"href":"https:\/\/healthstore.mc\/index.php\/wp-json\/wp\/v2\/media\/6519"}],"wp:attachment":[{"href":"https:\/\/healthstore.mc\/index.php\/wp-json\/wp\/v2\/media?parent=6518"}],"wp:term":[{"taxonomy":"product_brand","embeddable":true,"href":"https:\/\/healthstore.mc\/index.php\/wp-json\/wp\/v2\/product_brand?post=6518"},{"taxonomy":"product_cat","embeddable":true,"href":"https:\/\/healthstore.mc\/index.php\/wp-json\/wp\/v2\/product_cat?post=6518"},{"taxonomy":"product_tag","embeddable":true,"href":"https:\/\/healthstore.mc\/index.php\/wp-json\/wp\/v2\/product_tag?post=6518"}],"curies":[{"name":"wp","href":"https:\/\/api.w.org\/{rel}","templated":true}]}}