{"id":6520,"date":"2022-12-11T15:06:43","date_gmt":"2022-12-11T14:06:43","guid":{"rendered":"https:\/\/healthstore.mc\/?post_type=product&#038;p=6520"},"modified":"2024-09-21T16:40:25","modified_gmt":"2024-09-21T14:40:25","slug":"clear-start-post-breakout-fix-15ml","status":"publish","type":"product","link":"https:\/\/healthstore.mc\/index.php\/product\/clear-start-post-breakout-fix-15ml\/","title":{"rendered":"clear start post-breakout fix 15ml"},"content":{"rendered":"<div class=\"product-block__text-bottom\">\n<div>type de peau : Pour les peaux jeunes, \u00e0 tendance acn\u00e9ique<\/div>\n<div>objectifs : Boutons et imperfections \u00e9limin\u00e9s, teint uniforme sans marques post-acn\u00e9<\/div>\n<\/div>\n<div class=\"product-block\">\n<div class=\"rte\">SOS bouton perc\u00e9 ! Cette solution 2-en-1 permet d&rsquo;acc\u00e9l\u00e9rer la cicatrisation d&rsquo;un bouton trop vite perc\u00e9 tout en pr\u00e9venant et att\u00e9nuant les marques post-inflammatoires que le bouton peut laisser<\/div>\n<\/div>\n","protected":false},"excerpt":{"rendered":"<p>solution post-\u00e9ruption cutan\u00e9<\/p>\n","protected":false},"featured_media":6521,"comment_status":"open","ping_status":"closed","template":"","meta":[],"product_brand":[],"product_cat":[38],"product_tag":[],"class_list":{"0":"post-6520","1":"product","2":"type-product","3":"status-publish","4":"has-post-thumbnail","6":"product_cat-dermalogica","7":"entry","9":"first","10":"instock","11":"taxable","12":"shipping-taxable","13":"purchasable","14":"product-type-simple"},"jetpack_sharing_enabled":true,"_links":{"self":[{"href":"https:\/\/healthstore.mc\/index.php\/wp-json\/wp\/v2\/product\/6520","targetHints":{"allow":["GET"]}}],"collection":[{"href":"https:\/\/healthstore.mc\/index.php\/wp-json\/wp\/v2\/product"}],"about":[{"href":"https:\/\/healthstore.mc\/index.php\/wp-json\/wp\/v2\/types\/product"}],"replies":[{"embeddable":true,"href":"https:\/\/healthstore.mc\/index.php\/wp-json\/wp\/v2\/comments?post=6520"}],"wp:featuredmedia":[{"embeddable":true,"href":"https:\/\/healthstore.mc\/index.php\/wp-json\/wp\/v2\/media\/6521"}],"wp:attachment":[{"href":"https:\/\/healthstore.mc\/index.php\/wp-json\/wp\/v2\/media?parent=6520"}],"wp:term":[{"taxonomy":"product_brand","embeddable":true,"href":"https:\/\/healthstore.mc\/index.php\/wp-json\/wp\/v2\/product_brand?post=6520"},{"taxonomy":"product_cat","embeddable":true,"href":"https:\/\/healthstore.mc\/index.php\/wp-json\/wp\/v2\/product_cat?post=6520"},{"taxonomy":"product_tag","embeddable":true,"href":"https:\/\/healthstore.mc\/index.php\/wp-json\/wp\/v2\/product_tag?post=6520"}],"curies":[{"name":"wp","href":"https:\/\/api.w.org\/{rel}","templated":true}]}}