{"id":6524,"date":"2022-12-11T15:17:30","date_gmt":"2022-12-11T14:17:30","guid":{"rendered":"https:\/\/healthstore.mc\/?post_type=product&#038;p=6524"},"modified":"2024-09-21T16:37:50","modified_gmt":"2024-09-21T14:37:50","slug":"daily-milkfoliant-74g","status":"publish","type":"product","link":"https:\/\/healthstore.mc\/index.php\/product\/daily-milkfoliant-74g\/","title":{"rendered":"daily milkfoliant 74g"},"content":{"rendered":"<div class=\"product-block__text-bottom\">\n<div>type de peau : Pour toutes les peaux, m\u00eame sensibles ou s\u00e8ches<\/div>\n<div>objectifs : Peau lisse, r\u00e9g\u00e9n\u00e9r\u00e9e, lumineuse, apais\u00e9e<\/div>\n<\/div>\n<div class=\"product-block\">\n<div class=\"rte\">L\u2019exfoliant star Dermalogica se d\u00e9cline d\u00e9sormais dans une version apaisante et r\u00e9g\u00e9n\u00e9rante. Sa formule en poudre exfoliante aux laits v\u00e9g\u00e9taux d\u2019avoine et de coco calmants se transforme au contact de l\u2019eau en une texture mousse de lait onctueuse. Il \u00e9limine en douceur les cellules mortes afin d&rsquo;exfolier la peau tout en apaisant et en restaurant la barri\u00e8re d\u2019hydratation. La peau est instantan\u00e9ment plus lisse, plus lumineuse et plus douce, comme r\u00e9g\u00e9n\u00e9r\u00e9e.<\/div>\n<\/div>\n","protected":false},"excerpt":{"rendered":"<p>exfoliant doux apaisant quotidien<\/p>\n","protected":false},"featured_media":6525,"comment_status":"open","ping_status":"closed","template":"","meta":[],"product_brand":[],"product_cat":[38],"product_tag":[],"class_list":{"0":"post-6524","1":"product","2":"type-product","3":"status-publish","4":"has-post-thumbnail","6":"product_cat-dermalogica","7":"entry","9":"first","10":"instock","11":"taxable","12":"shipping-taxable","13":"purchasable","14":"product-type-simple"},"jetpack_sharing_enabled":true,"_links":{"self":[{"href":"https:\/\/healthstore.mc\/index.php\/wp-json\/wp\/v2\/product\/6524","targetHints":{"allow":["GET"]}}],"collection":[{"href":"https:\/\/healthstore.mc\/index.php\/wp-json\/wp\/v2\/product"}],"about":[{"href":"https:\/\/healthstore.mc\/index.php\/wp-json\/wp\/v2\/types\/product"}],"replies":[{"embeddable":true,"href":"https:\/\/healthstore.mc\/index.php\/wp-json\/wp\/v2\/comments?post=6524"}],"wp:featuredmedia":[{"embeddable":true,"href":"https:\/\/healthstore.mc\/index.php\/wp-json\/wp\/v2\/media\/6525"}],"wp:attachment":[{"href":"https:\/\/healthstore.mc\/index.php\/wp-json\/wp\/v2\/media?parent=6524"}],"wp:term":[{"taxonomy":"product_brand","embeddable":true,"href":"https:\/\/healthstore.mc\/index.php\/wp-json\/wp\/v2\/product_brand?post=6524"},{"taxonomy":"product_cat","embeddable":true,"href":"https:\/\/healthstore.mc\/index.php\/wp-json\/wp\/v2\/product_cat?post=6524"},{"taxonomy":"product_tag","embeddable":true,"href":"https:\/\/healthstore.mc\/index.php\/wp-json\/wp\/v2\/product_tag?post=6524"}],"curies":[{"name":"wp","href":"https:\/\/api.w.org\/{rel}","templated":true}]}}