{"id":6526,"date":"2022-12-11T15:22:33","date_gmt":"2022-12-11T14:22:33","guid":{"rendered":"https:\/\/healthstore.mc\/?post_type=product&#038;p=6526"},"modified":"2024-09-21T16:29:46","modified_gmt":"2024-09-21T14:29:46","slug":"hyaluronic-ceramide-mist-150ml","status":"publish","type":"product","link":"https:\/\/healthstore.mc\/index.php\/product\/hyaluronic-ceramide-mist-150ml\/","title":{"rendered":"hyaluronic ceramide mist 150ml"},"content":{"rendered":"<div class=\"product-block__text-bottom\">\n<div>type de peau : Pour les peaux d\u00e9shydrat\u00e9es, sujettes \u00e0 un manque de confort, de souplesse ou d&rsquo;\u00e9clat<\/div>\n<div>objectifs : Peau hydrat\u00e9e en profondeur, fortifi\u00e9e, lisse et repulp\u00e9e<\/div>\n<\/div>\n<div class=\"product-block\">\n<div class=\"rte\">\n<p>Concentr\u00e9e en acide hyaluronique et en c\u00e9ramides, cette brume hydratante et fortifiante longue dur\u00e9e sature la peau en eau, bloque l\u2019\u00e9vaporation de l\u2019hydratation et renforce la barri\u00e8re cutan\u00e9e durablement pour lui permettre de mieux rebondir face aux agressions ext\u00e9rieures. La peau est repulp\u00e9e et rebondie, les rides et ridules liss\u00e9es, la barri\u00e8re cutan\u00e9e renforc\u00e9e.<\/p>\n<\/div>\n<\/div>\n","protected":false},"excerpt":{"rendered":"<p>brume hydratante fortifiante<\/p>\n","protected":false},"featured_media":6527,"comment_status":"open","ping_status":"closed","template":"","meta":[],"product_brand":[],"product_cat":[38],"product_tag":[],"class_list":{"0":"post-6526","1":"product","2":"type-product","3":"status-publish","4":"has-post-thumbnail","6":"product_cat-dermalogica","7":"entry","9":"first","10":"outofstock","11":"taxable","12":"shipping-taxable","13":"purchasable","14":"product-type-simple"},"jetpack_sharing_enabled":true,"_links":{"self":[{"href":"https:\/\/healthstore.mc\/index.php\/wp-json\/wp\/v2\/product\/6526","targetHints":{"allow":["GET"]}}],"collection":[{"href":"https:\/\/healthstore.mc\/index.php\/wp-json\/wp\/v2\/product"}],"about":[{"href":"https:\/\/healthstore.mc\/index.php\/wp-json\/wp\/v2\/types\/product"}],"replies":[{"embeddable":true,"href":"https:\/\/healthstore.mc\/index.php\/wp-json\/wp\/v2\/comments?post=6526"}],"wp:featuredmedia":[{"embeddable":true,"href":"https:\/\/healthstore.mc\/index.php\/wp-json\/wp\/v2\/media\/6527"}],"wp:attachment":[{"href":"https:\/\/healthstore.mc\/index.php\/wp-json\/wp\/v2\/media?parent=6526"}],"wp:term":[{"taxonomy":"product_brand","embeddable":true,"href":"https:\/\/healthstore.mc\/index.php\/wp-json\/wp\/v2\/product_brand?post=6526"},{"taxonomy":"product_cat","embeddable":true,"href":"https:\/\/healthstore.mc\/index.php\/wp-json\/wp\/v2\/product_cat?post=6526"},{"taxonomy":"product_tag","embeddable":true,"href":"https:\/\/healthstore.mc\/index.php\/wp-json\/wp\/v2\/product_tag?post=6526"}],"curies":[{"name":"wp","href":"https:\/\/api.w.org\/{rel}","templated":true}]}}