{"id":6531,"date":"2022-12-11T15:45:44","date_gmt":"2022-12-11T14:45:44","guid":{"rendered":"https:\/\/healthstore.mc\/?post_type=product&#038;p=6531"},"modified":"2024-09-21T16:39:06","modified_gmt":"2024-09-21T14:39:06","slug":"powerbright-overnight-cream-50ml","status":"publish","type":"product","link":"https:\/\/healthstore.mc\/index.php\/product\/powerbright-overnight-cream-50ml\/","title":{"rendered":"powerbright overnight cream 50ml"},"content":{"rendered":"<div class=\"product-block__text-bottom\">\n<div>type de peau : Pour les peaux hyperpigment\u00e9es, sujettes aux taches, les teints ternes et irr\u00e9guliers<\/div>\n<div>objectifs : peau lisse, teint homog\u00e8ne<\/div>\n<\/div>\n<div class=\"product-block\">\n<div class=\"rte\">\n<p>Ce soin de nuit hydratant et nourrissant lutte contre les taches brunes et optimise la capacit\u00e9 de r\u00e9cup\u00e9ration de la peau tout en restaurant sa luminosit\u00e9.\u00a0Il procure \u00e0 la peau une hydratation en profondeur tout en lissant et affinant le grain de peau, pour un teint uniforme et une peau \u00e9clatante.<\/p>\n<\/div>\n<\/div>\n","protected":false},"excerpt":{"rendered":"<div>\n<p class=\"product-single__subtitle\">soin de nuit r\u00e9g\u00e9n\u00e9rant anti-taches<\/p>\n<\/div>\n<p>&nbsp;<\/p>\n","protected":false},"featured_media":6532,"comment_status":"open","ping_status":"closed","template":"","meta":[],"product_brand":[],"product_cat":[38],"product_tag":[],"class_list":{"0":"post-6531","1":"product","2":"type-product","3":"status-publish","4":"has-post-thumbnail","6":"product_cat-dermalogica","7":"entry","9":"first","10":"instock","11":"taxable","12":"shipping-taxable","13":"purchasable","14":"product-type-simple"},"jetpack_sharing_enabled":true,"_links":{"self":[{"href":"https:\/\/healthstore.mc\/index.php\/wp-json\/wp\/v2\/product\/6531","targetHints":{"allow":["GET"]}}],"collection":[{"href":"https:\/\/healthstore.mc\/index.php\/wp-json\/wp\/v2\/product"}],"about":[{"href":"https:\/\/healthstore.mc\/index.php\/wp-json\/wp\/v2\/types\/product"}],"replies":[{"embeddable":true,"href":"https:\/\/healthstore.mc\/index.php\/wp-json\/wp\/v2\/comments?post=6531"}],"wp:featuredmedia":[{"embeddable":true,"href":"https:\/\/healthstore.mc\/index.php\/wp-json\/wp\/v2\/media\/6532"}],"wp:attachment":[{"href":"https:\/\/healthstore.mc\/index.php\/wp-json\/wp\/v2\/media?parent=6531"}],"wp:term":[{"taxonomy":"product_brand","embeddable":true,"href":"https:\/\/healthstore.mc\/index.php\/wp-json\/wp\/v2\/product_brand?post=6531"},{"taxonomy":"product_cat","embeddable":true,"href":"https:\/\/healthstore.mc\/index.php\/wp-json\/wp\/v2\/product_cat?post=6531"},{"taxonomy":"product_tag","embeddable":true,"href":"https:\/\/healthstore.mc\/index.php\/wp-json\/wp\/v2\/product_tag?post=6531"}],"curies":[{"name":"wp","href":"https:\/\/api.w.org\/{rel}","templated":true}]}}