{"id":7018,"date":"2022-12-30T18:28:13","date_gmt":"2022-12-30T17:28:13","guid":{"rendered":"https:\/\/healthstore.mc\/?post_type=product&#038;p=7018"},"modified":"2024-09-21T16:36:23","modified_gmt":"2024-09-21T14:36:23","slug":"intensive-hyaluronic-creme-recharge-50ml","status":"publish","type":"product","link":"https:\/\/healthstore.mc\/index.php\/product\/intensive-hyaluronic-creme-recharge-50ml\/","title":{"rendered":"Intens Hyaluronic Cr\u00e8me Recharge 50ml"},"content":{"rendered":"<p>Lorsque la peau est d\u00e9shydrat\u00e9e, elle procure une sensation d\u00e9sagr\u00e9able de tiraillement. Il devient urgent de restaurer son confort tout en la prot\u00e9geant du vieillissement cutan\u00e9. Combinant trois acides hyaluroniques, la cr\u00e8me INTENSIVE HYALURONIC hydrate intens\u00e9ment, repulpe et lisse l\u2019\u00e9piderme tout en prot\u00e9geant la peau des agressions ext\u00e9rieures.<\/p>\n","protected":false},"excerpt":{"rendered":"<h2 class=\"h5 product-keyword\">LA RECHARGE DE LA CR\u00c8ME REPULPANTE QUI LISSE ET R\u00c9HYDRATE INTENS\u00c9MENT<\/h2>\n","protected":false},"featured_media":7019,"comment_status":"open","ping_status":"closed","template":"","meta":[],"product_brand":[],"product_cat":[34],"product_tag":[],"class_list":{"0":"post-7018","1":"product","2":"type-product","3":"status-publish","4":"has-post-thumbnail","6":"product_cat-34","7":"entry","9":"first","10":"instock","11":"taxable","12":"shipping-taxable","13":"purchasable","14":"product-type-simple"},"jetpack_sharing_enabled":true,"_links":{"self":[{"href":"https:\/\/healthstore.mc\/index.php\/wp-json\/wp\/v2\/product\/7018","targetHints":{"allow":["GET"]}}],"collection":[{"href":"https:\/\/healthstore.mc\/index.php\/wp-json\/wp\/v2\/product"}],"about":[{"href":"https:\/\/healthstore.mc\/index.php\/wp-json\/wp\/v2\/types\/product"}],"replies":[{"embeddable":true,"href":"https:\/\/healthstore.mc\/index.php\/wp-json\/wp\/v2\/comments?post=7018"}],"wp:featuredmedia":[{"embeddable":true,"href":"https:\/\/healthstore.mc\/index.php\/wp-json\/wp\/v2\/media\/7019"}],"wp:attachment":[{"href":"https:\/\/healthstore.mc\/index.php\/wp-json\/wp\/v2\/media?parent=7018"}],"wp:term":[{"taxonomy":"product_brand","embeddable":true,"href":"https:\/\/healthstore.mc\/index.php\/wp-json\/wp\/v2\/product_brand?post=7018"},{"taxonomy":"product_cat","embeddable":true,"href":"https:\/\/healthstore.mc\/index.php\/wp-json\/wp\/v2\/product_cat?post=7018"},{"taxonomy":"product_tag","embeddable":true,"href":"https:\/\/healthstore.mc\/index.php\/wp-json\/wp\/v2\/product_tag?post=7018"}],"curies":[{"name":"wp","href":"https:\/\/api.w.org\/{rel}","templated":true}]}}