{"id":7021,"date":"2022-12-30T18:41:16","date_gmt":"2022-12-30T17:41:16","guid":{"rendered":"https:\/\/healthstore.mc\/?post_type=product&#038;p=7021"},"modified":"2024-09-21T16:30:39","modified_gmt":"2024-09-21T14:30:39","slug":"intens-vit-c-double-concentre-10ml","status":"publish","type":"product","link":"https:\/\/healthstore.mc\/index.php\/product\/intens-vit-c-double-concentre-10ml\/","title":{"rendered":"Intens Vit C Double Concentr\u00e9 10ml"},"content":{"rendered":"<p>Un s\u00e9rum booster \u00e9claircissant anti-taches combinant 10% de vitamine C pure avec 2% de pro-vitamine C pour un r\u00e9sultat visible en 14 jours sur le teint, les taches brunes et le manque d\u2019\u00e9clat.<\/p>\n","protected":false},"excerpt":{"rendered":"<div class=\"page-title-wrapper product\">\n<h2 class=\"h5 product-keyword\">LE 1ER S\u00c9RUM ASSOCIANT 2 FORMES DE VITAMINE C POUR UNE ACTION IMM\u00c9DIATE ET CONTINUE SUR LES TACHES ET L&rsquo;\u00c9CLAT.<\/h2>\n<\/div>\n<div class=\"netreviews-stars\">\n<div class=\"netreviews_bg_stars_big headerStars\" title=\"4.50\/5\">\n<div><\/div>\n<\/div>\n<\/div>\n","protected":false},"featured_media":7022,"comment_status":"open","ping_status":"closed","template":"","meta":[],"product_brand":[],"product_cat":[34],"product_tag":[],"class_list":{"0":"post-7021","1":"product","2":"type-product","3":"status-publish","4":"has-post-thumbnail","6":"product_cat-34","7":"entry","9":"first","10":"instock","11":"taxable","12":"shipping-taxable","13":"purchasable","14":"product-type-simple"},"jetpack_sharing_enabled":true,"_links":{"self":[{"href":"https:\/\/healthstore.mc\/index.php\/wp-json\/wp\/v2\/product\/7021","targetHints":{"allow":["GET"]}}],"collection":[{"href":"https:\/\/healthstore.mc\/index.php\/wp-json\/wp\/v2\/product"}],"about":[{"href":"https:\/\/healthstore.mc\/index.php\/wp-json\/wp\/v2\/types\/product"}],"replies":[{"embeddable":true,"href":"https:\/\/healthstore.mc\/index.php\/wp-json\/wp\/v2\/comments?post=7021"}],"wp:featuredmedia":[{"embeddable":true,"href":"https:\/\/healthstore.mc\/index.php\/wp-json\/wp\/v2\/media\/7022"}],"wp:attachment":[{"href":"https:\/\/healthstore.mc\/index.php\/wp-json\/wp\/v2\/media?parent=7021"}],"wp:term":[{"taxonomy":"product_brand","embeddable":true,"href":"https:\/\/healthstore.mc\/index.php\/wp-json\/wp\/v2\/product_brand?post=7021"},{"taxonomy":"product_cat","embeddable":true,"href":"https:\/\/healthstore.mc\/index.php\/wp-json\/wp\/v2\/product_cat?post=7021"},{"taxonomy":"product_tag","embeddable":true,"href":"https:\/\/healthstore.mc\/index.php\/wp-json\/wp\/v2\/product_tag?post=7021"}],"curies":[{"name":"wp","href":"https:\/\/api.w.org\/{rel}","templated":true}]}}