{"id":7023,"date":"2022-12-30T18:45:18","date_gmt":"2022-12-30T17:45:18","guid":{"rendered":"https:\/\/healthstore.mc\/?post_type=product&#038;p=7023"},"modified":"2024-09-21T16:32:33","modified_gmt":"2024-09-21T14:32:33","slug":"intens-vit-c-coffret-28jours-2x10ml","status":"publish","type":"product","link":"https:\/\/healthstore.mc\/index.php\/product\/intens-vit-c-coffret-28jours-2x10ml\/","title":{"rendered":"Intens Vit C coffret 28jours 2x10ml"},"content":{"rendered":"<p>Un s\u00e9rum booster \u00e9claircissant anti-taches combinant 10% de vitamine C pure avec 2% de pro-vitamine C pour un r\u00e9sultat sur le teint, les taches brunes et le manque d\u2019\u00e9clat.<\/p>\n","protected":false},"excerpt":{"rendered":"<h2 class=\"h5 product-keyword\">UNE CURE DE 28 JOURS ANTI-TACHES ET \u00c9CLAT<\/h2>\n","protected":false},"featured_media":7025,"comment_status":"open","ping_status":"closed","template":"","meta":[],"product_brand":[],"product_cat":[34],"product_tag":[],"class_list":{"0":"post-7023","1":"product","2":"type-product","3":"status-publish","4":"has-post-thumbnail","6":"product_cat-34","7":"entry","9":"first","10":"instock","11":"taxable","12":"shipping-taxable","13":"purchasable","14":"product-type-simple"},"jetpack_sharing_enabled":true,"_links":{"self":[{"href":"https:\/\/healthstore.mc\/index.php\/wp-json\/wp\/v2\/product\/7023","targetHints":{"allow":["GET"]}}],"collection":[{"href":"https:\/\/healthstore.mc\/index.php\/wp-json\/wp\/v2\/product"}],"about":[{"href":"https:\/\/healthstore.mc\/index.php\/wp-json\/wp\/v2\/types\/product"}],"replies":[{"embeddable":true,"href":"https:\/\/healthstore.mc\/index.php\/wp-json\/wp\/v2\/comments?post=7023"}],"wp:featuredmedia":[{"embeddable":true,"href":"https:\/\/healthstore.mc\/index.php\/wp-json\/wp\/v2\/media\/7025"}],"wp:attachment":[{"href":"https:\/\/healthstore.mc\/index.php\/wp-json\/wp\/v2\/media?parent=7023"}],"wp:term":[{"taxonomy":"product_brand","embeddable":true,"href":"https:\/\/healthstore.mc\/index.php\/wp-json\/wp\/v2\/product_brand?post=7023"},{"taxonomy":"product_cat","embeddable":true,"href":"https:\/\/healthstore.mc\/index.php\/wp-json\/wp\/v2\/product_cat?post=7023"},{"taxonomy":"product_tag","embeddable":true,"href":"https:\/\/healthstore.mc\/index.php\/wp-json\/wp\/v2\/product_tag?post=7023"}],"curies":[{"name":"wp","href":"https:\/\/api.w.org\/{rel}","templated":true}]}}