{"id":7171,"date":"2023-01-07T16:08:06","date_gmt":"2023-01-07T15:08:06","guid":{"rendered":"https:\/\/healthstore.mc\/?post_type=product&#038;p=7171"},"modified":"2024-09-21T16:40:11","modified_gmt":"2024-09-21T14:40:11","slug":"diamond-extreme-cr-rich-50ml","status":"publish","type":"product","link":"https:\/\/healthstore.mc\/index.php\/product\/diamond-extreme-cr-rich-50ml\/","title":{"rendered":"Diamond extreme cr rich 50ml"},"content":{"rendered":"<section class=\"product-slide product-slide-two\">\n<div class=\"product-info\">\n<div class=\"product-details-right\">\n<p class=\"alternative-title\"><span>Les 5 dimensions pour une peau rajeunie<\/span><\/p>\n<p>&nbsp;<\/p>\n<div class=\"description\">\n<ul class=\"product-list\">\n<li style=\"list-style-type: none;\">\n<ul class=\"product-list\">\n<li><span>Dynamise la peau pour une action anti-\u00e2ge extraordinaire<\/span><\/li>\n<\/ul>\n<\/li>\n<\/ul>\n<ul class=\"product-list\">\n<li style=\"list-style-type: none;\">\n<ul class=\"product-list\">\n<li><span>Procure un effet liftant et raffermissant visible<\/span><\/li>\n<\/ul>\n<\/li>\n<\/ul>\n<ul class=\"product-list\">\n<li style=\"list-style-type: none;\">\n<ul class=\"product-list\">\n<li><span>Contribue \u00e0 estomper les rides et les lignes d&rsquo;expression<\/span><\/li>\n<\/ul>\n<\/li>\n<\/ul>\n<ul class=\"product-list\">\n<li style=\"list-style-type: none;\">\n<ul class=\"product-list\">\n<li><span>Restaure l&rsquo;hydratation pour r\u00e9v\u00e9ler une peau plus rebondie et plus juteuse<\/span><\/li>\n<\/ul>\n<\/li>\n<\/ul>\n<ul class=\"product-list\">\n<li><span>Prot\u00e8ge la peau de l&rsquo;int\u00e9rieur pour am\u00e9liorer sa r\u00e9silience<\/span><\/li>\n<\/ul>\n<p>&nbsp;<\/p>\n<h3><strong><span>TRANSFORME LA PEAU EN 45 JOURS<\/span><\/strong><\/h3>\n<p><span>Ceux qui l&rsquo;ont essay\u00e9 sentent leur peau&#8230;<\/span><\/p>\n<p><strong><span>100%<\/span><\/strong><span>\u00a0\u00a0moins de rides et ridules<\/span><\/p>\n<p><strong><span>100%<\/span><\/strong><span>\u00a0\u00a0plus hydrat\u00e9 et souple<\/span><\/p>\n<p><strong><span>100%<\/span><\/strong><span>\u00a0\u00a0plus doux, plus soyeux et plus satin\u00e9<\/span><\/p>\n<p><strong><span>97%<\/span><\/strong><span>\u00a0\u00a0visiblement plus ferme<\/span><\/p>\n<p><strong><span>97%<\/span><\/strong><span>\u00a0\u00a0plus lumineux et plus vital<\/span><\/p>\n<p><em><span>*Test subjectif sur 30 volontaires (35 \u00e0 55 ans) apr\u00e8s 45 jours d&rsquo;utilisation.<\/span><\/em><\/p>\n<\/div>\n<p>&nbsp;<\/p>\n<\/div>\n<\/div>\n<\/section>\n<section class=\"product-slide product-slide-three\">\n<div class=\"product-info\">\n<div class=\"product-details-left\">\n<h3 class=\"product-name\"><span>POURQUOI EST-IL SI EFFICACE ?<\/span><\/h3>\n<p><span>1. FOURNIT DE L&rsquo;\u00c9NERGIE INTELLIGENTE :\u00a0<\/span><strong><span>Le Smart Energy Complex<\/span><\/strong><span>\u00a0&#8211; avec\u00a0<\/span><em><strong><span>Artemia salina<\/span><\/strong><\/em><span>\u00a0,\u00a0<\/span><strong><span>extrait de racine de pivoine<\/span><\/strong><span>\u00a0et\u00a0<\/span><strong><span>ChronoSkin<\/span><\/strong><span>\u00a0&#8211; est une puissante infusion d&rsquo;\u00e9nergie qui aide \u00e0 r\u00e9guler les rythmes circadiens de la peau pour am\u00e9liorer les r\u00e9sultats.<\/span><\/p>\n<p><span>2. R\u00c9AFFIRME : Le\u00a0<\/span><strong><span>cristal d&rsquo;huile de larme de mastic<\/span><\/strong><span>\u00a0, associ\u00e9 aux extraits de\u00a0<\/span><strong><span>pois<\/span><\/strong><span>\u00a0et de\u00a0<\/span><em><strong><span>Ceratonia siliqua<\/span><\/strong><\/em><span>\u00a0, aide \u00e0 lutter contre la flaccidit\u00e9 et \u00e0 red\u00e9finir les contours du visage.<\/span><\/p>\n<p><span>3. LISSE : L&rsquo;ingr\u00e9dient peptidique\u00a0<\/span><strong><span>Peptixyl ProYouth<\/span><\/strong><span>\u00a0aide \u00e0 lisser l&rsquo;apparence des rides et ridules.<\/span><\/p>\n<p><span>4. R\u00c9PARE : Les\u00a0<\/span><strong><span>lipides<\/span><\/strong><span>\u00a0amortissants et la\u00a0<\/span><strong><span>phytosphingosine<\/span><\/strong><span>\u00a0boostent l&rsquo;hydratation et la barri\u00e8re cutan\u00e9e pour un teint visiblement plus rebondi et plus \u00e9lastique.<\/span><\/p>\n<p><span>5. PROT\u00c8GE :\u00a0<\/span><strong><span>Les probiotiques<\/span><\/strong><span>\u00a0aident \u00e0 \u00e9quilibrer le microbiote cutan\u00e9 et un\u00a0<\/span><strong><span>cocktail antioxydant<\/span><\/strong><span>\u00a0prot\u00e8ge des radicaux libres et des agressions ext\u00e9rieures, apportant une importante action anti-\u00e2ge.<\/span><\/p>\n<\/div>\n<\/div>\n<\/section>\n","protected":false},"excerpt":{"rendered":"<p>Cr\u00e8me rajeunissante \u00e9nergisante.\u00a0texture riche<\/p>\n<p>La nouvelle g\u00e9n\u00e9ration de l&rsquo;iconique\u00a0<strong>Diamond Extreme<\/strong>\u00a0est une nouvelle solution anti-\u00e2ge globale encore plus puissante qui recharge votre peau en \u00e9nergie.<\/p>\n<p>Cette cr\u00e8me rajeunissante comprend\u00a0<strong>le Smart Energy Complex<\/strong>\u00a0, pour r\u00e9activer votre peau et harmoniser ses cycles naturels de protection diurne et de r\u00e9paration nocturne.<\/p>\n<p>Il se d\u00e9cline en deux textures.\u00a0La\u00a0<strong>texture riche<\/strong>\u00a0est parfaite si vous pr\u00e9f\u00e9rez une cr\u00e8me \u00e9molliente au fini juteux.\u00a0Si vous pr\u00e9f\u00e9rez une cr\u00e8me \u00e0 absorption rapide avec un fini mat, d\u00e9couvrez la\u00a0<a href=\"https:\/\/www.naturabisse.com\/int\/es\/diamond-age-defying\/diamond-extreme\/diamond-extreme-cream---light\/31A137.html\">texture l\u00e9g\u00e8re<\/a>\u00a0.<\/p>\n","protected":false},"featured_media":7173,"comment_status":"open","ping_status":"closed","template":"","meta":[],"product_brand":[],"product_cat":[28],"product_tag":[],"class_list":{"0":"post-7171","1":"product","2":"type-product","3":"status-publish","4":"has-post-thumbnail","6":"product_cat-28","7":"entry","9":"first","10":"instock","11":"taxable","12":"shipping-taxable","13":"purchasable","14":"product-type-simple"},"jetpack_sharing_enabled":true,"_links":{"self":[{"href":"https:\/\/healthstore.mc\/index.php\/wp-json\/wp\/v2\/product\/7171","targetHints":{"allow":["GET"]}}],"collection":[{"href":"https:\/\/healthstore.mc\/index.php\/wp-json\/wp\/v2\/product"}],"about":[{"href":"https:\/\/healthstore.mc\/index.php\/wp-json\/wp\/v2\/types\/product"}],"replies":[{"embeddable":true,"href":"https:\/\/healthstore.mc\/index.php\/wp-json\/wp\/v2\/comments?post=7171"}],"wp:featuredmedia":[{"embeddable":true,"href":"https:\/\/healthstore.mc\/index.php\/wp-json\/wp\/v2\/media\/7173"}],"wp:attachment":[{"href":"https:\/\/healthstore.mc\/index.php\/wp-json\/wp\/v2\/media?parent=7171"}],"wp:term":[{"taxonomy":"product_brand","embeddable":true,"href":"https:\/\/healthstore.mc\/index.php\/wp-json\/wp\/v2\/product_brand?post=7171"},{"taxonomy":"product_cat","embeddable":true,"href":"https:\/\/healthstore.mc\/index.php\/wp-json\/wp\/v2\/product_cat?post=7171"},{"taxonomy":"product_tag","embeddable":true,"href":"https:\/\/healthstore.mc\/index.php\/wp-json\/wp\/v2\/product_tag?post=7171"}],"curies":[{"name":"wp","href":"https:\/\/api.w.org\/{rel}","templated":true}]}}