{"id":7174,"date":"2023-01-07T16:14:51","date_gmt":"2023-01-07T15:14:51","guid":{"rendered":"https:\/\/healthstore.mc\/?post_type=product&#038;p=7174"},"modified":"2024-09-21T16:39:41","modified_gmt":"2024-09-21T14:39:41","slug":"diamond-extreme-cr-light-50ml","status":"publish","type":"product","link":"https:\/\/healthstore.mc\/index.php\/product\/diamond-extreme-cr-light-50ml\/","title":{"rendered":"Diamond extreme cr light 50ml"},"content":{"rendered":"<section class=\"product-slide product-slide-one\">\n<div class=\"product-info\">\n<div class=\"product-details-right\">\n<div class=\"product-long-description text--size14\"><\/div>\n<div class=\"actions\">\n<section class=\"product-slide product-slide-two\">\n<div class=\"product-info\">\n<div class=\"product-details-right\">\n<p class=\"alternative-title\">Les 5 dimensions pour une peau rajeunie<\/p>\n<div class=\"description\">\n<ul class=\"product-list\">\n<li style=\"list-style-type: none;\">\n<ul class=\"product-list\">\n<li>Dynamise la peau pour des r\u00e9sultats anti-\u00e2ge imbattables<\/li>\n<\/ul>\n<\/li>\n<\/ul>\n<ul class=\"product-list\">\n<li style=\"list-style-type: none;\">\n<ul class=\"product-list\">\n<li>Offre un effet raffermissant et liftant remarquable<\/li>\n<\/ul>\n<\/li>\n<\/ul>\n<ul class=\"product-list\">\n<li style=\"list-style-type: none;\">\n<ul class=\"product-list\">\n<li>Minimise les rides et les lignes d&rsquo;expression<\/li>\n<\/ul>\n<\/li>\n<\/ul>\n<ul class=\"product-list\">\n<li style=\"list-style-type: none;\">\n<ul class=\"product-list\">\n<li>Hydrate en profondeur pour une peau souple et juteuse<\/li>\n<\/ul>\n<\/li>\n<\/ul>\n<ul class=\"product-list\">\n<li>Prot\u00e8ge la peau des agressions ext\u00e9rieures et am\u00e9liore sa r\u00e9sistance<\/li>\n<\/ul>\n<\/div>\n<\/div>\n<\/div>\n<\/section>\n<section class=\"product-slide product-slide-three\">\n<div class=\"product-info\">\n<div class=\"product-details-left\">\n<h3 class=\"product-name\">POURQUOI EST-IL SI EFFICACE ?<\/h3>\n<p>1. FOURNIT DE L&rsquo;\u00c9NERGIE INTELLIGENTE : Le\u00a0<strong>complexe Smart Energy<\/strong>\u00a0combine l&rsquo;\u00a0<em><strong>Artemia salina<\/strong><\/em>\u00a0,\u00a0<strong>l&rsquo;extrait de racine de pivoine<\/strong>\u00a0et\u00a0<strong>ChronoSkin<\/strong>\u00a0pour stimuler l&rsquo;\u00e9nergie de la peau et aider \u00e0 harmoniser les rythmes circadiens de la peau.<\/p>\n<p>2. R\u00c9AFFIRME : Avec\u00a0<strong>l&rsquo;huile de larme de cristal de mastic<\/strong>\u00a0, les\u00a0<strong>extraits<\/strong>\u00a0de pois et de\u00a0<em><strong>Ceratonia siliqua<\/strong><\/em>\u00a0, il am\u00e9liore la fermet\u00e9, combat la flaccidit\u00e9 et procure un effet lifting pour d\u00e9finir les contours du visage.<\/p>\n<p>3. LISSE :\u00a0<strong>Peptixyl ProYouth<\/strong>\u00a0aide \u00e0 r\u00e9duire les rides et ridules d&rsquo;expression et \u00e0 lisser le grain de peau.<\/p>\n<p>4. R\u00c9PARE : Gr\u00e2ce aux\u00a0<strong>lipides \u00e0 effet coussin<\/strong>\u00a0et \u00e0 la\u00a0<strong>phytosphingosine<\/strong>\u00a0, il offre une hydratation intense pour une peau plus juteuse et plus \u00e9lastique.<\/p>\n<p>5. PROT\u00c8GE : Le\u00a0<strong>cocktail antioxydant<\/strong>\u00a0prot\u00e8ge la peau des agressions ext\u00e9rieures et les\u00a0<strong>pr\u00e9biotiques<\/strong>\u00a0aident \u00e0 \u00e9quilibrer la flore cutan\u00e9e pour une peau plus r\u00e9sistante.<\/p>\n<\/div>\n<\/div>\n<\/section>\n<\/div>\n<\/div>\n<\/div>\n<\/section>\n<section class=\"product-slide product-slide-two\">\n<div class=\"product-info\"><\/div>\n<\/section>\n","protected":false},"excerpt":{"rendered":"<p>Cr\u00e8me rajeunissante \u00e9nergisante.\u00a0Texture l\u00e9g\u00e8re.<\/p>\n<div class=\"product-long-description text--size14\">\n<p>La nouvelle formule avanc\u00e9e de\u00a0<strong>Diamond Extreme Cream<\/strong>\u00a0recharge davantage l&rsquo;\u00e9nergie de votre peau pour des r\u00e9sultats rajeunissants imbattables.<\/p>\n<p>Formul\u00e9e avec l&rsquo;innovant\u00a0<strong>Smart Energy Complex<\/strong>\u00a0, cette cr\u00e8me anti-\u00e2ge r\u00e9active visiblement le teint et aide \u00e0 harmoniser les cycles naturels de protection diurne et r\u00e9paratrice nocturne de la peau.<\/p>\n<p>Si vous souhaitez une cr\u00e8me \u00e0 absorption rapide avec un fini mat, la\u00a0<strong>texture l\u00e9g\u00e8re<\/strong> est votre alli\u00e9e. Si vous pr\u00e9f\u00e9rez une cr\u00e8me \u00e9molliente au fini juteux, d\u00e9couvrez la texture riche .<\/p>\n<\/div>\n<div class=\"actions\"><\/div>\n","protected":false},"featured_media":7175,"comment_status":"open","ping_status":"closed","template":"","meta":[],"product_brand":[],"product_cat":[28],"product_tag":[],"class_list":{"0":"post-7174","1":"product","2":"type-product","3":"status-publish","4":"has-post-thumbnail","6":"product_cat-28","7":"entry","9":"first","10":"instock","11":"taxable","12":"shipping-taxable","13":"purchasable","14":"product-type-simple"},"jetpack_sharing_enabled":true,"_links":{"self":[{"href":"https:\/\/healthstore.mc\/index.php\/wp-json\/wp\/v2\/product\/7174","targetHints":{"allow":["GET"]}}],"collection":[{"href":"https:\/\/healthstore.mc\/index.php\/wp-json\/wp\/v2\/product"}],"about":[{"href":"https:\/\/healthstore.mc\/index.php\/wp-json\/wp\/v2\/types\/product"}],"replies":[{"embeddable":true,"href":"https:\/\/healthstore.mc\/index.php\/wp-json\/wp\/v2\/comments?post=7174"}],"wp:featuredmedia":[{"embeddable":true,"href":"https:\/\/healthstore.mc\/index.php\/wp-json\/wp\/v2\/media\/7175"}],"wp:attachment":[{"href":"https:\/\/healthstore.mc\/index.php\/wp-json\/wp\/v2\/media?parent=7174"}],"wp:term":[{"taxonomy":"product_brand","embeddable":true,"href":"https:\/\/healthstore.mc\/index.php\/wp-json\/wp\/v2\/product_brand?post=7174"},{"taxonomy":"product_cat","embeddable":true,"href":"https:\/\/healthstore.mc\/index.php\/wp-json\/wp\/v2\/product_cat?post=7174"},{"taxonomy":"product_tag","embeddable":true,"href":"https:\/\/healthstore.mc\/index.php\/wp-json\/wp\/v2\/product_tag?post=7174"}],"curies":[{"name":"wp","href":"https:\/\/api.w.org\/{rel}","templated":true}]}}