{"id":7180,"date":"2023-01-07T18:10:14","date_gmt":"2023-01-07T17:10:14","guid":{"rendered":"https:\/\/healthstore.mc\/?post_type=product&#038;p=7180"},"modified":"2024-09-21T16:34:44","modified_gmt":"2024-09-21T14:34:44","slug":"creme-mains-75ml","status":"publish","type":"product","link":"https:\/\/healthstore.mc\/index.php\/product\/creme-mains-75ml\/","title":{"rendered":"Cr\u00e8me mains 75ml"},"content":{"rendered":"<div>\n<div class=\"z-main-product__extra-item-wrap-title summary__title\">\n<h2 class=\"z-main-product__extra-item-title accordion__title\">B\u00c9N\u00c9FICES<\/h2>\n<\/div>\n<\/div>\n<div class=\"z-main-product__extra-item-content accordion__content rte\">\n<p><span class=\"metafield-multi_line_text_field\">Nourrit intens\u00e9ment et apaise<br \/>\nProt\u00e8ge et r\u00e9pare du froid<br \/>\nPr\u00e9vient et corrige les taches, la perte de fermet\u00e9 et d\u2019\u00e9lasticit\u00e9<\/span><\/p>\n<\/div>\n","protected":false},"excerpt":{"rendered":"<div class=\"z-main-product__description rte\">\n<p>La CR\u00c8ME MAINS est un soin complet qui agit tel un bouclier protecteur contre le froid, nourrit intens\u00e9ment et apaise pour une sensation de confort imm\u00e9diat. Enrichie en actifs anti-\u00e2ge, elle pr\u00e9vient et corrige les taches pigmentaires, la perte de fermet\u00e9 et d\u2019\u00e9lasticit\u00e9 pour un r\u00e9sultat plus uniforme. Sa texture onctueuse et fondante p\u00e9n\u00e8tre instantan\u00e9ment pour laisser les mains douces et prot\u00e9g\u00e9es, sans film gras.<\/p>\n<\/div>\n","protected":false},"featured_media":7181,"comment_status":"open","ping_status":"closed","template":"","meta":[],"product_brand":[],"product_cat":[33],"product_tag":[],"class_list":{"0":"post-7180","1":"product","2":"type-product","3":"status-publish","4":"has-post-thumbnail","6":"product_cat-codage","7":"entry","9":"first","10":"instock","11":"taxable","12":"shipping-taxable","13":"purchasable","14":"product-type-simple"},"jetpack_sharing_enabled":true,"_links":{"self":[{"href":"https:\/\/healthstore.mc\/index.php\/wp-json\/wp\/v2\/product\/7180","targetHints":{"allow":["GET"]}}],"collection":[{"href":"https:\/\/healthstore.mc\/index.php\/wp-json\/wp\/v2\/product"}],"about":[{"href":"https:\/\/healthstore.mc\/index.php\/wp-json\/wp\/v2\/types\/product"}],"replies":[{"embeddable":true,"href":"https:\/\/healthstore.mc\/index.php\/wp-json\/wp\/v2\/comments?post=7180"}],"wp:featuredmedia":[{"embeddable":true,"href":"https:\/\/healthstore.mc\/index.php\/wp-json\/wp\/v2\/media\/7181"}],"wp:attachment":[{"href":"https:\/\/healthstore.mc\/index.php\/wp-json\/wp\/v2\/media?parent=7180"}],"wp:term":[{"taxonomy":"product_brand","embeddable":true,"href":"https:\/\/healthstore.mc\/index.php\/wp-json\/wp\/v2\/product_brand?post=7180"},{"taxonomy":"product_cat","embeddable":true,"href":"https:\/\/healthstore.mc\/index.php\/wp-json\/wp\/v2\/product_cat?post=7180"},{"taxonomy":"product_tag","embeddable":true,"href":"https:\/\/healthstore.mc\/index.php\/wp-json\/wp\/v2\/product_tag?post=7180"}],"curies":[{"name":"wp","href":"https:\/\/api.w.org\/{rel}","templated":true}]}}