{"id":767,"date":"2020-10-26T16:30:34","date_gmt":"2020-10-26T15:30:34","guid":{"rendered":"http:\/\/34.65.96.88\/index.php\/product\/baume-exfoliant-200ml\/"},"modified":"2024-09-21T16:43:48","modified_gmt":"2024-09-21T14:43:48","slug":"baume-exfoliant-200ml","status":"publish","type":"product","link":"https:\/\/healthstore.mc\/index.php\/product\/baume-exfoliant-200ml\/","title":{"rendered":"Baume Exfoliant 200ml"},"content":{"rendered":"<p>Une \u00e0 deux fois par semaine, appliquer sur peau l\u00e9g\u00e8rement humide sur l&rsquo;ensemble du corps en insistant sur les zones s\u00e8ches et masser sous forme de mouvements circulaires. Rincer abondamment et s\u00e9cher d\u00e9licatement la peau.<\/p>\n<p>EXFOLIANT<br \/>\n\u2022 Sucre roux<br \/>\n\u2022 Grains de riz<\/p>\n<p>NOURRISSANT<br \/>\n\u2022 Beurre de Karit\u00e9<\/p>\n<p>LISSANT<br \/>\n\u2022 Huile de macadamia<\/p>\n","protected":false},"excerpt":{"rendered":"<p>Le BAUME EXFOLIANT est un gommage riche \u00e0 la texture onctueuse. Compos\u00e9 de sucre roux et de fines particules de grains de riz, il offre une exfoliation optimale de la peau. Enrichi en huile de macadamia et en beurre de karit\u00e9, ce baume nourrit intens\u00e9ment la peau pour une vraie sensation de confort. Apr\u00e8s rin\u00e7age, il laisse un voile de douceur pour une peau velout\u00e9e. Les cellules mortes sont \u00e9limin\u00e9es. La peau est \u00e9clatante, liss\u00e9e et incroyablement douce.<\/p>\n","protected":false},"featured_media":2403,"comment_status":"open","ping_status":"closed","template":"","meta":[],"product_brand":[],"product_cat":[33],"product_tag":[],"class_list":{"0":"post-767","1":"product","2":"type-product","3":"status-publish","4":"has-post-thumbnail","6":"product_cat-codage","7":"entry","9":"first","10":"instock","11":"taxable","12":"shipping-taxable","13":"purchasable","14":"product-type-simple"},"jetpack_sharing_enabled":true,"_links":{"self":[{"href":"https:\/\/healthstore.mc\/index.php\/wp-json\/wp\/v2\/product\/767","targetHints":{"allow":["GET"]}}],"collection":[{"href":"https:\/\/healthstore.mc\/index.php\/wp-json\/wp\/v2\/product"}],"about":[{"href":"https:\/\/healthstore.mc\/index.php\/wp-json\/wp\/v2\/types\/product"}],"replies":[{"embeddable":true,"href":"https:\/\/healthstore.mc\/index.php\/wp-json\/wp\/v2\/comments?post=767"}],"wp:featuredmedia":[{"embeddable":true,"href":"https:\/\/healthstore.mc\/index.php\/wp-json\/wp\/v2\/media\/2403"}],"wp:attachment":[{"href":"https:\/\/healthstore.mc\/index.php\/wp-json\/wp\/v2\/media?parent=767"}],"wp:term":[{"taxonomy":"product_brand","embeddable":true,"href":"https:\/\/healthstore.mc\/index.php\/wp-json\/wp\/v2\/product_brand?post=767"},{"taxonomy":"product_cat","embeddable":true,"href":"https:\/\/healthstore.mc\/index.php\/wp-json\/wp\/v2\/product_cat?post=767"},{"taxonomy":"product_tag","embeddable":true,"href":"https:\/\/healthstore.mc\/index.php\/wp-json\/wp\/v2\/product_tag?post=767"}],"curies":[{"name":"wp","href":"https:\/\/api.w.org\/{rel}","templated":true}]}}