{"id":884,"date":"2020-10-27T18:24:16","date_gmt":"2020-10-27T17:24:16","guid":{"rendered":"http:\/\/34.65.96.88\/index.php\/product\/photo-reverse-50ml\/"},"modified":"2024-09-21T16:29:40","modified_gmt":"2024-09-21T14:29:40","slug":"photo-reverse-50ml","status":"publish","type":"product","link":"https:\/\/healthstore.mc\/index.php\/product\/photo-reverse-50ml\/","title":{"rendered":"Photo Reverse 50ml"},"content":{"rendered":"<p>PHOTO REVERSE est un soin solaire ANTI-TACHES HAUTE PROTECTION \u00e9claircissant, pr\u00e9ventif et correcteur des hyperpigmentations.<br \/>\nProt\u00e8ge des rayons UVB et UVA, inhibe le processus de pigmentation, et permet un \u00e9claircissement progressif de la peau.<br \/>\nPr\u00e9vient le photo-vieillissement et les taches brunes : prot\u00e8ge l&rsquo;ADN, pr\u00e9vient les dommages cellulaires gr\u00e2ce \u00e0 la technologie brevet\u00e9e Global Cellular Protection.<\/p>\n","protected":false},"excerpt":{"rendered":"<p>SOINS PEAUX HYPERPIGMENTEES<br \/>\nPHOTO REVERSE HAUTE PROTECTION 50 ML<\/p>\n","protected":false},"featured_media":1147,"comment_status":"open","ping_status":"closed","template":"","meta":[],"product_brand":[],"product_cat":[34],"product_tag":[],"class_list":{"0":"post-884","1":"product","2":"type-product","3":"status-publish","4":"has-post-thumbnail","6":"product_cat-34","7":"entry","9":"first","10":"instock","11":"taxable","12":"shipping-taxable","13":"purchasable","14":"product-type-simple"},"jetpack_sharing_enabled":true,"_links":{"self":[{"href":"https:\/\/healthstore.mc\/index.php\/wp-json\/wp\/v2\/product\/884","targetHints":{"allow":["GET"]}}],"collection":[{"href":"https:\/\/healthstore.mc\/index.php\/wp-json\/wp\/v2\/product"}],"about":[{"href":"https:\/\/healthstore.mc\/index.php\/wp-json\/wp\/v2\/types\/product"}],"replies":[{"embeddable":true,"href":"https:\/\/healthstore.mc\/index.php\/wp-json\/wp\/v2\/comments?post=884"}],"wp:featuredmedia":[{"embeddable":true,"href":"https:\/\/healthstore.mc\/index.php\/wp-json\/wp\/v2\/media\/1147"}],"wp:attachment":[{"href":"https:\/\/healthstore.mc\/index.php\/wp-json\/wp\/v2\/media?parent=884"}],"wp:term":[{"taxonomy":"product_brand","embeddable":true,"href":"https:\/\/healthstore.mc\/index.php\/wp-json\/wp\/v2\/product_brand?post=884"},{"taxonomy":"product_cat","embeddable":true,"href":"https:\/\/healthstore.mc\/index.php\/wp-json\/wp\/v2\/product_cat?post=884"},{"taxonomy":"product_tag","embeddable":true,"href":"https:\/\/healthstore.mc\/index.php\/wp-json\/wp\/v2\/product_tag?post=884"}],"curies":[{"name":"wp","href":"https:\/\/api.w.org\/{rel}","templated":true}]}}