{"id":887,"date":"2020-10-27T18:24:17","date_gmt":"2020-10-27T17:24:17","guid":{"rendered":"http:\/\/34.65.96.88\/index.php\/product\/auto-bronz-lger-cr-50ml\/"},"modified":"2024-09-21T16:29:47","modified_gmt":"2024-09-21T14:29:47","slug":"auto-bronz-leger-cr-50ml","status":"publish","type":"product","link":"https:\/\/healthstore.mc\/index.php\/product\/auto-bronz-leger-cr-50ml\/","title":{"rendered":"Auto Bronz L\u00e9ger cr 50ml"},"content":{"rendered":"<p>Une cr\u00e8me autobronzante pour un h\u00e2le l\u00e9ger au fini tr\u00e8s naturel, sans trace.<br \/>\nConvient aux carnations claires.<br \/>\nHydrate et pr\u00e9serve la jeunesse de la peau.<br \/>\nRecr\u00e9e l\u2019illusion parfaite d&rsquo;un bronzage naturel et uniforme.<\/p>\n","protected":false},"excerpt":{"rendered":"<p>AUTO-BRONZANT SOIN VISAGE H\u00c2LE L\u00c9GER 50 ML<\/p>\n","protected":false},"featured_media":1041,"comment_status":"open","ping_status":"closed","template":"","meta":[],"product_brand":[],"product_cat":[34],"product_tag":[],"class_list":{"0":"post-887","1":"product","2":"type-product","3":"status-publish","4":"has-post-thumbnail","6":"product_cat-34","7":"entry","9":"first","10":"outofstock","11":"taxable","12":"shipping-taxable","13":"purchasable","14":"product-type-simple"},"jetpack_sharing_enabled":true,"_links":{"self":[{"href":"https:\/\/healthstore.mc\/index.php\/wp-json\/wp\/v2\/product\/887","targetHints":{"allow":["GET"]}}],"collection":[{"href":"https:\/\/healthstore.mc\/index.php\/wp-json\/wp\/v2\/product"}],"about":[{"href":"https:\/\/healthstore.mc\/index.php\/wp-json\/wp\/v2\/types\/product"}],"replies":[{"embeddable":true,"href":"https:\/\/healthstore.mc\/index.php\/wp-json\/wp\/v2\/comments?post=887"}],"wp:featuredmedia":[{"embeddable":true,"href":"https:\/\/healthstore.mc\/index.php\/wp-json\/wp\/v2\/media\/1041"}],"wp:attachment":[{"href":"https:\/\/healthstore.mc\/index.php\/wp-json\/wp\/v2\/media?parent=887"}],"wp:term":[{"taxonomy":"product_brand","embeddable":true,"href":"https:\/\/healthstore.mc\/index.php\/wp-json\/wp\/v2\/product_brand?post=887"},{"taxonomy":"product_cat","embeddable":true,"href":"https:\/\/healthstore.mc\/index.php\/wp-json\/wp\/v2\/product_cat?post=887"},{"taxonomy":"product_tag","embeddable":true,"href":"https:\/\/healthstore.mc\/index.php\/wp-json\/wp\/v2\/product_tag?post=887"}],"curies":[{"name":"wp","href":"https:\/\/api.w.org\/{rel}","templated":true}]}}