{"id":888,"date":"2020-10-27T18:24:18","date_gmt":"2020-10-27T17:24:18","guid":{"rendered":"http:\/\/34.65.96.88\/index.php\/product\/excellage-creme-50ml\/"},"modified":"2024-09-21T16:29:54","modified_gmt":"2024-09-21T14:29:54","slug":"excellage-creme-50ml","status":"publish","type":"product","link":"https:\/\/healthstore.mc\/index.php\/product\/excellage-creme-50ml\/","title":{"rendered":"Excellage creme 50ml"},"content":{"rendered":"<p>Nourrit intens\u00e9ment et durablement, redensifie durablement et redonne \u00e9clat. Texture fondante et onctueuse, toucher poudr\u00e9.<br \/>\n\u00b7 Redensifie : la Technologie REPAIR+, associ\u00e9e \u00e0 un peptide biomim\u00e9tique, restructure, r\u00e9g\u00e9n\u00e8re et raffermit la peau.<br \/>\n\u00b7 Nourrit : l\u2019huile de cam\u00e9lia, noble et pr\u00e9cieuse, se r\u00e9colte une fois par an sur l\u2019\u00eele de Jeju, class\u00e9e au patrimoine mondial de l\u2019UNESCO. Riche en om\u00e9ga 3-6-9, elle nourrit intens\u00e9ment la peau et assure une meilleure coh\u00e9sion cellulaire au niveau de l\u2019\u00e9piderme.<br \/>\n\u00b7 Redonne \u00e9clat et lisse : un glycobiopolym\u00e8re d\u2019origine v\u00e9g\u00e9tal, lissant de la micro-surface, am\u00e9liore visiblement le grain de peau et ravive son \u00e9clat naturel. Son action est compl\u00e9t\u00e9e par des soft focus, v\u00e9ritables flouteurs des zones d\u2019ombres g\u00e9n\u00e9r\u00e9es par le creux des rides, pour mieux diffuser la lumi\u00e8re.<br \/>\n\u00b7 Prot\u00e8ge du stress oxydatif : la technologie brevet\u00e9e GLOBAL CELLULAR PROTECTION neutralise les radicaux libres, prot\u00e8ge la peau du photo-vieillissement et des agressions environnementales.<\/p>\n","protected":false},"excerpt":{"rendered":"<p>EXCELLAGE<br \/>\nCR\u00c8ME EXCELLAGE 50ML<\/p>\n","protected":false},"featured_media":1188,"comment_status":"open","ping_status":"closed","template":"","meta":[],"product_brand":[],"product_cat":[34],"product_tag":[],"class_list":{"0":"post-888","1":"product","2":"type-product","3":"status-publish","4":"has-post-thumbnail","6":"product_cat-34","7":"entry","9":"first","10":"instock","11":"taxable","12":"shipping-taxable","13":"purchasable","14":"product-type-simple"},"jetpack_sharing_enabled":true,"_links":{"self":[{"href":"https:\/\/healthstore.mc\/index.php\/wp-json\/wp\/v2\/product\/888","targetHints":{"allow":["GET"]}}],"collection":[{"href":"https:\/\/healthstore.mc\/index.php\/wp-json\/wp\/v2\/product"}],"about":[{"href":"https:\/\/healthstore.mc\/index.php\/wp-json\/wp\/v2\/types\/product"}],"replies":[{"embeddable":true,"href":"https:\/\/healthstore.mc\/index.php\/wp-json\/wp\/v2\/comments?post=888"}],"wp:featuredmedia":[{"embeddable":true,"href":"https:\/\/healthstore.mc\/index.php\/wp-json\/wp\/v2\/media\/1188"}],"wp:attachment":[{"href":"https:\/\/healthstore.mc\/index.php\/wp-json\/wp\/v2\/media?parent=888"}],"wp:term":[{"taxonomy":"product_brand","embeddable":true,"href":"https:\/\/healthstore.mc\/index.php\/wp-json\/wp\/v2\/product_brand?post=888"},{"taxonomy":"product_cat","embeddable":true,"href":"https:\/\/healthstore.mc\/index.php\/wp-json\/wp\/v2\/product_cat?post=888"},{"taxonomy":"product_tag","embeddable":true,"href":"https:\/\/healthstore.mc\/index.php\/wp-json\/wp\/v2\/product_tag?post=888"}],"curies":[{"name":"wp","href":"https:\/\/api.w.org\/{rel}","templated":true}]}}