{"id":891,"date":"2020-10-27T18:24:19","date_gmt":"2020-10-27T17:24:19","guid":{"rendered":"http:\/\/34.65.96.88\/index.php\/product\/adaptasun-spray-pn-modr-150ml\/"},"modified":"2024-09-21T16:30:00","modified_gmt":"2024-09-21T14:30:00","slug":"adaptasun-spray-pn-modr-150ml","status":"publish","type":"product","link":"https:\/\/healthstore.mc\/index.php\/product\/adaptasun-spray-pn-modr-150ml\/","title":{"rendered":"AdaptaSun spray pn mod\u00e9r\u00e9 150ml"},"content":{"rendered":"<p>ADAPTASUN SPRAY LACTE SOLEIL MODERE optimise la protection cellulaire et pr\u00e9vient le photovieillissement gr\u00e2ce \u00e0 la technologie brevet\u00e9e GLOBAL CELLULAR PROTECTION.<br \/>\nStimule, sublime et intensifie le h\u00e2le des peaux qui bronzent naturellement.<br \/>\nTexture brume fra\u00eeche et l\u00e9g\u00e8re.<br \/>\nStimule le bronzage naturel pour un r\u00e9sultat plus rapide, plus durable, et plus intense.<br \/>\nPr\u00e9vient le photo-vieillissement et les taches brunes : prot\u00e8ge l&rsquo;ADN, pr\u00e9vient les dommages cellulaires gr\u00e2ce \u00e0 la technologie brevet\u00e9e Global Cellular Protection.<br \/>\nActive le processus naturel de pigmentation : le bronzage est lumineux, intense, longue dur\u00e9e.<\/p>\n","protected":false},"excerpt":{"rendered":"<p>ADAPTASUN<br \/>\nADAPTASUN \u2013 SPRAY LACT\u00c9 SOLEIL MOD\u00c9R\u00c9 150 ML<\/p>\n","protected":false},"featured_media":1026,"comment_status":"open","ping_status":"closed","template":"","meta":[],"product_brand":[],"product_cat":[34],"product_tag":[],"class_list":{"0":"post-891","1":"product","2":"type-product","3":"status-publish","4":"has-post-thumbnail","6":"product_cat-34","7":"entry","9":"first","10":"instock","11":"taxable","12":"shipping-taxable","13":"purchasable","14":"product-type-simple"},"jetpack_sharing_enabled":true,"_links":{"self":[{"href":"https:\/\/healthstore.mc\/index.php\/wp-json\/wp\/v2\/product\/891","targetHints":{"allow":["GET"]}}],"collection":[{"href":"https:\/\/healthstore.mc\/index.php\/wp-json\/wp\/v2\/product"}],"about":[{"href":"https:\/\/healthstore.mc\/index.php\/wp-json\/wp\/v2\/types\/product"}],"replies":[{"embeddable":true,"href":"https:\/\/healthstore.mc\/index.php\/wp-json\/wp\/v2\/comments?post=891"}],"wp:featuredmedia":[{"embeddable":true,"href":"https:\/\/healthstore.mc\/index.php\/wp-json\/wp\/v2\/media\/1026"}],"wp:attachment":[{"href":"https:\/\/healthstore.mc\/index.php\/wp-json\/wp\/v2\/media?parent=891"}],"wp:term":[{"taxonomy":"product_brand","embeddable":true,"href":"https:\/\/healthstore.mc\/index.php\/wp-json\/wp\/v2\/product_brand?post=891"},{"taxonomy":"product_cat","embeddable":true,"href":"https:\/\/healthstore.mc\/index.php\/wp-json\/wp\/v2\/product_cat?post=891"},{"taxonomy":"product_tag","embeddable":true,"href":"https:\/\/healthstore.mc\/index.php\/wp-json\/wp\/v2\/product_tag?post=891"}],"curies":[{"name":"wp","href":"https:\/\/api.w.org\/{rel}","templated":true}]}}