{"id":897,"date":"2020-10-27T18:24:21","date_gmt":"2020-10-27T17:24:21","guid":{"rendered":"http:\/\/34.65.96.88\/index.php\/product\/white-soin-eclairc-yeux-15ml\/"},"modified":"2024-09-21T16:30:42","modified_gmt":"2024-09-21T14:30:42","slug":"white-soin-eclairc-yeux-15ml","status":"publish","type":"product","link":"https:\/\/healthstore.mc\/index.php\/product\/white-soin-eclairc-yeux-15ml\/","title":{"rendered":"White soin eclairc yeux 15ml"},"content":{"rendered":"<p>Ce soin anti-taches \u00e0 effet comblement rides imm\u00e9diat traite aussi les cernes et les poches en un seul geste.<br \/>\n\u00c9claircit et att\u00e9nue les hyperpigmentations, apaise et pr\u00e9vient les irritations, et pr\u00e9serve le capital Jeunesse.<\/p>\n","protected":false},"excerpt":{"rendered":"<p>ESTHE-WHITE SYSTEM<br \/>\nSOIN \u00c9CLAIRCISSANT CONTOUR DES YEUX 15 ML<\/p>\n","protected":false},"featured_media":1227,"comment_status":"open","ping_status":"closed","template":"","meta":[],"product_brand":[],"product_cat":[34],"product_tag":[],"class_list":{"0":"post-897","1":"product","2":"type-product","3":"status-publish","4":"has-post-thumbnail","6":"product_cat-34","7":"entry","9":"first","10":"instock","11":"taxable","12":"shipping-taxable","13":"purchasable","14":"product-type-simple"},"jetpack_sharing_enabled":true,"_links":{"self":[{"href":"https:\/\/healthstore.mc\/index.php\/wp-json\/wp\/v2\/product\/897","targetHints":{"allow":["GET"]}}],"collection":[{"href":"https:\/\/healthstore.mc\/index.php\/wp-json\/wp\/v2\/product"}],"about":[{"href":"https:\/\/healthstore.mc\/index.php\/wp-json\/wp\/v2\/types\/product"}],"replies":[{"embeddable":true,"href":"https:\/\/healthstore.mc\/index.php\/wp-json\/wp\/v2\/comments?post=897"}],"wp:featuredmedia":[{"embeddable":true,"href":"https:\/\/healthstore.mc\/index.php\/wp-json\/wp\/v2\/media\/1227"}],"wp:attachment":[{"href":"https:\/\/healthstore.mc\/index.php\/wp-json\/wp\/v2\/media?parent=897"}],"wp:term":[{"taxonomy":"product_brand","embeddable":true,"href":"https:\/\/healthstore.mc\/index.php\/wp-json\/wp\/v2\/product_brand?post=897"},{"taxonomy":"product_cat","embeddable":true,"href":"https:\/\/healthstore.mc\/index.php\/wp-json\/wp\/v2\/product_cat?post=897"},{"taxonomy":"product_tag","embeddable":true,"href":"https:\/\/healthstore.mc\/index.php\/wp-json\/wp\/v2\/product_tag?post=897"}],"curies":[{"name":"wp","href":"https:\/\/api.w.org\/{rel}","templated":true}]}}