{"id":900,"date":"2020-10-27T18:24:22","date_gmt":"2020-10-27T17:24:22","guid":{"rendered":"http:\/\/34.65.96.88\/index.php\/product\/minceur-glauscine-serum-200ml\/"},"modified":"2024-09-21T16:30:50","modified_gmt":"2024-09-21T14:30:50","slug":"minceur-glauscine-serum-200ml","status":"publish","type":"product","link":"https:\/\/healthstore.mc\/index.php\/product\/minceur-glauscine-serum-200ml\/","title":{"rendered":"Minceur glauscine serum 200ml"},"content":{"rendered":"<p>Ce s\u00e9rum est un programme d&rsquo;un mois renouvelable, sp\u00e9cifique cellulite infiltr\u00e9e.<br \/>\nIl agit sur les cellulites rebelles avec r\u00e9tention d&rsquo;eau.<br \/>\nId\u00e9al pour les jambes lourdes et les peaux sujettes aux varicosit\u00e9s.<br \/>\nFavorise l&rsquo;\u00e9limination de l&rsquo;eau dans les tissus : effet drainant efficace et durable.<br \/>\nDiminue la r\u00e9tention d\u2019eau : favorise la micro-circulation et \u00e9limine les toxines pour des r\u00e9sultats drainants intensifi\u00e9s et acc\u00e9l\u00e9r\u00e9s.<br \/>\nFavorise l&rsquo;\u00e9limination du gras dans les tissus : les capitons diminuent, la peau est plus lisse.<\/p>\n","protected":false},"excerpt":{"rendered":"<p>MINCEUR<br \/>\nINTENSIVE GLAUSCINE S\u00c9RUM 200 ML<\/p>\n","protected":false},"featured_media":1170,"comment_status":"open","ping_status":"closed","template":"","meta":[],"product_brand":[],"product_cat":[34],"product_tag":[],"class_list":{"0":"post-900","1":"product","2":"type-product","3":"status-publish","4":"has-post-thumbnail","6":"product_cat-34","7":"entry","9":"first","10":"instock","11":"taxable","12":"shipping-taxable","13":"purchasable","14":"product-type-simple"},"jetpack_sharing_enabled":true,"_links":{"self":[{"href":"https:\/\/healthstore.mc\/index.php\/wp-json\/wp\/v2\/product\/900","targetHints":{"allow":["GET"]}}],"collection":[{"href":"https:\/\/healthstore.mc\/index.php\/wp-json\/wp\/v2\/product"}],"about":[{"href":"https:\/\/healthstore.mc\/index.php\/wp-json\/wp\/v2\/types\/product"}],"replies":[{"embeddable":true,"href":"https:\/\/healthstore.mc\/index.php\/wp-json\/wp\/v2\/comments?post=900"}],"wp:featuredmedia":[{"embeddable":true,"href":"https:\/\/healthstore.mc\/index.php\/wp-json\/wp\/v2\/media\/1170"}],"wp:attachment":[{"href":"https:\/\/healthstore.mc\/index.php\/wp-json\/wp\/v2\/media?parent=900"}],"wp:term":[{"taxonomy":"product_brand","embeddable":true,"href":"https:\/\/healthstore.mc\/index.php\/wp-json\/wp\/v2\/product_brand?post=900"},{"taxonomy":"product_cat","embeddable":true,"href":"https:\/\/healthstore.mc\/index.php\/wp-json\/wp\/v2\/product_cat?post=900"},{"taxonomy":"product_tag","embeddable":true,"href":"https:\/\/healthstore.mc\/index.php\/wp-json\/wp\/v2\/product_tag?post=900"}],"curies":[{"name":"wp","href":"https:\/\/api.w.org\/{rel}","templated":true}]}}