{"id":904,"date":"2020-10-27T18:24:24","date_gmt":"2020-10-27T17:24:24","guid":{"rendered":"http:\/\/34.65.96.88\/index.php\/product\/adaptasun-brume-modere-150ml\/"},"modified":"2024-09-21T16:31:02","modified_gmt":"2024-09-21T14:31:02","slug":"adaptasun-brume-modere-150ml","status":"publish","type":"product","link":"https:\/\/healthstore.mc\/index.php\/product\/adaptasun-brume-modere-150ml\/","title":{"rendered":"AdaptaSun Brume mod\u00e9r\u00e9 150ml"},"content":{"rendered":"<p>La BRUME SOYEUSE PROTECTRICE CORPS SOLEIL MOD\u00c9R\u00c9 optimise la protection cellulaire et pr\u00e9vient le photovieillissement gr\u00e2ce \u00e0 la technologie brevet\u00e9e GLOBAL CELLULAR PROTECTION.<br \/>\nStimule, sublime et intensifie le h\u00e2le des peaux qui bronzent naturellement.<br \/>\nNourrit la peau, fini soyeux.<br \/>\nPeaux tol\u00e9rantes au soleil, bronzent facilement avec de rares coups de soleil.<br \/>\nR\u00e9serv\u00e9 aux expositions \u00e0 un soleil mod\u00e9r\u00e9 \u00e9t\u00e9, exposition mod\u00e9r\u00e9e).<br \/>\nBien agiter avant l\u2019utilisation. Vaporiser \u00e0 20cm de la peau uniform\u00e9ment et g\u00e9n\u00e9reusement avant l&rsquo;exposition, sur peau s\u00e9ch\u00e9e ou humide. Renouveler l\u2019application toutes les 2h et apr\u00e8s chaque bain, frottement ou activit\u00e9 sportive.<br \/>\nEviter la surexposition au soleil et les heures d&rsquo;ensoleillement maximum. Ne pas exposer les b\u00e9b\u00e9s et les jeunes enfants directement au soleil.<br \/>\nUn bronzage lumineux, rapide et longue dur\u00e9e. Une peau sublim\u00e9e, douce et \u00e9clatante de jeunesse. Id\u00e9alement nourrie, satin\u00e9e et d\u00e9licatement parfum\u00e9e, la peau r\u00e9v\u00e8le toute sa beaut\u00e9 sous le soleil.<\/p>\n","protected":false},"excerpt":{"rendered":"<p>ADAPTASUN<br \/>\nBRUME SOYEUSE PROTECTRICE CORPS SOLEIL MOD\u00c9R\u00c9 150 ML<\/p>\n","protected":false},"featured_media":1007,"comment_status":"open","ping_status":"closed","template":"","meta":[],"product_brand":[],"product_cat":[34],"product_tag":[],"class_list":{"0":"post-904","1":"product","2":"type-product","3":"status-publish","4":"has-post-thumbnail","6":"product_cat-34","7":"entry","9":"first","10":"outofstock","11":"taxable","12":"shipping-taxable","13":"purchasable","14":"product-type-simple"},"jetpack_sharing_enabled":true,"_links":{"self":[{"href":"https:\/\/healthstore.mc\/index.php\/wp-json\/wp\/v2\/product\/904","targetHints":{"allow":["GET"]}}],"collection":[{"href":"https:\/\/healthstore.mc\/index.php\/wp-json\/wp\/v2\/product"}],"about":[{"href":"https:\/\/healthstore.mc\/index.php\/wp-json\/wp\/v2\/types\/product"}],"replies":[{"embeddable":true,"href":"https:\/\/healthstore.mc\/index.php\/wp-json\/wp\/v2\/comments?post=904"}],"wp:featuredmedia":[{"embeddable":true,"href":"https:\/\/healthstore.mc\/index.php\/wp-json\/wp\/v2\/media\/1007"}],"wp:attachment":[{"href":"https:\/\/healthstore.mc\/index.php\/wp-json\/wp\/v2\/media?parent=904"}],"wp:term":[{"taxonomy":"product_brand","embeddable":true,"href":"https:\/\/healthstore.mc\/index.php\/wp-json\/wp\/v2\/product_brand?post=904"},{"taxonomy":"product_cat","embeddable":true,"href":"https:\/\/healthstore.mc\/index.php\/wp-json\/wp\/v2\/product_cat?post=904"},{"taxonomy":"product_tag","embeddable":true,"href":"https:\/\/healthstore.mc\/index.php\/wp-json\/wp\/v2\/product_tag?post=904"}],"curies":[{"name":"wp","href":"https:\/\/api.w.org\/{rel}","templated":true}]}}