{"id":907,"date":"2020-10-27T18:24:24","date_gmt":"2020-10-27T17:24:24","guid":{"rendered":"http:\/\/34.65.96.88\/index.php\/product\/corps-cr-galbante-buste-200ml\/"},"modified":"2024-09-21T16:31:28","modified_gmt":"2024-09-21T14:31:28","slug":"corps-cr-galbante-buste-200ml","status":"publish","type":"product","link":"https:\/\/healthstore.mc\/index.php\/product\/corps-cr-galbante-buste-200ml\/","title":{"rendered":"Corps cr galbante buste 200ml"},"content":{"rendered":"<p>La cr\u00e8me galbante cible le rel\u00e2chement cutan\u00e9 li\u00e9 \u00e0 l\u2019\u00e2ge, aux modifications de poids ou \u00e0 la maternit\u00e9.<br \/>\nElle gaine et raffermit visiblement la peau fragile du buste et du d\u00e9collet\u00e9.<br \/>\nRegalbe et rehausse le buste.<br \/>\nCorrige le rel\u00e2chement cutan\u00e9 et pr\u00e9serve la jeunesse de la peau pour une meilleure \u00e9lasticit\u00e9 et souplesse de la peau.<br \/>\nHydrate intens\u00e9ment et durablement.<\/p>\n","protected":false},"excerpt":{"rendered":"<p>FERMET\u00c9<br \/>\nCREME GALBANTE BUSTE 200 ML<\/p>\n","protected":false},"featured_media":1061,"comment_status":"open","ping_status":"closed","template":"","meta":[],"product_brand":[],"product_cat":[34],"product_tag":[],"class_list":{"0":"post-907","1":"product","2":"type-product","3":"status-publish","4":"has-post-thumbnail","6":"product_cat-34","7":"entry","9":"first","10":"instock","11":"taxable","12":"shipping-taxable","13":"purchasable","14":"product-type-simple"},"jetpack_sharing_enabled":true,"_links":{"self":[{"href":"https:\/\/healthstore.mc\/index.php\/wp-json\/wp\/v2\/product\/907","targetHints":{"allow":["GET"]}}],"collection":[{"href":"https:\/\/healthstore.mc\/index.php\/wp-json\/wp\/v2\/product"}],"about":[{"href":"https:\/\/healthstore.mc\/index.php\/wp-json\/wp\/v2\/types\/product"}],"replies":[{"embeddable":true,"href":"https:\/\/healthstore.mc\/index.php\/wp-json\/wp\/v2\/comments?post=907"}],"wp:featuredmedia":[{"embeddable":true,"href":"https:\/\/healthstore.mc\/index.php\/wp-json\/wp\/v2\/media\/1061"}],"wp:attachment":[{"href":"https:\/\/healthstore.mc\/index.php\/wp-json\/wp\/v2\/media?parent=907"}],"wp:term":[{"taxonomy":"product_brand","embeddable":true,"href":"https:\/\/healthstore.mc\/index.php\/wp-json\/wp\/v2\/product_brand?post=907"},{"taxonomy":"product_cat","embeddable":true,"href":"https:\/\/healthstore.mc\/index.php\/wp-json\/wp\/v2\/product_cat?post=907"},{"taxonomy":"product_tag","embeddable":true,"href":"https:\/\/healthstore.mc\/index.php\/wp-json\/wp\/v2\/product_tag?post=907"}],"curies":[{"name":"wp","href":"https:\/\/api.w.org\/{rel}","templated":true}]}}