{"id":908,"date":"2020-10-27T18:24:25","date_gmt":"2020-10-27T17:24:25","guid":{"rendered":"http:\/\/34.65.96.88\/index.php\/product\/corps-huile-cellulaire-125ml\/"},"modified":"2024-09-21T16:31:45","modified_gmt":"2024-09-21T14:31:45","slug":"corps-huile-cellulaire-125ml","status":"publish","type":"product","link":"https:\/\/healthstore.mc\/index.php\/product\/corps-huile-cellulaire-125ml\/","title":{"rendered":"Corps huile cellulaire 125ml"},"content":{"rendered":"<p>Cette huile-s\u00e8che compos\u00e9e d\u2019huiles v\u00e9g\u00e9tales nobles et de lipides en parfaite affinit\u00e9 avec l&rsquo;\u00e9piderme nourrit, apaise et sublime intens\u00e9ment.<br \/>\nNourrit et prot\u00e8ge du dess\u00e8chement : laisse la peau souple et id\u00e9alement hydrat\u00e9e.<br \/>\nSublime et prot\u00e8ge des radicaux libres : riches en om\u00e9gas 6-9 et en antiradicalaires, les huiles de souchet et de son de riz, conf\u00e8rent \u00e0 ce soin des propri\u00e9t\u00e9s nutritives et antioxydantes.<br \/>\nLa jeunesse de la peau est durablement pr\u00e9serv\u00e9e.<br \/>\nEffet belle peau imm\u00e9diat.<\/p>\n","protected":false},"excerpt":{"rendered":"<p>HYDRATATION<br \/>\nHUILE CELLULAIRE RELIPIDANTE SUBLIMATRICE 125 ML<\/p>\n","protected":false},"featured_media":1065,"comment_status":"open","ping_status":"closed","template":"","meta":[],"product_brand":[],"product_cat":[34],"product_tag":[],"class_list":{"0":"post-908","1":"product","2":"type-product","3":"status-publish","4":"has-post-thumbnail","6":"product_cat-34","7":"entry","9":"first","10":"instock","11":"taxable","12":"shipping-taxable","13":"purchasable","14":"product-type-simple"},"jetpack_sharing_enabled":true,"_links":{"self":[{"href":"https:\/\/healthstore.mc\/index.php\/wp-json\/wp\/v2\/product\/908","targetHints":{"allow":["GET"]}}],"collection":[{"href":"https:\/\/healthstore.mc\/index.php\/wp-json\/wp\/v2\/product"}],"about":[{"href":"https:\/\/healthstore.mc\/index.php\/wp-json\/wp\/v2\/types\/product"}],"replies":[{"embeddable":true,"href":"https:\/\/healthstore.mc\/index.php\/wp-json\/wp\/v2\/comments?post=908"}],"wp:featuredmedia":[{"embeddable":true,"href":"https:\/\/healthstore.mc\/index.php\/wp-json\/wp\/v2\/media\/1065"}],"wp:attachment":[{"href":"https:\/\/healthstore.mc\/index.php\/wp-json\/wp\/v2\/media?parent=908"}],"wp:term":[{"taxonomy":"product_brand","embeddable":true,"href":"https:\/\/healthstore.mc\/index.php\/wp-json\/wp\/v2\/product_brand?post=908"},{"taxonomy":"product_cat","embeddable":true,"href":"https:\/\/healthstore.mc\/index.php\/wp-json\/wp\/v2\/product_cat?post=908"},{"taxonomy":"product_tag","embeddable":true,"href":"https:\/\/healthstore.mc\/index.php\/wp-json\/wp\/v2\/product_tag?post=908"}],"curies":[{"name":"wp","href":"https:\/\/api.w.org\/{rel}","templated":true}]}}