{"id":909,"date":"2020-10-27T18:24:25","date_gmt":"2020-10-27T17:24:25","guid":{"rendered":"http:\/\/34.65.96.88\/index.php\/product\/active-repair-creme-50ml\/"},"modified":"2024-09-21T16:31:55","modified_gmt":"2024-09-21T14:31:55","slug":"active-repair-creme-50ml","status":"publish","type":"product","link":"https:\/\/healthstore.mc\/index.php\/product\/active-repair-creme-50ml\/","title":{"rendered":"Active repair creme 50ml"},"content":{"rendered":"<p>Soin triple action : rides, \u00e9clat, grain de peau.<br \/>\nRestructure et r\u00e9g\u00e9n\u00e8re intens\u00e9ment la peau tout en apportant durablement \u00e9clat et luminosit\u00e9.<br \/>\nTexture fra\u00eeche et d\u00e9licate.<br \/>\nR\u00e9pare en continu et pr\u00e9vient la formation des rides.<br \/>\nD\u00e9toxifie et \u00e9nergise, affine le grain de peau pour une peau plus lisse, douce et lumineuse.<br \/>\nToutes peaux \u00e0 partir de 30 ans.<br \/>\nAppliquer matin et soir sur la peau propre et s\u00e8che du visage et du cou seule ou apr\u00e8s le S\u00e9rum Restructurant Derm Repair.<br \/>\nConvient aux peaux normales \u00e0 mixtes et\/ou en \u00e9t\u00e9.<br \/>\nUne efficacit\u00e9 \u00e9clat ressentie d\u00e8s l&rsquo;application.<br \/>\nJour apr\u00e8s jour, la peau est plus ferme, retextur\u00e9e, lisse et rayonnante.<br \/>\nRides et ridules s&rsquo;estompent.<\/p>\n","protected":false},"excerpt":{"rendered":"<p>ACTIVE REPAIR<br \/>\nCR\u00c8ME CORRECTRICE RIDES 50 ML<\/p>\n","protected":false},"featured_media":1001,"comment_status":"open","ping_status":"closed","template":"","meta":[],"product_brand":[],"product_cat":[34],"product_tag":[],"class_list":{"0":"post-909","1":"product","2":"type-product","3":"status-publish","4":"has-post-thumbnail","6":"product_cat-34","7":"entry","9":"first","10":"instock","11":"taxable","12":"shipping-taxable","13":"purchasable","14":"product-type-simple"},"jetpack_sharing_enabled":true,"_links":{"self":[{"href":"https:\/\/healthstore.mc\/index.php\/wp-json\/wp\/v2\/product\/909","targetHints":{"allow":["GET"]}}],"collection":[{"href":"https:\/\/healthstore.mc\/index.php\/wp-json\/wp\/v2\/product"}],"about":[{"href":"https:\/\/healthstore.mc\/index.php\/wp-json\/wp\/v2\/types\/product"}],"replies":[{"embeddable":true,"href":"https:\/\/healthstore.mc\/index.php\/wp-json\/wp\/v2\/comments?post=909"}],"wp:featuredmedia":[{"embeddable":true,"href":"https:\/\/healthstore.mc\/index.php\/wp-json\/wp\/v2\/media\/1001"}],"wp:attachment":[{"href":"https:\/\/healthstore.mc\/index.php\/wp-json\/wp\/v2\/media?parent=909"}],"wp:term":[{"taxonomy":"product_brand","embeddable":true,"href":"https:\/\/healthstore.mc\/index.php\/wp-json\/wp\/v2\/product_brand?post=909"},{"taxonomy":"product_cat","embeddable":true,"href":"https:\/\/healthstore.mc\/index.php\/wp-json\/wp\/v2\/product_cat?post=909"},{"taxonomy":"product_tag","embeddable":true,"href":"https:\/\/healthstore.mc\/index.php\/wp-json\/wp\/v2\/product_tag?post=909"}],"curies":[{"name":"wp","href":"https:\/\/api.w.org\/{rel}","templated":true}]}}