{"id":910,"date":"2020-10-27T18:24:25","date_gmt":"2020-10-27T17:24:25","guid":{"rendered":"http:\/\/34.65.96.88\/index.php\/product\/ap-soleil-intense-sos-200ml\/"},"modified":"2024-09-21T16:32:00","modified_gmt":"2024-09-21T14:32:00","slug":"ap-soleil-intense-sos-200ml","status":"publish","type":"product","link":"https:\/\/healthstore.mc\/index.php\/product\/ap-soleil-intense-sos-200ml\/","title":{"rendered":"Ap.Soleil Intense SOS 200ml"},"content":{"rendered":"<p>e soin SOS apr\u00e8s-soleil intense visage et corps apaise imm\u00e9diatement et r\u00e9pare intens\u00e9ment la peau \u00e9chauff\u00e9e apr\u00e8s une surexposition.<br \/>\nSon complexe apaisant calme la sensation de chaleur et aide \u00e0 normaliser la r\u00e9activit\u00e9 de la peau.<br \/>\nId\u00e9alement r\u00e9hydrat\u00e9e, la peau est plus souple, plus belle.<br \/>\nCalme et compense les sensations d&rsquo;inconfort d\u00e9clench\u00e9es par les coups de soleil.<br \/>\nAtt\u00e9nue progressivement rougeurs et tiraillements, limite la r\u00e9activit\u00e9 de la peau au soleil.<\/p>\n","protected":false},"excerpt":{"rendered":"<p>APR\u00c8S SOLEIL<br \/>\nAPR\u00c8S SOLEIL SOS 200 ML<\/p>\n","protected":false},"featured_media":1032,"comment_status":"open","ping_status":"closed","template":"","meta":[],"product_brand":[],"product_cat":[34],"product_tag":[],"class_list":{"0":"post-910","1":"product","2":"type-product","3":"status-publish","4":"has-post-thumbnail","6":"product_cat-34","7":"entry","9":"first","10":"instock","11":"taxable","12":"shipping-taxable","13":"purchasable","14":"product-type-simple"},"jetpack_sharing_enabled":true,"_links":{"self":[{"href":"https:\/\/healthstore.mc\/index.php\/wp-json\/wp\/v2\/product\/910","targetHints":{"allow":["GET"]}}],"collection":[{"href":"https:\/\/healthstore.mc\/index.php\/wp-json\/wp\/v2\/product"}],"about":[{"href":"https:\/\/healthstore.mc\/index.php\/wp-json\/wp\/v2\/types\/product"}],"replies":[{"embeddable":true,"href":"https:\/\/healthstore.mc\/index.php\/wp-json\/wp\/v2\/comments?post=910"}],"wp:featuredmedia":[{"embeddable":true,"href":"https:\/\/healthstore.mc\/index.php\/wp-json\/wp\/v2\/media\/1032"}],"wp:attachment":[{"href":"https:\/\/healthstore.mc\/index.php\/wp-json\/wp\/v2\/media?parent=910"}],"wp:term":[{"taxonomy":"product_brand","embeddable":true,"href":"https:\/\/healthstore.mc\/index.php\/wp-json\/wp\/v2\/product_brand?post=910"},{"taxonomy":"product_cat","embeddable":true,"href":"https:\/\/healthstore.mc\/index.php\/wp-json\/wp\/v2\/product_cat?post=910"},{"taxonomy":"product_tag","embeddable":true,"href":"https:\/\/healthstore.mc\/index.php\/wp-json\/wp\/v2\/product_tag?post=910"}],"curies":[{"name":"wp","href":"https:\/\/api.w.org\/{rel}","templated":true}]}}