{"id":912,"date":"2020-10-27T18:24:26","date_gmt":"2020-10-27T17:24:26","guid":{"rendered":"http:\/\/34.65.96.88\/index.php\/product\/esthes-into-repair-cr-50ml\/"},"modified":"2023-03-16T19:32:53","modified_gmt":"2023-03-16T18:32:53","slug":"esthes-into-repair-cr-50ml","status":"publish","type":"product","link":"https:\/\/healthstore.mc\/index.php\/product\/esthes-into-repair-cr-50ml\/","title":{"rendered":"EstheS Into repair cr 50ml"},"content":{"rendered":"<p>Soin anti-rides sp\u00e9cialement formul\u00e9 pour les peaux intol\u00e9rantes ou hyper-r\u00e9actives au soleil.<br \/>\nHautement protecteur et apaisant, le soin INTOLERANCE SOLAIRES contribue \u00e0 att\u00e9nuer la sensibilit\u00e9 des peaux r\u00e9actives au soleil et favorise leur adaptation progressive.<br \/>\nLes capacit\u00e9s d\u2019adaptation de la peau sont stimul\u00e9es, les r\u00e9actions d\u2019intol\u00e9rance sont limit\u00e9es.<br \/>\nTexture cr\u00e8me sans parfum pour une tol\u00e9rance optimale.<br \/>\nHaute protection solaire anti-rides renforc\u00e9e en actifs apaisants, ce soin permet l&rsquo;adaptation progressive au soleil des peaux les plus r\u00e9actives, ou intol\u00e9rantes.<br \/>\nPr\u00e9vient le photo-vieillissement et les taches brunes : prot\u00e8ge l&rsquo;ADN, pr\u00e9vient les dommages cellulaires gr\u00e2ce \u00e0 la technologie brevet\u00e9e Global Cellular Protection.<\/p>\n","protected":false},"excerpt":{"rendered":"<p>SOINS HAUTE PROTECTION DES INTOLERANCES SOLAIRES<br \/>\nINTO REPAIR 50 ML<\/p>\n","protected":false},"featured_media":1141,"comment_status":"open","ping_status":"closed","template":"","meta":[],"product_brand":[],"product_cat":[34],"product_tag":[],"class_list":{"0":"post-912","1":"product","2":"type-product","3":"status-publish","4":"has-post-thumbnail","6":"product_cat-34","7":"entry","9":"first","10":"instock","11":"taxable","12":"shipping-taxable","13":"purchasable","14":"product-type-simple"},"jetpack_sharing_enabled":true,"_links":{"self":[{"href":"https:\/\/healthstore.mc\/index.php\/wp-json\/wp\/v2\/product\/912","targetHints":{"allow":["GET"]}}],"collection":[{"href":"https:\/\/healthstore.mc\/index.php\/wp-json\/wp\/v2\/product"}],"about":[{"href":"https:\/\/healthstore.mc\/index.php\/wp-json\/wp\/v2\/types\/product"}],"replies":[{"embeddable":true,"href":"https:\/\/healthstore.mc\/index.php\/wp-json\/wp\/v2\/comments?post=912"}],"wp:featuredmedia":[{"embeddable":true,"href":"https:\/\/healthstore.mc\/index.php\/wp-json\/wp\/v2\/media\/1141"}],"wp:attachment":[{"href":"https:\/\/healthstore.mc\/index.php\/wp-json\/wp\/v2\/media?parent=912"}],"wp:term":[{"taxonomy":"product_brand","embeddable":true,"href":"https:\/\/healthstore.mc\/index.php\/wp-json\/wp\/v2\/product_brand?post=912"},{"taxonomy":"product_cat","embeddable":true,"href":"https:\/\/healthstore.mc\/index.php\/wp-json\/wp\/v2\/product_cat?post=912"},{"taxonomy":"product_tag","embeddable":true,"href":"https:\/\/healthstore.mc\/index.php\/wp-json\/wp\/v2\/product_tag?post=912"}],"curies":[{"name":"wp","href":"https:\/\/api.w.org\/{rel}","templated":true}]}}