{"id":916,"date":"2020-10-27T18:24:28","date_gmt":"2020-10-27T17:24:28","guid":{"rendered":"http:\/\/34.65.96.88\/index.php\/product\/ap-soleil-prolong-lait-200ml\/"},"modified":"2024-09-21T16:32:48","modified_gmt":"2024-09-21T14:32:48","slug":"ap-soleil-prolong-lait-200ml","status":"publish","type":"product","link":"https:\/\/healthstore.mc\/index.php\/product\/ap-soleil-prolong-lait-200ml\/","title":{"rendered":"Ap.Soleil Prolong lait 200ml"},"content":{"rendered":"<p>Le Lait corps prolongateur de bronzage nourrit et apaise la peau apr\u00e8s chaque exposition solaire.<br \/>\nD\u00e9licieusement parfum\u00e9e, sa texture est rapidement absorb\u00e9e et laisse la peau souple et velout\u00e9e.<br \/>\nProlonge durablement le h\u00e2le, la peau est lumineuse, le bronzage \u00e9clatant.<br \/>\nApaise instantan\u00e9ment les sensations d\u2019inconfort li\u00e9es aux expositions longue dur\u00e9e ou aux coups de soleil.<br \/>\nApaise et pr\u00e9vient le risque de r\u00e9activit\u00e9 cutan\u00e9e post-UV.<br \/>\nR\u00e9tablit un taux d\u2019hydratation id\u00e9al et entretient un h\u00e2le longue dur\u00e9e.<\/p>\n","protected":false},"excerpt":{"rendered":"<p>APR\u00c8S SOLEIL<br \/>\nPROLONGATEUR DE BRONZAGE 200 ML<\/p>\n","protected":false},"featured_media":1033,"comment_status":"open","ping_status":"closed","template":"","meta":[],"product_brand":[],"product_cat":[34],"product_tag":[],"class_list":{"0":"post-916","1":"product","2":"type-product","3":"status-publish","4":"has-post-thumbnail","6":"product_cat-34","7":"entry","9":"first","10":"instock","11":"taxable","12":"shipping-taxable","13":"purchasable","14":"product-type-simple"},"jetpack_sharing_enabled":true,"_links":{"self":[{"href":"https:\/\/healthstore.mc\/index.php\/wp-json\/wp\/v2\/product\/916","targetHints":{"allow":["GET"]}}],"collection":[{"href":"https:\/\/healthstore.mc\/index.php\/wp-json\/wp\/v2\/product"}],"about":[{"href":"https:\/\/healthstore.mc\/index.php\/wp-json\/wp\/v2\/types\/product"}],"replies":[{"embeddable":true,"href":"https:\/\/healthstore.mc\/index.php\/wp-json\/wp\/v2\/comments?post=916"}],"wp:featuredmedia":[{"embeddable":true,"href":"https:\/\/healthstore.mc\/index.php\/wp-json\/wp\/v2\/media\/1033"}],"wp:attachment":[{"href":"https:\/\/healthstore.mc\/index.php\/wp-json\/wp\/v2\/media?parent=916"}],"wp:term":[{"taxonomy":"product_brand","embeddable":true,"href":"https:\/\/healthstore.mc\/index.php\/wp-json\/wp\/v2\/product_brand?post=916"},{"taxonomy":"product_cat","embeddable":true,"href":"https:\/\/healthstore.mc\/index.php\/wp-json\/wp\/v2\/product_cat?post=916"},{"taxonomy":"product_tag","embeddable":true,"href":"https:\/\/healthstore.mc\/index.php\/wp-json\/wp\/v2\/product_tag?post=916"}],"curies":[{"name":"wp","href":"https:\/\/api.w.org\/{rel}","templated":true}]}}