{"id":917,"date":"2020-10-27T18:24:28","date_gmt":"2020-10-27T17:24:28","guid":{"rendered":"http:\/\/34.65.96.88\/index.php\/product\/nutri-masque-75ml\/"},"modified":"2024-09-21T16:32:54","modified_gmt":"2024-09-21T14:32:54","slug":"nutri-masque-75ml","status":"publish","type":"product","link":"https:\/\/healthstore.mc\/index.php\/product\/nutri-masque-75ml\/","title":{"rendered":"Nutri masque 75ml"},"content":{"rendered":"<p>La cr\u00e8me des masques-cr\u00e8me dans une texture gourmande et velout\u00e9e : nourrit id\u00e9alement la peau et renforce les d\u00e9fenses cutan\u00e9es.<br \/>\nNourrit intens\u00e9ment l\u2019\u00e9piderme, am\u00e9liore le confort et stimule la vitalit\u00e9 de la peau.<\/p>\n","protected":false},"excerpt":{"rendered":"<p>NUTRI SYTSTEM<br \/>\nMASQUE CR\u00c8ME BAIN NUTRITIF 75 ML<\/p>\n","protected":false},"featured_media":1184,"comment_status":"open","ping_status":"closed","template":"","meta":[],"product_brand":[],"product_cat":[34],"product_tag":[],"class_list":{"0":"post-917","1":"product","2":"type-product","3":"status-publish","4":"has-post-thumbnail","6":"product_cat-34","7":"entry","9":"first","10":"instock","11":"taxable","12":"shipping-taxable","13":"purchasable","14":"product-type-simple"},"jetpack_sharing_enabled":true,"_links":{"self":[{"href":"https:\/\/healthstore.mc\/index.php\/wp-json\/wp\/v2\/product\/917","targetHints":{"allow":["GET"]}}],"collection":[{"href":"https:\/\/healthstore.mc\/index.php\/wp-json\/wp\/v2\/product"}],"about":[{"href":"https:\/\/healthstore.mc\/index.php\/wp-json\/wp\/v2\/types\/product"}],"replies":[{"embeddable":true,"href":"https:\/\/healthstore.mc\/index.php\/wp-json\/wp\/v2\/comments?post=917"}],"wp:featuredmedia":[{"embeddable":true,"href":"https:\/\/healthstore.mc\/index.php\/wp-json\/wp\/v2\/media\/1184"}],"wp:attachment":[{"href":"https:\/\/healthstore.mc\/index.php\/wp-json\/wp\/v2\/media?parent=917"}],"wp:term":[{"taxonomy":"product_brand","embeddable":true,"href":"https:\/\/healthstore.mc\/index.php\/wp-json\/wp\/v2\/product_brand?post=917"},{"taxonomy":"product_cat","embeddable":true,"href":"https:\/\/healthstore.mc\/index.php\/wp-json\/wp\/v2\/product_cat?post=917"},{"taxonomy":"product_tag","embeddable":true,"href":"https:\/\/healthstore.mc\/index.php\/wp-json\/wp\/v2\/product_tag?post=917"}],"curies":[{"name":"wp","href":"https:\/\/api.w.org\/{rel}","templated":true}]}}