{"id":918,"date":"2020-10-27T18:24:29","date_gmt":"2020-10-27T17:24:29","guid":{"rendered":"http:\/\/34.65.96.88\/index.php\/product\/huile-solaire-fort-150ml\/"},"modified":"2024-09-21T16:32:55","modified_gmt":"2024-09-21T14:32:55","slug":"huile-solaire-fort-150ml","status":"publish","type":"product","link":"https:\/\/healthstore.mc\/index.php\/product\/huile-solaire-fort-150ml\/","title":{"rendered":"Huile Solaire fort 150ml"},"content":{"rendered":"<p>L\u2019Huile Solaire Institut Esthederm associe la technologie brevet\u00e9e GLOBAL CELLULAR PROTECTION pr\u00e9ventive du photovieillissement \u00e0 la douceur d\u2019une huile s\u00e8che fondante et d\u00e9licate, au fini soyeux unique.<br \/>\nCe soin est l&rsquo;alli\u00e9 de toutes celles qui souhaitent conjuguer protection, bronzage sublime, pr\u00e9servation de la jeunesse et plaisir.<br \/>\nHuile s\u00e8che sans silicone, ni alcool.<br \/>\nStimule le bronzage naturel pour un r\u00e9sultat plus rapide, plus durable, et plus intense.<br \/>\nPr\u00e9vient le photo-vieillissement et les taches brunes : prot\u00e8ge l&rsquo;ADN, pr\u00e9vient les dommages cellulaires gr\u00e2ce \u00e0 la technologie brevet\u00e9e Global Cellular Protection.<br \/>\nActive le processus naturel de pigmentation : le bronzage est lumineux, intense, longue dur\u00e9e.<br \/>\nSublime et nourrit id\u00e9alement la peau et les cheveux.<\/p>\n","protected":false},"excerpt":{"rendered":"<p>HUILE SOLAIRE<br \/>\nHUILE SOLAIRE SOLEIL FORT 150 ML<\/p>\n","protected":false},"featured_media":1191,"comment_status":"open","ping_status":"closed","template":"","meta":[],"product_brand":[],"product_cat":[34],"product_tag":[],"class_list":{"0":"post-918","1":"product","2":"type-product","3":"status-publish","4":"has-post-thumbnail","6":"product_cat-34","7":"entry","9":"first","10":"instock","11":"taxable","12":"shipping-taxable","13":"purchasable","14":"product-type-simple"},"jetpack_sharing_enabled":true,"_links":{"self":[{"href":"https:\/\/healthstore.mc\/index.php\/wp-json\/wp\/v2\/product\/918","targetHints":{"allow":["GET"]}}],"collection":[{"href":"https:\/\/healthstore.mc\/index.php\/wp-json\/wp\/v2\/product"}],"about":[{"href":"https:\/\/healthstore.mc\/index.php\/wp-json\/wp\/v2\/types\/product"}],"replies":[{"embeddable":true,"href":"https:\/\/healthstore.mc\/index.php\/wp-json\/wp\/v2\/comments?post=918"}],"wp:featuredmedia":[{"embeddable":true,"href":"https:\/\/healthstore.mc\/index.php\/wp-json\/wp\/v2\/media\/1191"}],"wp:attachment":[{"href":"https:\/\/healthstore.mc\/index.php\/wp-json\/wp\/v2\/media?parent=918"}],"wp:term":[{"taxonomy":"product_brand","embeddable":true,"href":"https:\/\/healthstore.mc\/index.php\/wp-json\/wp\/v2\/product_brand?post=918"},{"taxonomy":"product_cat","embeddable":true,"href":"https:\/\/healthstore.mc\/index.php\/wp-json\/wp\/v2\/product_cat?post=918"},{"taxonomy":"product_tag","embeddable":true,"href":"https:\/\/healthstore.mc\/index.php\/wp-json\/wp\/v2\/product_tag?post=918"}],"curies":[{"name":"wp","href":"https:\/\/api.w.org\/{rel}","templated":true}]}}