{"id":919,"date":"2020-10-27T18:24:29","date_gmt":"2020-10-27T17:24:29","guid":{"rendered":"http:\/\/34.65.96.88\/index.php\/product\/no-sun-crme-50ml\/"},"modified":"2024-09-21T16:32:58","modified_gmt":"2024-09-21T14:32:58","slug":"no-sun-crme-50ml","status":"publish","type":"product","link":"https:\/\/healthstore.mc\/index.php\/product\/no-sun-crme-50ml\/","title":{"rendered":"No Sun cr\u00e8me 50ml"},"content":{"rendered":"<p>Tr\u00e8s haute protection solaire, longue dur\u00e9e.<br \/>\nRecommand\u00e9 en cas d\u2019exposition prolong\u00e9e dans des conditions d&rsquo;ensoleillement extr\u00eames, ou pour les peaux interdites de soleil : cicatrices, m\u00e9dication photosensibilisante (pilule, antibiotiques), post-traitements de m\u00e9decine esth\u00e9tique.<br \/>\n100% filtres min\u00e9raux, haute tol\u00e9rance, r\u00e9siste \u00e0 l\u2019eau et \u00e0 la transpiration.<br \/>\nTr\u00e8s haute protection solaire 100% min\u00e9rale, haute tol\u00e9rance, NO SUN pr\u00e9vient le photovieillissement, les dommages cellulaires et les risques de rougeur et d&rsquo;inflammation.<br \/>\nPr\u00e9vient le photo-vieillissement et les taches brunes : prot\u00e8ge l&rsquo;ADN, pr\u00e9vient les dommages cellulaires gr\u00e2ce \u00e0 la technologie brevet\u00e9e Global Cellular Protection.<\/p>\n","protected":false},"excerpt":{"rendered":"<p>SOINS TRES HAUTE PROTECTION &#8211; SOLEIL INTERDIT<br \/>\nNO SUN 50 ML<\/p>\n","protected":false},"featured_media":1173,"comment_status":"open","ping_status":"closed","template":"","meta":[],"product_brand":[],"product_cat":[34],"product_tag":[],"class_list":{"0":"post-919","1":"product","2":"type-product","3":"status-publish","4":"has-post-thumbnail","6":"product_cat-34","7":"entry","9":"first","10":"instock","11":"taxable","12":"shipping-taxable","13":"purchasable","14":"product-type-simple"},"jetpack_sharing_enabled":true,"_links":{"self":[{"href":"https:\/\/healthstore.mc\/index.php\/wp-json\/wp\/v2\/product\/919","targetHints":{"allow":["GET"]}}],"collection":[{"href":"https:\/\/healthstore.mc\/index.php\/wp-json\/wp\/v2\/product"}],"about":[{"href":"https:\/\/healthstore.mc\/index.php\/wp-json\/wp\/v2\/types\/product"}],"replies":[{"embeddable":true,"href":"https:\/\/healthstore.mc\/index.php\/wp-json\/wp\/v2\/comments?post=919"}],"wp:featuredmedia":[{"embeddable":true,"href":"https:\/\/healthstore.mc\/index.php\/wp-json\/wp\/v2\/media\/1173"}],"wp:attachment":[{"href":"https:\/\/healthstore.mc\/index.php\/wp-json\/wp\/v2\/media?parent=919"}],"wp:term":[{"taxonomy":"product_brand","embeddable":true,"href":"https:\/\/healthstore.mc\/index.php\/wp-json\/wp\/v2\/product_brand?post=919"},{"taxonomy":"product_cat","embeddable":true,"href":"https:\/\/healthstore.mc\/index.php\/wp-json\/wp\/v2\/product_cat?post=919"},{"taxonomy":"product_tag","embeddable":true,"href":"https:\/\/healthstore.mc\/index.php\/wp-json\/wp\/v2\/product_tag?post=919"}],"curies":[{"name":"wp","href":"https:\/\/api.w.org\/{rel}","templated":true}]}}