{"id":920,"date":"2020-10-27T18:24:29","date_gmt":"2020-10-27T17:24:29","guid":{"rendered":"http:\/\/34.65.96.88\/index.php\/product\/photo-regul-cr-50ml\/"},"modified":"2024-09-21T16:33:13","modified_gmt":"2024-09-21T14:33:13","slug":"photo-regul-cr-50ml","status":"publish","type":"product","link":"https:\/\/healthstore.mc\/index.php\/product\/photo-regul-cr-50ml\/","title":{"rendered":"Photo Regul cr 50ml"},"content":{"rendered":"<p>Le soin solaire PHOTO REGUL SOLEIL FORT permet d&rsquo;att\u00e9nuer les taches pigmentaires en r\u00e9duisant le contraste entre les zones hyperpigment\u00e9es et la peau bronz\u00e9e.<br \/>\nGarantit un bronzage uniforme et harmonieux, en tout s\u00e9curit\u00e9.<br \/>\nMinimise le risque d&rsquo;hyperpigmentations et favorise un bronzage uniforme.<br \/>\nPr\u00e9vient le photo-vieillissement et les taches brunes : prot\u00e8ge l&rsquo;ADN, pr\u00e9vient les dommages cellulaires gr\u00e2ce \u00e0 la technologie brevet\u00e9e Global Cellular Protection.<\/p>\n","protected":false},"excerpt":{"rendered":"<p>SOINS PEAUX HYPERPIGMENTEES<br \/>\nPHOTO REGUL 50 ML<\/p>\n","protected":false},"featured_media":1221,"comment_status":"open","ping_status":"closed","template":"","meta":[],"product_brand":[],"product_cat":[34],"product_tag":[],"class_list":{"0":"post-920","1":"product","2":"type-product","3":"status-publish","4":"has-post-thumbnail","6":"product_cat-34","7":"entry","9":"first","10":"instock","11":"taxable","12":"shipping-taxable","13":"purchasable","14":"product-type-simple"},"jetpack_sharing_enabled":true,"_links":{"self":[{"href":"https:\/\/healthstore.mc\/index.php\/wp-json\/wp\/v2\/product\/920","targetHints":{"allow":["GET"]}}],"collection":[{"href":"https:\/\/healthstore.mc\/index.php\/wp-json\/wp\/v2\/product"}],"about":[{"href":"https:\/\/healthstore.mc\/index.php\/wp-json\/wp\/v2\/types\/product"}],"replies":[{"embeddable":true,"href":"https:\/\/healthstore.mc\/index.php\/wp-json\/wp\/v2\/comments?post=920"}],"wp:featuredmedia":[{"embeddable":true,"href":"https:\/\/healthstore.mc\/index.php\/wp-json\/wp\/v2\/media\/1221"}],"wp:attachment":[{"href":"https:\/\/healthstore.mc\/index.php\/wp-json\/wp\/v2\/media?parent=920"}],"wp:term":[{"taxonomy":"product_brand","embeddable":true,"href":"https:\/\/healthstore.mc\/index.php\/wp-json\/wp\/v2\/product_brand?post=920"},{"taxonomy":"product_cat","embeddable":true,"href":"https:\/\/healthstore.mc\/index.php\/wp-json\/wp\/v2\/product_cat?post=920"},{"taxonomy":"product_tag","embeddable":true,"href":"https:\/\/healthstore.mc\/index.php\/wp-json\/wp\/v2\/product_tag?post=920"}],"curies":[{"name":"wp","href":"https:\/\/api.w.org\/{rel}","templated":true}]}}