{"id":922,"date":"2020-10-27T18:24:30","date_gmt":"2020-10-27T17:24:30","guid":{"rendered":"http:\/\/34.65.96.88\/index.php\/product\/esthes-poudre-ensoleil-15g\/"},"modified":"2024-09-21T16:33:28","modified_gmt":"2024-09-21T14:33:28","slug":"esthes-poudre-ensoleil-15g","status":"publish","type":"product","link":"https:\/\/healthstore.mc\/index.php\/product\/esthes-poudre-ensoleil-15g\/","title":{"rendered":"EstheS Poudre Ensoleil Protect 15g"},"content":{"rendered":"<p>La poudre ensoleillante prot\u00e8ge des dommages caus\u00e9s par le spectre solaire total<br \/>\n(UVB, UVA, IR, lumi\u00e8re visible) et par la pollution.<br \/>\nSublime le teint tout en prot\u00e9geant la peau des dommages environnementaux li\u00e9s au soleil et \u00e0 la pollution.<\/p>\n","protected":false},"excerpt":{"rendered":"<p>REFLETS DE SOLEIL<br \/>\nPOUDRE ENSOLEILLANTE PROTECTRICE &#8211; SOLEIL MOD\u00c9R\u00c9 15 G<\/p>\n","protected":false},"featured_media":1186,"comment_status":"open","ping_status":"closed","template":"","meta":[],"product_brand":[],"product_cat":[34],"product_tag":[],"class_list":{"0":"post-922","1":"product","2":"type-product","3":"status-publish","4":"has-post-thumbnail","6":"product_cat-34","7":"entry","9":"first","10":"instock","11":"taxable","12":"shipping-taxable","13":"purchasable","14":"product-type-simple"},"jetpack_sharing_enabled":true,"_links":{"self":[{"href":"https:\/\/healthstore.mc\/index.php\/wp-json\/wp\/v2\/product\/922","targetHints":{"allow":["GET"]}}],"collection":[{"href":"https:\/\/healthstore.mc\/index.php\/wp-json\/wp\/v2\/product"}],"about":[{"href":"https:\/\/healthstore.mc\/index.php\/wp-json\/wp\/v2\/types\/product"}],"replies":[{"embeddable":true,"href":"https:\/\/healthstore.mc\/index.php\/wp-json\/wp\/v2\/comments?post=922"}],"wp:featuredmedia":[{"embeddable":true,"href":"https:\/\/healthstore.mc\/index.php\/wp-json\/wp\/v2\/media\/1186"}],"wp:attachment":[{"href":"https:\/\/healthstore.mc\/index.php\/wp-json\/wp\/v2\/media?parent=922"}],"wp:term":[{"taxonomy":"product_brand","embeddable":true,"href":"https:\/\/healthstore.mc\/index.php\/wp-json\/wp\/v2\/product_brand?post=922"},{"taxonomy":"product_cat","embeddable":true,"href":"https:\/\/healthstore.mc\/index.php\/wp-json\/wp\/v2\/product_cat?post=922"},{"taxonomy":"product_tag","embeddable":true,"href":"https:\/\/healthstore.mc\/index.php\/wp-json\/wp\/v2\/product_tag?post=922"}],"curies":[{"name":"wp","href":"https:\/\/api.w.org\/{rel}","templated":true}]}}