{"id":923,"date":"2020-10-27T18:24:30","date_gmt":"2020-10-27T17:24:30","guid":{"rendered":"http:\/\/34.65.96.88\/index.php\/product\/excellage-cr-mains-50ml\/"},"modified":"2024-09-21T16:33:39","modified_gmt":"2024-09-21T14:33:39","slug":"excellage-cr-mains-50ml","status":"publish","type":"product","link":"https:\/\/healthstore.mc\/index.php\/product\/excellage-cr-mains-50ml\/","title":{"rendered":"Excellage cr mains 50ml"},"content":{"rendered":"","protected":false},"excerpt":{"rendered":"<div class=\"product-name\"><span class=\"h2\">EXCELLAGE<\/span><span class=\"h1\">CR\u00c8ME MAINS EXCELLAGE\u00a0<span class=\"product-contenance\">50 ML<\/span><\/span><\/div>\n<div><\/div>\n<div class=\"product-description\">\n<div class=\"std\">La premi\u00e8re cr\u00e8me mains Institut Esthederm qui r\u00e9active les connexines responsables des connexions cellulaires vitales et essentielles \u00e0 son maintien et fermet\u00e9.<\/p>\n<div class=\"product-collateral toggle-content tabs\"><\/div>\n<\/div>\n<div>&#8211; Peaux des mains marqu\u00e9es ou affin\u00e9es par le temps et en manque de confort.<br \/>\n&#8211; Taches pigmentaires<br \/>\n&#8211; Toutes peaux<\/div>\n<div>Appliquer sur les mains deux fois par jour.<\/p>\n<p>Ce soin peut \u00eatre r\u00e9appliqu\u00e9 aussi souvent que<br \/>\nn\u00e9cessaire.<\/p><\/div>\n<div>\u2022 Les mains sont imm\u00e9diatement r\u00e9confort\u00e9es et agr\u00e9ablement velout\u00e9es au toucher<br \/>\n\u2022 Tout au long de la journ\u00e9e, elles restent intens\u00e9ment hydrat\u00e9es, m\u00eame apr\u00e8s lavage<br \/>\n\u2022 Les mains sont envelopp\u00e9es d\u2019un voile velout\u00e9<br \/>\nnourrissant et r\u00e9confortant qui les renforce au<br \/>\nquotidien<br \/>\n\u2022 D\u00e9s 56 jours, les mains paraissent visiblement<br \/>\nplus jeunes pour 90 des femmes*<\/p>\n<p>*test d\u2019usage r\u00e9alis\u00e9 sous contr\u00f4le dermatologique 22 volontaires\/56 jours.<\/p><\/div>\n<\/div>\n","protected":false},"featured_media":2407,"comment_status":"open","ping_status":"closed","template":"","meta":[],"product_brand":[],"product_cat":[34],"product_tag":[],"class_list":{"0":"post-923","1":"product","2":"type-product","3":"status-publish","4":"has-post-thumbnail","6":"product_cat-34","7":"entry","9":"first","10":"instock","11":"taxable","12":"shipping-taxable","13":"purchasable","14":"product-type-simple"},"jetpack_sharing_enabled":true,"_links":{"self":[{"href":"https:\/\/healthstore.mc\/index.php\/wp-json\/wp\/v2\/product\/923","targetHints":{"allow":["GET"]}}],"collection":[{"href":"https:\/\/healthstore.mc\/index.php\/wp-json\/wp\/v2\/product"}],"about":[{"href":"https:\/\/healthstore.mc\/index.php\/wp-json\/wp\/v2\/types\/product"}],"replies":[{"embeddable":true,"href":"https:\/\/healthstore.mc\/index.php\/wp-json\/wp\/v2\/comments?post=923"}],"wp:featuredmedia":[{"embeddable":true,"href":"https:\/\/healthstore.mc\/index.php\/wp-json\/wp\/v2\/media\/2407"}],"wp:attachment":[{"href":"https:\/\/healthstore.mc\/index.php\/wp-json\/wp\/v2\/media?parent=923"}],"wp:term":[{"taxonomy":"product_brand","embeddable":true,"href":"https:\/\/healthstore.mc\/index.php\/wp-json\/wp\/v2\/product_brand?post=923"},{"taxonomy":"product_cat","embeddable":true,"href":"https:\/\/healthstore.mc\/index.php\/wp-json\/wp\/v2\/product_cat?post=923"},{"taxonomy":"product_tag","embeddable":true,"href":"https:\/\/healthstore.mc\/index.php\/wp-json\/wp\/v2\/product_tag?post=923"}],"curies":[{"name":"wp","href":"https:\/\/api.w.org\/{rel}","templated":true}]}}