{"id":924,"date":"2020-10-27T18:24:30","date_gmt":"2020-10-27T17:24:30","guid":{"rendered":"http:\/\/34.65.96.88\/index.php\/product\/esthed-eau-cell-brume-100ml-2\/"},"modified":"2024-09-21T16:33:46","modified_gmt":"2024-09-21T14:33:46","slug":"eau-cellulaire-brume-100ml","status":"publish","type":"product","link":"https:\/\/healthstore.mc\/index.php\/product\/eau-cellulaire-brume-100ml\/","title":{"rendered":"Eau Cellulaire Brume 100ml"},"content":{"rendered":"<p>Unique et brevet\u00e9e, l&rsquo;Eau cellulaire est au c\u0153ur de toutes les formules Esthederm.<br \/>\nCette brume de soin, proche de l&rsquo;eau de la peau, est en parfaite osmose avec les cellules et optimise leur vitalit\u00e9.<br \/>\nAussi puissante qu\u2019un s\u00e9rum, cette eau r\u00e9active la jeunesse cellulaire pour une peau visiblement plus belle et plus jeune, durablement.<br \/>\n. Sa formulation active booste imm\u00e9diatement l\u2019hydratation de tous vos soins appliqu\u00e9s apr\u00e8s.<br \/>\n. Sa technologie antioxydante avanc\u00e9e, v\u00e9ritable bouclier biologique, cible les 3 principales formes de radicaux libres, sources de vieillissement cutan\u00e9. La peau est ainsi mieux prot\u00e9g\u00e9e.<br \/>\n. Elle apporte aux cellules l\u2019\u00e9nergie dont elles ont besoin pour fonctionner id\u00e9alement.<\/p>\n","protected":false},"excerpt":{"rendered":"<p>EAU CELLULAIRE<br \/>\nBRUME D&rsquo;EAU CELLULAIRE 100 ML<\/p>\n","protected":false},"featured_media":1069,"comment_status":"open","ping_status":"closed","template":"","meta":[],"product_brand":[],"product_cat":[34],"product_tag":[],"class_list":{"0":"post-924","1":"product","2":"type-product","3":"status-publish","4":"has-post-thumbnail","6":"product_cat-34","7":"entry","9":"first","10":"outofstock","11":"taxable","12":"shipping-taxable","13":"purchasable","14":"product-type-simple"},"jetpack_sharing_enabled":true,"_links":{"self":[{"href":"https:\/\/healthstore.mc\/index.php\/wp-json\/wp\/v2\/product\/924","targetHints":{"allow":["GET"]}}],"collection":[{"href":"https:\/\/healthstore.mc\/index.php\/wp-json\/wp\/v2\/product"}],"about":[{"href":"https:\/\/healthstore.mc\/index.php\/wp-json\/wp\/v2\/types\/product"}],"replies":[{"embeddable":true,"href":"https:\/\/healthstore.mc\/index.php\/wp-json\/wp\/v2\/comments?post=924"}],"wp:featuredmedia":[{"embeddable":true,"href":"https:\/\/healthstore.mc\/index.php\/wp-json\/wp\/v2\/media\/1069"}],"wp:attachment":[{"href":"https:\/\/healthstore.mc\/index.php\/wp-json\/wp\/v2\/media?parent=924"}],"wp:term":[{"taxonomy":"product_brand","embeddable":true,"href":"https:\/\/healthstore.mc\/index.php\/wp-json\/wp\/v2\/product_brand?post=924"},{"taxonomy":"product_cat","embeddable":true,"href":"https:\/\/healthstore.mc\/index.php\/wp-json\/wp\/v2\/product_cat?post=924"},{"taxonomy":"product_tag","embeddable":true,"href":"https:\/\/healthstore.mc\/index.php\/wp-json\/wp\/v2\/product_tag?post=924"}],"curies":[{"name":"wp","href":"https:\/\/api.w.org\/{rel}","templated":true}]}}