{"id":926,"date":"2020-10-27T18:24:31","date_gmt":"2020-10-27T17:24:31","guid":{"rendered":"http:\/\/34.65.96.88\/index.php\/product\/intens-vitamine-e-serum-30ml\/"},"modified":"2024-09-21T16:34:10","modified_gmt":"2024-09-21T14:34:10","slug":"intens-vitamine-e-serum-30ml","status":"publish","type":"product","link":"https:\/\/healthstore.mc\/index.php\/product\/intens-vitamine-e-serum-30ml\/","title":{"rendered":"Intens Vitamine E serum 30ml"},"content":{"rendered":"<p>Institut Esthederm a associ\u00e9 2 formes compl\u00e9mentaires de Vitamine E, particuli\u00e8rement stables et hautement dos\u00e9es, pour cr\u00e9er un complexe exclusif, Vitamine E\u00b2.<br \/>\nCette association unique am\u00e9liore la disponibilit\u00e9 de la Vitamine E, et dope son efficacit\u00e9 anti-radicalaire et anti\u2010inflammatoire.<br \/>\n. Action anti-radicalaire : Vitamine E\u00b2 prot\u00e8ge les structures cellulaires des agressions environnementales, responsables de l&rsquo;acc\u00e9l\u00e9ration du vieillissement cutan\u00e9.<br \/>\n. Action apaisante : r\u00e9gule les m\u00e9canismes impliqu\u00e9s dans les r\u00e9actions d&rsquo;hyper-sensibilit\u00e9 cutan\u00e9e (rougeurs, irritations).<\/p>\n","protected":false},"excerpt":{"rendered":"<p>INTENSIVE<br \/>\nSERUM INTENSIVE VITAMINE E\u00b2 30 ML<\/p>\n","protected":false},"featured_media":1211,"comment_status":"open","ping_status":"closed","template":"","meta":[],"product_brand":[],"product_cat":[34],"product_tag":[],"class_list":{"0":"post-926","1":"product","2":"type-product","3":"status-publish","4":"has-post-thumbnail","6":"product_cat-34","7":"entry","9":"first","10":"instock","11":"taxable","12":"shipping-taxable","13":"purchasable","14":"product-type-simple"},"jetpack_sharing_enabled":true,"_links":{"self":[{"href":"https:\/\/healthstore.mc\/index.php\/wp-json\/wp\/v2\/product\/926","targetHints":{"allow":["GET"]}}],"collection":[{"href":"https:\/\/healthstore.mc\/index.php\/wp-json\/wp\/v2\/product"}],"about":[{"href":"https:\/\/healthstore.mc\/index.php\/wp-json\/wp\/v2\/types\/product"}],"replies":[{"embeddable":true,"href":"https:\/\/healthstore.mc\/index.php\/wp-json\/wp\/v2\/comments?post=926"}],"wp:featuredmedia":[{"embeddable":true,"href":"https:\/\/healthstore.mc\/index.php\/wp-json\/wp\/v2\/media\/1211"}],"wp:attachment":[{"href":"https:\/\/healthstore.mc\/index.php\/wp-json\/wp\/v2\/media?parent=926"}],"wp:term":[{"taxonomy":"product_brand","embeddable":true,"href":"https:\/\/healthstore.mc\/index.php\/wp-json\/wp\/v2\/product_brand?post=926"},{"taxonomy":"product_cat","embeddable":true,"href":"https:\/\/healthstore.mc\/index.php\/wp-json\/wp\/v2\/product_cat?post=926"},{"taxonomy":"product_tag","embeddable":true,"href":"https:\/\/healthstore.mc\/index.php\/wp-json\/wp\/v2\/product_tag?post=926"}],"curies":[{"name":"wp","href":"https:\/\/api.w.org\/{rel}","templated":true}]}}