{"id":927,"date":"2020-10-27T18:24:32","date_gmt":"2020-10-27T17:24:32","guid":{"rendered":"http:\/\/34.65.96.88\/index.php\/product\/minceur-glauscine-cr-200ml\/"},"modified":"2024-09-21T16:34:14","modified_gmt":"2024-09-21T14:34:14","slug":"minceur-glauscine-cr-200ml","status":"publish","type":"product","link":"https:\/\/healthstore.mc\/index.php\/product\/minceur-glauscine-cr-200ml\/","title":{"rendered":"Minceur glauscine cr 200ml"},"content":{"rendered":"<p>Cette cr\u00e8me est un programme d&rsquo;un mois renouvelable, sp\u00e9cifique cellulite incrust\u00e9e et r\u00e9sistante.<br \/>\nDiminue les signes visibles de la cellulite.<br \/>\nFavorise l&rsquo;\u00e9limination des surcharges graisseuses dans les tissus : les capitons diminuent, la peau est plus lisse.<br \/>\nContribue \u00e0 l&rsquo;\u00e9limination des stocks de lipides : \u00e9limination des graisses pour des r\u00e9sultats amincissants intensifi\u00e9s et acc\u00e9l\u00e9r\u00e9s.<br \/>\nFavorise l&rsquo;\u00e9limination de l&rsquo;eau dans les tissus : effet drainant efficace et durable.<\/p>\n","protected":false},"excerpt":{"rendered":"<p>MINCEUR<br \/>\nINTENSIVE GLAUSCINE CR\u00c8ME 200 ML<\/p>\n","protected":false},"featured_media":1167,"comment_status":"open","ping_status":"closed","template":"","meta":[],"product_brand":[],"product_cat":[34],"product_tag":[],"class_list":{"0":"post-927","1":"product","2":"type-product","3":"status-publish","4":"has-post-thumbnail","6":"product_cat-34","7":"entry","9":"first","10":"instock","11":"taxable","12":"shipping-taxable","13":"purchasable","14":"product-type-simple"},"jetpack_sharing_enabled":true,"_links":{"self":[{"href":"https:\/\/healthstore.mc\/index.php\/wp-json\/wp\/v2\/product\/927","targetHints":{"allow":["GET"]}}],"collection":[{"href":"https:\/\/healthstore.mc\/index.php\/wp-json\/wp\/v2\/product"}],"about":[{"href":"https:\/\/healthstore.mc\/index.php\/wp-json\/wp\/v2\/types\/product"}],"replies":[{"embeddable":true,"href":"https:\/\/healthstore.mc\/index.php\/wp-json\/wp\/v2\/comments?post=927"}],"wp:featuredmedia":[{"embeddable":true,"href":"https:\/\/healthstore.mc\/index.php\/wp-json\/wp\/v2\/media\/1167"}],"wp:attachment":[{"href":"https:\/\/healthstore.mc\/index.php\/wp-json\/wp\/v2\/media?parent=927"}],"wp:term":[{"taxonomy":"product_brand","embeddable":true,"href":"https:\/\/healthstore.mc\/index.php\/wp-json\/wp\/v2\/product_brand?post=927"},{"taxonomy":"product_cat","embeddable":true,"href":"https:\/\/healthstore.mc\/index.php\/wp-json\/wp\/v2\/product_cat?post=927"},{"taxonomy":"product_tag","embeddable":true,"href":"https:\/\/healthstore.mc\/index.php\/wp-json\/wp\/v2\/product_tag?post=927"}],"curies":[{"name":"wp","href":"https:\/\/api.w.org\/{rel}","templated":true}]}}