{"id":929,"date":"2020-10-27T18:24:32","date_gmt":"2020-10-27T17:24:32","guid":{"rendered":"http:\/\/34.65.96.88\/index.php\/product\/aha-peel-serum-doux-30ml\/"},"modified":"2024-09-21T16:34:27","modified_gmt":"2024-09-21T14:34:27","slug":"intens-aha-serum-doux-30ml","status":"publish","type":"product","link":"https:\/\/healthstore.mc\/index.php\/product\/intens-aha-serum-doux-30ml\/","title":{"rendered":"Intens AHA Serum doux 30ml"},"content":{"rendered":"<p>Le s\u00e9rum effet \u00ab\u00a0belle peau\u00a0\u00bb apr\u00e8s l&rsquo;\u00e9t\u00e9.<br \/>\nIntervention micro-relief, les pores dilat\u00e9s et les teints ternes.<br \/>\nTexture fluide, l\u00e9g\u00e8re, non grasse.<br \/>\nProlonge les effets de peelings chimiques et compl\u00e9ent des fillers et du botox (grain de peau).<\/p>\n","protected":false},"excerpt":{"rendered":"<p>INTENSIVE<br \/>\nSERUM DOUX INTENSIVE AHA PEEL 30 ML<\/p>\n","protected":false},"featured_media":1028,"comment_status":"open","ping_status":"closed","template":"","meta":[],"product_brand":[],"product_cat":[34],"product_tag":[],"class_list":{"0":"post-929","1":"product","2":"type-product","3":"status-publish","4":"has-post-thumbnail","6":"product_cat-34","7":"entry","9":"first","10":"outofstock","11":"taxable","12":"shipping-taxable","13":"purchasable","14":"product-type-simple"},"jetpack_sharing_enabled":true,"_links":{"self":[{"href":"https:\/\/healthstore.mc\/index.php\/wp-json\/wp\/v2\/product\/929","targetHints":{"allow":["GET"]}}],"collection":[{"href":"https:\/\/healthstore.mc\/index.php\/wp-json\/wp\/v2\/product"}],"about":[{"href":"https:\/\/healthstore.mc\/index.php\/wp-json\/wp\/v2\/types\/product"}],"replies":[{"embeddable":true,"href":"https:\/\/healthstore.mc\/index.php\/wp-json\/wp\/v2\/comments?post=929"}],"wp:featuredmedia":[{"embeddable":true,"href":"https:\/\/healthstore.mc\/index.php\/wp-json\/wp\/v2\/media\/1028"}],"wp:attachment":[{"href":"https:\/\/healthstore.mc\/index.php\/wp-json\/wp\/v2\/media?parent=929"}],"wp:term":[{"taxonomy":"product_brand","embeddable":true,"href":"https:\/\/healthstore.mc\/index.php\/wp-json\/wp\/v2\/product_brand?post=929"},{"taxonomy":"product_cat","embeddable":true,"href":"https:\/\/healthstore.mc\/index.php\/wp-json\/wp\/v2\/product_cat?post=929"},{"taxonomy":"product_tag","embeddable":true,"href":"https:\/\/healthstore.mc\/index.php\/wp-json\/wp\/v2\/product_tag?post=929"}],"curies":[{"name":"wp","href":"https:\/\/api.w.org\/{rel}","templated":true}]}}